{"id":925,"date":"2019-10-22T15:05:09","date_gmt":"2019-10-22T15:05:09","guid":{"rendered":"https:\/\/www.icomfort.ca\/?post_type=product&#038;p=925"},"modified":"2019-10-22T15:17:11","modified_gmt":"2019-10-22T15:17:11","slug":"ic0946-copy","status":"publish","type":"product","link":"https:\/\/www.icomfort.ca\/fr\/produit\/ic0946-copy\/","title":{"rendered":"IC0955"},"content":{"rendered":"<h3>Masseur portatif ic0955<\/h3>\n<p>Obtenez un massage relaxant pour la nuque, les \u00e9paules et le dos d&rsquo;un simple effleurement de l&rsquo;interrupteur, vous recevrez un massage apaisant et vivifiant qui fonctionne \u00e0 merveille sur les muscles fatigu\u00e9s. Son syst\u00e8me de p\u00e9trissement \u00e0 haute performance peut \u00eatre utilis\u00e9 pour les \u00e9paules, le dos, la taille, les cuisses ou les jambes. Le iComfort\u00ae IC0955 vous offre un massage relaxant dans le confort de votre demeure. Vous en sentirez la diff\u00e9rence.<\/p>\n<p><strong>Caract\u00e9ristiques :<\/strong><\/p>\n<ul>\n<li>Deux mode frottage et p\u00e9trissage<\/li>\n<li>Design ergonomique pour le cou et les \u00e9paule<\/li>\n<li>Chaleur infra-rouge<\/li>\n<li>Changement directionnel de la rotation automatique ou manuel<\/li>\n<li>Recouvrement en Polyur\u00e9thane de haute qualit\u00e9<\/li>\n<li>Choix de 3 vitesse de massage<\/li>\n<\/ul>\n","protected":false},"excerpt":{"rendered":"<p>Masseur portatif ic0955 Obtenez un massage relaxant pour la nuque, les \u00e9paules et le dos d&rsquo;un simple effleurement de l&rsquo;interrupteur, vous recevrez un massage apaisant et vivifiant qui fonctionne \u00e0 merveille sur les muscles fatigu\u00e9s. Son syst\u00e8me de p\u00e9trissement \u00e0 haute performance peut \u00eatre utilis\u00e9 pour les \u00e9paules, le dos, la taille, les cuisses ou [&hellip;]<\/p>\n","protected":false},"featured_media":927,"template":"","meta":{"_acf_changed":false},"product_brand":[],"product_cat":[107],"product_tag":[],"class_list":{"0":"post-925","1":"product","2":"type-product","3":"status-publish","4":"has-post-thumbnail","6":"product_cat-masseurs-electriques","8":"first","9":"instock","10":"shipping-taxable","11":"purchasable","12":"product-type-simple"},"acf":[],"yoast_head":"<!-- This site is optimized with the Yoast SEO plugin v27.5 - https:\/\/yoast.com\/product\/yoast-seo-wordpress\/ -->\n<title>IC0955 | EBI iComfort<\/title>\n<meta name=\"robots\" content=\"index, follow, max-snippet:-1, max-image-preview:large, max-video-preview:-1\" \/>\n<link rel=\"canonical\" href=\"https:\/\/www.icomfort.ca\/fr\/produit\/ic0946-copy\/\" \/>\n<meta property=\"og:locale\" content=\"fr_FR\" \/>\n<meta property=\"og:type\" content=\"article\" \/>\n<meta property=\"og:title\" content=\"IC0955 | EBI iComfort\" \/>\n<meta property=\"og:description\" content=\"Masseur portatif ic0955 Obtenez un massage relaxant pour la nuque, les \u00e9paules et le dos d&rsquo;un simple effleurement de l&rsquo;interrupteur, vous recevrez un massage apaisant et vivifiant qui fonctionne \u00e0 merveille sur les muscles fatigu\u00e9s. Son syst\u00e8me de p\u00e9trissement \u00e0 haute performance peut \u00eatre utilis\u00e9 pour les \u00e9paules, le dos, la taille, les cuisses ou [&hellip;]\" \/>\n<meta property=\"og:url\" content=\"https:\/\/www.icomfort.ca\/fr\/produit\/ic0946-copy\/\" \/>\n<meta property=\"og:site_name\" content=\"EBI iComfort\" \/>\n<meta property=\"article:modified_time\" content=\"2019-10-22T15:17:11+00:00\" \/>\n<meta property=\"og:image\" content=\"https:\/\/www.icomfort.ca\/wp-content\/uploads\/2019\/10\/ic0955.jpg\" \/>\n\t<meta property=\"og:image:width\" content=\"1000\" \/>\n\t<meta property=\"og:image:height\" content=\"1000\" \/>\n\t<meta property=\"og:image:type\" content=\"image\/jpeg\" \/>\n<meta name=\"twitter:card\" content=\"summary_large_image\" \/>\n<meta name=\"twitter:label1\" content=\"Dur\u00e9e de lecture estim\u00e9e\" \/>\n\t<meta name=\"twitter:data1\" content=\"1 minute\" \/>\n<script type=\"application\/ld+json\" class=\"yoast-schema-graph\">{\"@context\":\"https:\\\/\\\/schema.org\",\"@graph\":[{\"@type\":\"WebPage\",\"@id\":\"https:\\\/\\\/www.icomfort.ca\\\/fr\\\/produit\\\/ic0946-copy\\\/\",\"url\":\"https:\\\/\\\/www.icomfort.ca\\\/fr\\\/produit\\\/ic0946-copy\\\/\",\"name\":\"IC0955 | EBI iComfort\",\"isPartOf\":{\"@id\":\"https:\\\/\\\/www.icomfort.ca\\\/fr\\\/#website\"},\"primaryImageOfPage\":{\"@id\":\"https:\\\/\\\/www.icomfort.ca\\\/fr\\\/produit\\\/ic0946-copy\\\/#primaryimage\"},\"image\":{\"@id\":\"https:\\\/\\\/www.icomfort.ca\\\/fr\\\/produit\\\/ic0946-copy\\\/#primaryimage\"},\"thumbnailUrl\":\"https:\\\/\\\/www.icomfort.ca\\\/wp-content\\\/uploads\\\/2019\\\/10\\\/ic0955.jpg\",\"datePublished\":\"2019-10-22T15:05:09+00:00\",\"dateModified\":\"2019-10-22T15:17:11+00:00\",\"breadcrumb\":{\"@id\":\"https:\\\/\\\/www.icomfort.ca\\\/fr\\\/produit\\\/ic0946-copy\\\/#breadcrumb\"},\"inLanguage\":\"fr-FR\",\"potentialAction\":[{\"@type\":\"ReadAction\",\"target\":[\"https:\\\/\\\/www.icomfort.ca\\\/fr\\\/produit\\\/ic0946-copy\\\/\"]}]},{\"@type\":\"ImageObject\",\"inLanguage\":\"fr-FR\",\"@id\":\"https:\\\/\\\/www.icomfort.ca\\\/fr\\\/produit\\\/ic0946-copy\\\/#primaryimage\",\"url\":\"https:\\\/\\\/www.icomfort.ca\\\/wp-content\\\/uploads\\\/2019\\\/10\\\/ic0955.jpg\",\"contentUrl\":\"https:\\\/\\\/www.icomfort.ca\\\/wp-content\\\/uploads\\\/2019\\\/10\\\/ic0955.jpg\",\"width\":1000,\"height\":1000},{\"@type\":\"BreadcrumbList\",\"@id\":\"https:\\\/\\\/www.icomfort.ca\\\/fr\\\/produit\\\/ic0946-copy\\\/#breadcrumb\",\"itemListElement\":[{\"@type\":\"ListItem\",\"position\":1,\"name\":\"Accueil\",\"item\":\"https:\\\/\\\/www.icomfort.ca\\\/fr\\\/home\\\/\"},{\"@type\":\"ListItem\",\"position\":2,\"name\":\"Masseurs \u00e9lectriques\",\"item\":\"https:\\\/\\\/www.icomfort.ca\\\/fr\\\/categorie-produit\\\/masseurs-electriques\\\/\"},{\"@type\":\"ListItem\",\"position\":3,\"name\":\"IC0955\"}]},{\"@type\":\"WebSite\",\"@id\":\"https:\\\/\\\/www.icomfort.ca\\\/fr\\\/#website\",\"url\":\"https:\\\/\\\/www.icomfort.ca\\\/fr\\\/\",\"name\":\"EBI iComfort\",\"description\":\"Escape to a place of pure bliss\",\"publisher\":{\"@id\":\"https:\\\/\\\/www.icomfort.ca\\\/fr\\\/#organization\"},\"potentialAction\":[{\"@type\":\"SearchAction\",\"target\":{\"@type\":\"EntryPoint\",\"urlTemplate\":\"https:\\\/\\\/www.icomfort.ca\\\/fr\\\/?s={search_term_string}\"},\"query-input\":{\"@type\":\"PropertyValueSpecification\",\"valueRequired\":true,\"valueName\":\"search_term_string\"}}],\"inLanguage\":\"fr-FR\"},{\"@type\":\"Organization\",\"@id\":\"https:\\\/\\\/www.icomfort.ca\\\/fr\\\/#organization\",\"name\":\"EBI iComfort\",\"url\":\"https:\\\/\\\/www.icomfort.ca\\\/fr\\\/\",\"logo\":{\"@type\":\"ImageObject\",\"inLanguage\":\"fr-FR\",\"@id\":\"https:\\\/\\\/www.icomfort.ca\\\/fr\\\/#\\\/schema\\\/logo\\\/image\\\/\",\"url\":\"https:\\\/\\\/www.icomfort.ca\\\/wp-content\\\/uploads\\\/2019\\\/10\\\/logo-icomfort.png\",\"contentUrl\":\"https:\\\/\\\/www.icomfort.ca\\\/wp-content\\\/uploads\\\/2019\\\/10\\\/logo-icomfort.png\",\"width\":177,\"height\":115,\"caption\":\"EBI iComfort\"},\"image\":{\"@id\":\"https:\\\/\\\/www.icomfort.ca\\\/fr\\\/#\\\/schema\\\/logo\\\/image\\\/\"}}]}<\/script>\n<!-- \/ Yoast SEO plugin. -->","yoast_head_json":{"title":"IC0955 | EBI iComfort","robots":{"index":"index","follow":"follow","max-snippet":"max-snippet:-1","max-image-preview":"max-image-preview:large","max-video-preview":"max-video-preview:-1"},"canonical":"https:\/\/www.icomfort.ca\/fr\/produit\/ic0946-copy\/","og_locale":"fr_FR","og_type":"article","og_title":"IC0955 | EBI iComfort","og_description":"Masseur portatif ic0955 Obtenez un massage relaxant pour la nuque, les \u00e9paules et le dos d&rsquo;un simple effleurement de l&rsquo;interrupteur, vous recevrez un massage apaisant et vivifiant qui fonctionne \u00e0 merveille sur les muscles fatigu\u00e9s. Son syst\u00e8me de p\u00e9trissement \u00e0 haute performance peut \u00eatre utilis\u00e9 pour les \u00e9paules, le dos, la taille, les cuisses ou [&hellip;]","og_url":"https:\/\/www.icomfort.ca\/fr\/produit\/ic0946-copy\/","og_site_name":"EBI iComfort","article_modified_time":"2019-10-22T15:17:11+00:00","og_image":[{"width":1000,"height":1000,"url":"https:\/\/www.icomfort.ca\/wp-content\/uploads\/2019\/10\/ic0955.jpg","type":"image\/jpeg"}],"twitter_card":"summary_large_image","twitter_misc":{"Dur\u00e9e de lecture estim\u00e9e":"1 minute"},"schema":{"@context":"https:\/\/schema.org","@graph":[{"@type":"WebPage","@id":"https:\/\/www.icomfort.ca\/fr\/produit\/ic0946-copy\/","url":"https:\/\/www.icomfort.ca\/fr\/produit\/ic0946-copy\/","name":"IC0955 | EBI iComfort","isPartOf":{"@id":"https:\/\/www.icomfort.ca\/fr\/#website"},"primaryImageOfPage":{"@id":"https:\/\/www.icomfort.ca\/fr\/produit\/ic0946-copy\/#primaryimage"},"image":{"@id":"https:\/\/www.icomfort.ca\/fr\/produit\/ic0946-copy\/#primaryimage"},"thumbnailUrl":"https:\/\/www.icomfort.ca\/wp-content\/uploads\/2019\/10\/ic0955.jpg","datePublished":"2019-10-22T15:05:09+00:00","dateModified":"2019-10-22T15:17:11+00:00","breadcrumb":{"@id":"https:\/\/www.icomfort.ca\/fr\/produit\/ic0946-copy\/#breadcrumb"},"inLanguage":"fr-FR","potentialAction":[{"@type":"ReadAction","target":["https:\/\/www.icomfort.ca\/fr\/produit\/ic0946-copy\/"]}]},{"@type":"ImageObject","inLanguage":"fr-FR","@id":"https:\/\/www.icomfort.ca\/fr\/produit\/ic0946-copy\/#primaryimage","url":"https:\/\/www.icomfort.ca\/wp-content\/uploads\/2019\/10\/ic0955.jpg","contentUrl":"https:\/\/www.icomfort.ca\/wp-content\/uploads\/2019\/10\/ic0955.jpg","width":1000,"height":1000},{"@type":"BreadcrumbList","@id":"https:\/\/www.icomfort.ca\/fr\/produit\/ic0946-copy\/#breadcrumb","itemListElement":[{"@type":"ListItem","position":1,"name":"Accueil","item":"https:\/\/www.icomfort.ca\/fr\/home\/"},{"@type":"ListItem","position":2,"name":"Masseurs \u00e9lectriques","item":"https:\/\/www.icomfort.ca\/fr\/categorie-produit\/masseurs-electriques\/"},{"@type":"ListItem","position":3,"name":"IC0955"}]},{"@type":"WebSite","@id":"https:\/\/www.icomfort.ca\/fr\/#website","url":"https:\/\/www.icomfort.ca\/fr\/","name":"EBI iComfort","description":"Escape to a place of pure bliss","publisher":{"@id":"https:\/\/www.icomfort.ca\/fr\/#organization"},"potentialAction":[{"@type":"SearchAction","target":{"@type":"EntryPoint","urlTemplate":"https:\/\/www.icomfort.ca\/fr\/?s={search_term_string}"},"query-input":{"@type":"PropertyValueSpecification","valueRequired":true,"valueName":"search_term_string"}}],"inLanguage":"fr-FR"},{"@type":"Organization","@id":"https:\/\/www.icomfort.ca\/fr\/#organization","name":"EBI iComfort","url":"https:\/\/www.icomfort.ca\/fr\/","logo":{"@type":"ImageObject","inLanguage":"fr-FR","@id":"https:\/\/www.icomfort.ca\/fr\/#\/schema\/logo\/image\/","url":"https:\/\/www.icomfort.ca\/wp-content\/uploads\/2019\/10\/logo-icomfort.png","contentUrl":"https:\/\/www.icomfort.ca\/wp-content\/uploads\/2019\/10\/logo-icomfort.png","width":177,"height":115,"caption":"EBI iComfort"},"image":{"@id":"https:\/\/www.icomfort.ca\/fr\/#\/schema\/logo\/image\/"}}]}},"post_mailing_queue_ids":[],"_links":{"self":[{"href":"https:\/\/www.icomfort.ca\/fr\/wp-json\/wp\/v2\/product\/925","targetHints":{"allow":["GET"]}}],"collection":[{"href":"https:\/\/www.icomfort.ca\/fr\/wp-json\/wp\/v2\/product"}],"about":[{"href":"https:\/\/www.icomfort.ca\/fr\/wp-json\/wp\/v2\/types\/product"}],"wp:featuredmedia":[{"embeddable":true,"href":"https:\/\/www.icomfort.ca\/fr\/wp-json\/wp\/v2\/media\/927"}],"wp:attachment":[{"href":"https:\/\/www.icomfort.ca\/fr\/wp-json\/wp\/v2\/media?parent=925"}],"wp:term":[{"taxonomy":"product_brand","embeddable":true,"href":"https:\/\/www.icomfort.ca\/fr\/wp-json\/wp\/v2\/product_brand?post=925"},{"taxonomy":"product_cat","embeddable":true,"href":"https:\/\/www.icomfort.ca\/fr\/wp-json\/wp\/v2\/product_cat?post=925"},{"taxonomy":"product_tag","embeddable":true,"href":"https:\/\/www.icomfort.ca\/fr\/wp-json\/wp\/v2\/product_tag?post=925"}],"curies":[{"name":"wp","href":"https:\/\/api.w.org\/{rel}","templated":true}]}}