{"id":731,"date":"2019-08-27T19:07:23","date_gmt":"2019-08-27T19:07:23","guid":{"rendered":"https:\/\/www.icomfort.ca\/product\/ic7000-black-2\/"},"modified":"2019-10-09T19:26:06","modified_gmt":"2019-10-09T19:26:06","slug":"ic7000-black-2","status":"publish","type":"product","link":"https:\/\/www.icomfort.ca\/fr\/produit\/ic7000-black-2\/","title":{"rendered":"IC7000-Black"},"content":{"rendered":"<h3>Chaise de massage iComfort\u00ae ic7000<\/h3>\n<p>Soulagez votre tension et \u00e9liminez le stress avec notre fauteuil de massage iComfort\u00ae ic7000 haut de gamme. Vous vous sentirez comme si vous aviez votre propre massoth\u00e9rapeute. La technologie de num\u00e9risation du corps cartographie le corps de chaque utilisateur pour fournir un massage personnalis\u00e9. Le repose-pied articul\u00e9 et tr\u00e8s pratique vous offre un maximum d&rsquo;options de configuration. Le fauteuil de massage iComfort\u00ae ic7000 reproduit plus de 5 th\u00e9rapies de massage con\u00e7ues pour vous offrir la sensation d&rsquo;un massage professionnel dans le confort de votre propre maison! Le fauteuil de massage iComfort\u00ae ic7000 vous procurera de nombreuses ann\u00e9es de massage apaisant et de confort.<br \/>\n<\/br><\/br><br \/>\n<strong>Syst\u00e8me de massage unique en forme de L<\/strong><\/br><br \/>\nLe m\u00e9canisme de massage masse du cou jusqu\u2019au fessier en un seul mouvement (108cm). Ceci am\u00e9liore grandement le r\u00e9alisme<br \/>\ndu massage.<br \/>\n<\/br><\/br><br \/>\n<strong>Exp\u00e9rience de massage envoutant<\/strong><\/br><br \/>\nLa chaise de massage iComfort ic7000 offre un massage complet qui couvre plusieurs parties de votre corps.<br \/>\n<\/br><\/br><br \/>\n<strong>5 types de massages \u00e0 haute performance<\/strong><\/br><br \/>\n<\/br><br \/>\n<strong>Chaleur pour le dos<\/strong><\/br><br \/>\nS\u00e9lectionnez le mode de chaleur \u00e0 votre convenance afin de vous sentir confortable et temp\u00e9r\u00e9<br \/>\n<\/br><\/br><br \/>\n<strong>Z\u00e9ro Gravit\u00e9<\/strong><\/br><br \/>\nLa fonctionnalit\u00e9 Z\u00e9ro Gravit\u00e9 offre un effet d\u2019apesanteur en \u00e9levant les jambes au-dessus du c\u0153ur et en positionnant la colonne vert\u00e9brale sur un plan horizontal. Z\u00e9ro Gravit\u00e9 est reconnue pour simuler une sensation de flottement et offrir un effet de relaxation.<br \/>\n<\/br><\/br><br \/>\n<strong>Technologie \u00e9conomiseur d\u2019espace<\/strong><\/br><br \/>\nCette chaise de massage n\u00e9cessite moins de 1cm d&rsquo;espace \u00e0 partir du mur arri\u00e8re. Le m\u00e9canisme de bascule se d\u00e9pla\u00e7ant d&rsquo;abord vers l&rsquo;avant puis en arri\u00e8re quand il est activ\u00e9. Il r\u00e9sout facilement le probl\u00e8me majeur des autres fauteuils de massage, n\u00e9cessitant jusqu&rsquo;\u00e0 100 cm d\u2019espace arri\u00e8re. Plus besoin de d\u00e9placer la chaise avant de l\u2019utiliser. Vous pouvez la positionner comme un meuble ordinaire!<br \/>\n<\/br><\/br><br \/>\n<strong>Syst\u00e8me de massage par compression<\/strong><\/br><br \/>\nSyst\u00e8me de massage par compression avec 32 sacs gonflables.<br \/>\n<\/br><\/br><br \/>\n<strong>Massage \u00e0 compression de l&rsquo;air du pied et du mollet<\/strong><\/br><br \/>\nLes sacs gonflables multiples sur les c\u00f4t\u00e9s, \u00e0 l&rsquo;arri\u00e8re des jambes et sur les c\u00f4t\u00e9s des pieds gonflent afin d&rsquo;appliquer un massage par compression. Situ\u00e9es sous les pieds sont des petites boules de points de pression qui administrent un massage pr\u00e9cis et concentr\u00e9.<br \/>\n <\/br><\/br><br \/>\n<strong>Ajustable pour diff\u00e9rent gabarit<\/strong><\/br><br \/>\nVous pouvez ajuster la section du massage des jambes selon votre grandeur<br \/>\n<\/br><\/br><br \/>\n<strong>T\u00e9l\u00e9commande facile \u00e0 utiliser<\/strong><\/br><br \/>\nLa chaise de massage iComfort ic7000 utilise une nouvelle commande \u00e0 distance tr\u00e8s facile \u00e0 utiliser<br \/>\n<\/br><\/p>\n","protected":false},"excerpt":{"rendered":"<p>Chaise de massage iComfort\u00ae ic7000 Soulagez votre tension et \u00e9liminez le stress avec notre fauteuil de massage iComfort\u00ae ic7000 haut de gamme. Vous vous sentirez comme si vous aviez votre propre massoth\u00e9rapeute. La technologie de num\u00e9risation du corps cartographie le corps de chaque utilisateur pour fournir un massage personnalis\u00e9. Le repose-pied articul\u00e9 et tr\u00e8s pratique [&hellip;]<\/p>\n","protected":false},"featured_media":732,"template":"","meta":{"_acf_changed":false},"product_brand":[],"product_cat":[102],"product_tag":[],"class_list":{"0":"post-731","1":"product","2":"type-product","3":"status-publish","4":"has-post-thumbnail","6":"product_cat-chaises-de-massage","8":"first","9":"instock","10":"shipping-taxable","11":"purchasable","12":"product-type-simple"},"acf":[],"yoast_head":"<!-- This site is optimized with the Yoast SEO plugin v27.4 - https:\/\/yoast.com\/product\/yoast-seo-wordpress\/ -->\n<title>IC7000-Black | EBI iComfort<\/title>\n<meta name=\"robots\" content=\"index, follow, max-snippet:-1, max-image-preview:large, max-video-preview:-1\" \/>\n<link rel=\"canonical\" href=\"https:\/\/www.icomfort.ca\/fr\/produit\/ic7000-black-2\/\" \/>\n<meta property=\"og:locale\" content=\"fr_FR\" \/>\n<meta property=\"og:type\" content=\"article\" \/>\n<meta property=\"og:title\" content=\"IC7000-Black | EBI iComfort\" \/>\n<meta property=\"og:description\" content=\"Chaise de massage iComfort\u00ae ic7000 Soulagez votre tension et \u00e9liminez le stress avec notre fauteuil de massage iComfort\u00ae ic7000 haut de gamme. Vous vous sentirez comme si vous aviez votre propre massoth\u00e9rapeute. La technologie de num\u00e9risation du corps cartographie le corps de chaque utilisateur pour fournir un massage personnalis\u00e9. Le repose-pied articul\u00e9 et tr\u00e8s pratique [&hellip;]\" \/>\n<meta property=\"og:url\" content=\"https:\/\/www.icomfort.ca\/fr\/produit\/ic7000-black-2\/\" \/>\n<meta property=\"og:site_name\" content=\"EBI iComfort\" \/>\n<meta property=\"article:modified_time\" content=\"2019-10-09T19:26:06+00:00\" \/>\n<meta property=\"og:image\" content=\"https:\/\/www.icomfort.ca\/wp-content\/uploads\/2019\/08\/IC7000-black-1.jpg\" \/>\n\t<meta property=\"og:image:width\" content=\"1000\" \/>\n\t<meta property=\"og:image:height\" content=\"1000\" \/>\n\t<meta property=\"og:image:type\" content=\"image\/jpeg\" \/>\n<meta name=\"twitter:card\" content=\"summary_large_image\" \/>\n<meta name=\"twitter:label1\" content=\"Dur\u00e9e de lecture estim\u00e9e\" \/>\n\t<meta name=\"twitter:data1\" content=\"2 minutes\" \/>\n<script type=\"application\/ld+json\" class=\"yoast-schema-graph\">{\"@context\":\"https:\\\/\\\/schema.org\",\"@graph\":[{\"@type\":\"WebPage\",\"@id\":\"https:\\\/\\\/www.icomfort.ca\\\/fr\\\/produit\\\/ic7000-black-2\\\/\",\"url\":\"https:\\\/\\\/www.icomfort.ca\\\/fr\\\/produit\\\/ic7000-black-2\\\/\",\"name\":\"IC7000-Black | EBI iComfort\",\"isPartOf\":{\"@id\":\"https:\\\/\\\/www.icomfort.ca\\\/fr\\\/#website\"},\"primaryImageOfPage\":{\"@id\":\"https:\\\/\\\/www.icomfort.ca\\\/fr\\\/produit\\\/ic7000-black-2\\\/#primaryimage\"},\"image\":{\"@id\":\"https:\\\/\\\/www.icomfort.ca\\\/fr\\\/produit\\\/ic7000-black-2\\\/#primaryimage\"},\"thumbnailUrl\":\"https:\\\/\\\/www.icomfort.ca\\\/wp-content\\\/uploads\\\/2019\\\/08\\\/IC7000-black-1.jpg\",\"datePublished\":\"2019-08-27T19:07:23+00:00\",\"dateModified\":\"2019-10-09T19:26:06+00:00\",\"breadcrumb\":{\"@id\":\"https:\\\/\\\/www.icomfort.ca\\\/fr\\\/produit\\\/ic7000-black-2\\\/#breadcrumb\"},\"inLanguage\":\"fr-FR\",\"potentialAction\":[{\"@type\":\"ReadAction\",\"target\":[\"https:\\\/\\\/www.icomfort.ca\\\/fr\\\/produit\\\/ic7000-black-2\\\/\"]}]},{\"@type\":\"ImageObject\",\"inLanguage\":\"fr-FR\",\"@id\":\"https:\\\/\\\/www.icomfort.ca\\\/fr\\\/produit\\\/ic7000-black-2\\\/#primaryimage\",\"url\":\"https:\\\/\\\/www.icomfort.ca\\\/wp-content\\\/uploads\\\/2019\\\/08\\\/IC7000-black-1.jpg\",\"contentUrl\":\"https:\\\/\\\/www.icomfort.ca\\\/wp-content\\\/uploads\\\/2019\\\/08\\\/IC7000-black-1.jpg\",\"width\":1000,\"height\":1000},{\"@type\":\"BreadcrumbList\",\"@id\":\"https:\\\/\\\/www.icomfort.ca\\\/fr\\\/produit\\\/ic7000-black-2\\\/#breadcrumb\",\"itemListElement\":[{\"@type\":\"ListItem\",\"position\":1,\"name\":\"Accueil\",\"item\":\"https:\\\/\\\/www.icomfort.ca\\\/fr\\\/home\\\/\"},{\"@type\":\"ListItem\",\"position\":2,\"name\":\"Chaises de massage\",\"item\":\"https:\\\/\\\/www.icomfort.ca\\\/fr\\\/categorie-produit\\\/chaises-de-massage\\\/\"},{\"@type\":\"ListItem\",\"position\":3,\"name\":\"IC7000-Black\"}]},{\"@type\":\"WebSite\",\"@id\":\"https:\\\/\\\/www.icomfort.ca\\\/fr\\\/#website\",\"url\":\"https:\\\/\\\/www.icomfort.ca\\\/fr\\\/\",\"name\":\"EBI iComfort\",\"description\":\"Escape to a place of pure bliss\",\"publisher\":{\"@id\":\"https:\\\/\\\/www.icomfort.ca\\\/fr\\\/#organization\"},\"potentialAction\":[{\"@type\":\"SearchAction\",\"target\":{\"@type\":\"EntryPoint\",\"urlTemplate\":\"https:\\\/\\\/www.icomfort.ca\\\/fr\\\/?s={search_term_string}\"},\"query-input\":{\"@type\":\"PropertyValueSpecification\",\"valueRequired\":true,\"valueName\":\"search_term_string\"}}],\"inLanguage\":\"fr-FR\"},{\"@type\":\"Organization\",\"@id\":\"https:\\\/\\\/www.icomfort.ca\\\/fr\\\/#organization\",\"name\":\"EBI iComfort\",\"url\":\"https:\\\/\\\/www.icomfort.ca\\\/fr\\\/\",\"logo\":{\"@type\":\"ImageObject\",\"inLanguage\":\"fr-FR\",\"@id\":\"https:\\\/\\\/www.icomfort.ca\\\/fr\\\/#\\\/schema\\\/logo\\\/image\\\/\",\"url\":\"https:\\\/\\\/www.icomfort.ca\\\/wp-content\\\/uploads\\\/2019\\\/10\\\/logo-icomfort.png\",\"contentUrl\":\"https:\\\/\\\/www.icomfort.ca\\\/wp-content\\\/uploads\\\/2019\\\/10\\\/logo-icomfort.png\",\"width\":177,\"height\":115,\"caption\":\"EBI iComfort\"},\"image\":{\"@id\":\"https:\\\/\\\/www.icomfort.ca\\\/fr\\\/#\\\/schema\\\/logo\\\/image\\\/\"}}]}<\/script>\n<!-- \/ Yoast SEO plugin. -->","yoast_head_json":{"title":"IC7000-Black | EBI iComfort","robots":{"index":"index","follow":"follow","max-snippet":"max-snippet:-1","max-image-preview":"max-image-preview:large","max-video-preview":"max-video-preview:-1"},"canonical":"https:\/\/www.icomfort.ca\/fr\/produit\/ic7000-black-2\/","og_locale":"fr_FR","og_type":"article","og_title":"IC7000-Black | EBI iComfort","og_description":"Chaise de massage iComfort\u00ae ic7000 Soulagez votre tension et \u00e9liminez le stress avec notre fauteuil de massage iComfort\u00ae ic7000 haut de gamme. Vous vous sentirez comme si vous aviez votre propre massoth\u00e9rapeute. La technologie de num\u00e9risation du corps cartographie le corps de chaque utilisateur pour fournir un massage personnalis\u00e9. Le repose-pied articul\u00e9 et tr\u00e8s pratique [&hellip;]","og_url":"https:\/\/www.icomfort.ca\/fr\/produit\/ic7000-black-2\/","og_site_name":"EBI iComfort","article_modified_time":"2019-10-09T19:26:06+00:00","og_image":[{"width":1000,"height":1000,"url":"https:\/\/www.icomfort.ca\/wp-content\/uploads\/2019\/08\/IC7000-black-1.jpg","type":"image\/jpeg"}],"twitter_card":"summary_large_image","twitter_misc":{"Dur\u00e9e de lecture estim\u00e9e":"2 minutes"},"schema":{"@context":"https:\/\/schema.org","@graph":[{"@type":"WebPage","@id":"https:\/\/www.icomfort.ca\/fr\/produit\/ic7000-black-2\/","url":"https:\/\/www.icomfort.ca\/fr\/produit\/ic7000-black-2\/","name":"IC7000-Black | EBI iComfort","isPartOf":{"@id":"https:\/\/www.icomfort.ca\/fr\/#website"},"primaryImageOfPage":{"@id":"https:\/\/www.icomfort.ca\/fr\/produit\/ic7000-black-2\/#primaryimage"},"image":{"@id":"https:\/\/www.icomfort.ca\/fr\/produit\/ic7000-black-2\/#primaryimage"},"thumbnailUrl":"https:\/\/www.icomfort.ca\/wp-content\/uploads\/2019\/08\/IC7000-black-1.jpg","datePublished":"2019-08-27T19:07:23+00:00","dateModified":"2019-10-09T19:26:06+00:00","breadcrumb":{"@id":"https:\/\/www.icomfort.ca\/fr\/produit\/ic7000-black-2\/#breadcrumb"},"inLanguage":"fr-FR","potentialAction":[{"@type":"ReadAction","target":["https:\/\/www.icomfort.ca\/fr\/produit\/ic7000-black-2\/"]}]},{"@type":"ImageObject","inLanguage":"fr-FR","@id":"https:\/\/www.icomfort.ca\/fr\/produit\/ic7000-black-2\/#primaryimage","url":"https:\/\/www.icomfort.ca\/wp-content\/uploads\/2019\/08\/IC7000-black-1.jpg","contentUrl":"https:\/\/www.icomfort.ca\/wp-content\/uploads\/2019\/08\/IC7000-black-1.jpg","width":1000,"height":1000},{"@type":"BreadcrumbList","@id":"https:\/\/www.icomfort.ca\/fr\/produit\/ic7000-black-2\/#breadcrumb","itemListElement":[{"@type":"ListItem","position":1,"name":"Accueil","item":"https:\/\/www.icomfort.ca\/fr\/home\/"},{"@type":"ListItem","position":2,"name":"Chaises de massage","item":"https:\/\/www.icomfort.ca\/fr\/categorie-produit\/chaises-de-massage\/"},{"@type":"ListItem","position":3,"name":"IC7000-Black"}]},{"@type":"WebSite","@id":"https:\/\/www.icomfort.ca\/fr\/#website","url":"https:\/\/www.icomfort.ca\/fr\/","name":"EBI iComfort","description":"Escape to a place of pure bliss","publisher":{"@id":"https:\/\/www.icomfort.ca\/fr\/#organization"},"potentialAction":[{"@type":"SearchAction","target":{"@type":"EntryPoint","urlTemplate":"https:\/\/www.icomfort.ca\/fr\/?s={search_term_string}"},"query-input":{"@type":"PropertyValueSpecification","valueRequired":true,"valueName":"search_term_string"}}],"inLanguage":"fr-FR"},{"@type":"Organization","@id":"https:\/\/www.icomfort.ca\/fr\/#organization","name":"EBI iComfort","url":"https:\/\/www.icomfort.ca\/fr\/","logo":{"@type":"ImageObject","inLanguage":"fr-FR","@id":"https:\/\/www.icomfort.ca\/fr\/#\/schema\/logo\/image\/","url":"https:\/\/www.icomfort.ca\/wp-content\/uploads\/2019\/10\/logo-icomfort.png","contentUrl":"https:\/\/www.icomfort.ca\/wp-content\/uploads\/2019\/10\/logo-icomfort.png","width":177,"height":115,"caption":"EBI iComfort"},"image":{"@id":"https:\/\/www.icomfort.ca\/fr\/#\/schema\/logo\/image\/"}}]}},"post_mailing_queue_ids":[],"_links":{"self":[{"href":"https:\/\/www.icomfort.ca\/fr\/wp-json\/wp\/v2\/product\/731","targetHints":{"allow":["GET"]}}],"collection":[{"href":"https:\/\/www.icomfort.ca\/fr\/wp-json\/wp\/v2\/product"}],"about":[{"href":"https:\/\/www.icomfort.ca\/fr\/wp-json\/wp\/v2\/types\/product"}],"wp:featuredmedia":[{"embeddable":true,"href":"https:\/\/www.icomfort.ca\/fr\/wp-json\/wp\/v2\/media\/732"}],"wp:attachment":[{"href":"https:\/\/www.icomfort.ca\/fr\/wp-json\/wp\/v2\/media?parent=731"}],"wp:term":[{"taxonomy":"product_brand","embeddable":true,"href":"https:\/\/www.icomfort.ca\/fr\/wp-json\/wp\/v2\/product_brand?post=731"},{"taxonomy":"product_cat","embeddable":true,"href":"https:\/\/www.icomfort.ca\/fr\/wp-json\/wp\/v2\/product_cat?post=731"},{"taxonomy":"product_tag","embeddable":true,"href":"https:\/\/www.icomfort.ca\/fr\/wp-json\/wp\/v2\/product_tag?post=731"}],"curies":[{"name":"wp","href":"https:\/\/api.w.org\/{rel}","templated":true}]}}