{"id":665,"date":"2019-08-20T15:50:40","date_gmt":"2019-08-20T15:50:40","guid":{"rendered":"https:\/\/www.icomfort.ca\/product\/ic5500-blk\/"},"modified":"2021-05-11T21:44:15","modified_gmt":"2021-05-11T21:44:15","slug":"ic5500-blk","status":"publish","type":"product","link":"https:\/\/www.icomfort.ca\/fr\/produit\/ic5500-blk\/","title":{"rendered":"IC5500-BLK"},"content":{"rendered":"<h3>Fauteuil de massage IC5500-BLK<\/h3>\n<p>Soulagez votre tension et \u00e9liminez le stress avec notre fauteuil de massage th\u00e9rapeutique haut de gamme iComfort\u00ae ic5500. Vous vous sentirez comme si vous aviez votre propre massoth\u00e9rapeute. Il peut m\u00eame vous masser les bras ou la t\u00eate! Le repose-pieds articul\u00e9 et articul\u00e9 tr\u00e8s pratique vous offre un maximum de possibilit\u00e9s de configuration. Le fauteuil de massage th\u00e9rapeutique iComfort\u00ae ic5500 reproduit plus de 5 th\u00e9rapies de massage vous donnant la sensation d&rsquo;un massage professionnel dans le confort de votre propre maison! Le fauteuil de massage th\u00e9rapeutique iComfort\u00ae ic5500 vous procurera de nombreuses ann\u00e9es de massage apaisant et de confort.<\/p>\n<ul>\n<li>Design contemporain en similicuir doux au toucher de haute qualit\u00e9.<\/li>\n<li>5 modes de massage: malaxer, malaxer \u00e0 l&rsquo;envers, frapper, tapoter et vibrer pour cr\u00e9er certains des meilleurs massages que vous ayez jamais ressentis.<\/li>\n<li>Fonction de retour de chaleur.<\/li>\n<li>Massage a\u00e9rien sophistiqu\u00e9 pour les jambes, les pieds, les pieds, la taille, les bras ou la t\u00eate.<\/li>\n<li>M\u00e9canisme de massage rotatif \u00e0 4 t\u00eates pour une simulation fluide du mouvement du poignet.<\/li>\n<li>Amplificateur MP3 \/ lecteur auxiliaire int\u00e9gr\u00e9 avec Bluetooth et haut-parleurs externes pour la synchronisation musique \/ massage.<\/li>\n<li>La t\u00e9l\u00e9commande indique le type de massage effectu\u00e9.<\/li>\n<li>Fonction d&rsquo;inclinaison motoris\u00e9e jusqu&rsquo;\u00e0 170 degr\u00e9s avec fonctions t\u00e9l\u00e9command\u00e9s  pour d\u00e9clin\u00e9 et inclin\u00e9s. <\/li>\n<li>Repose-pieds inclinable.<\/li>\n<\/ul>\n<p><strong>Z\u00e9ro Gravit\u00e9 <\/strong><\/br><br \/>\nZ\u00e9ro Gravit\u00e9 offre un effet d\u2019apesanteur en \u00e9levant les jambes au-dessus du c\u0153ur et en positionnant la colonne vert\u00e9brale sur un plan horizontal. Z\u00e9ro Gravit\u00e9 est reconnue pour simuler une sensation de flottement et offrir un effet de relaxation.<br \/>\n<\/br><br \/>\n<\/br><br \/>\n<strong>Masseur des bras et main<\/strong><\/br><br \/>\nLa section de massage des bras est con\u00e7ue avec 8 sacs gonflables pour masser profond\u00e9ment vos bras. Les coussins d&rsquo;air sont situ\u00e9s sur le dessus et le dessous de l&rsquo;avant-bras et appliquent un massage par compression.<br \/>\n<\/br><br \/>\n<\/br><br \/>\n<strong>Masseur de taille<\/strong><\/br><br \/>\nLa chaise de massage iComfort\u2122  ic5500 offre un massage des hanches en alternance des plus relaxant!<br \/>\n<\/br><br \/>\n<\/br><br \/>\n<strong>Si\u00e8ge masseur<\/strong><\/br><br \/>\nLa forme unique du syst\u00e8me de massage du si\u00e8ge vous offre un massage par compression d\u2019air efficace.<br \/>\n<\/br><br \/>\n<\/br><br \/>\n<strong>Massage \u00e0 compression de l&rsquo;air du pied et du mollet<\/strong><\/br><br \/>\nLes sacs gonflables multiples sur les c\u00f4t\u00e9s, \u00e0 l&rsquo;arri\u00e8re des jambes et sur les c\u00f4t\u00e9s des pieds gonflent afin d&rsquo;appliquer un massage par compression. Situ\u00e9 sous les pieds sont des petites boules de points de pression qui administrent un massage pr\u00e9cis et concentr\u00e9<br \/>\n<\/br><br \/>\n<\/br><br \/>\n<strong>Masseur de t\u00eate<\/strong><\/br><br \/>\nLe masseur de t\u00eate utilise la technologie de pression d&rsquo;air produit un massage doux \u00e0 votre t\u00eate pour une exp\u00e9rience de relaxation compl\u00e8te.<br \/>\n<\/br><br \/>\n<\/br><br \/>\n<strong>Massage chauffant<\/strong><\/br><br \/>\nLa fonction de chauffage du dos contribue \u00e0 fournir une sensation de d\u00e9tente.<br \/>\nSynchronisation musicale avec technologie Bluetooth\u2122<br \/>\nLa fonction de synchronisation de musique ajuste la vibration de massage pour fonctionner au m\u00eame rythme que la musique en cours de lecture pour ajouter \u00e0 la jouissance de l&rsquo;exp\u00e9rience de massage. Votre lecteur de musique peut se connecter avec la iComfort\u2122 ic5500 via Bluetooth\u2122 pour \u00e9couter votre musique de relaxation pr\u00e9f\u00e9r\u00e9e.<br \/>\n<\/br><br \/>\n<\/br><br \/>\n<strong>Haut-parleurs de musique int\u00e9gr\u00e9s<\/strong><\/br><br \/>\nLa chaise de massage iComfort\u2122  ic5500 dispose de deux haut-parleurs int\u00e9gr\u00e9s pour jouer votre musique<\/br> relaxante favorite.<br \/>\n<\/br><\/p>\n","protected":false},"excerpt":{"rendered":"<p>Fauteuil de massage IC5500-BLK Soulagez votre tension et \u00e9liminez le stress avec notre fauteuil de massage th\u00e9rapeutique haut de gamme iComfort\u00ae ic5500. Vous vous sentirez comme si vous aviez votre propre massoth\u00e9rapeute. Il peut m\u00eame vous masser les bras ou la t\u00eate! Le repose-pieds articul\u00e9 et articul\u00e9 tr\u00e8s pratique vous offre un maximum de possibilit\u00e9s [&hellip;]<\/p>\n","protected":false},"featured_media":667,"template":"","meta":{"_acf_changed":false},"product_brand":[],"product_cat":[102],"product_tag":[],"class_list":{"0":"post-665","1":"product","2":"type-product","3":"status-publish","4":"has-post-thumbnail","6":"product_cat-chaises-de-massage","8":"first","9":"instock","10":"shipping-taxable","11":"purchasable","12":"product-type-simple"},"acf":[],"yoast_head":"<!-- This site is optimized with the Yoast SEO plugin v27.5 - https:\/\/yoast.com\/product\/yoast-seo-wordpress\/ -->\n<title>IC5500-BLK | EBI iComfort<\/title>\n<meta name=\"robots\" content=\"index, follow, max-snippet:-1, max-image-preview:large, max-video-preview:-1\" \/>\n<link rel=\"canonical\" href=\"https:\/\/www.icomfort.ca\/fr\/produit\/ic5500-blk\/\" \/>\n<meta property=\"og:locale\" content=\"fr_FR\" \/>\n<meta property=\"og:type\" content=\"article\" \/>\n<meta property=\"og:title\" content=\"IC5500-BLK | EBI iComfort\" \/>\n<meta property=\"og:description\" content=\"Fauteuil de massage IC5500-BLK Soulagez votre tension et \u00e9liminez le stress avec notre fauteuil de massage th\u00e9rapeutique haut de gamme iComfort\u00ae ic5500. Vous vous sentirez comme si vous aviez votre propre massoth\u00e9rapeute. Il peut m\u00eame vous masser les bras ou la t\u00eate! Le repose-pieds articul\u00e9 et articul\u00e9 tr\u00e8s pratique vous offre un maximum de possibilit\u00e9s [&hellip;]\" \/>\n<meta property=\"og:url\" content=\"https:\/\/www.icomfort.ca\/fr\/produit\/ic5500-blk\/\" \/>\n<meta property=\"og:site_name\" content=\"EBI iComfort\" \/>\n<meta property=\"article:modified_time\" content=\"2021-05-11T21:44:15+00:00\" \/>\n<meta property=\"og:image\" content=\"https:\/\/www.icomfort.ca\/wp-content\/uploads\/2019\/08\/IC5500-black.jpg\" \/>\n\t<meta property=\"og:image:width\" content=\"1000\" \/>\n\t<meta property=\"og:image:height\" content=\"1000\" \/>\n\t<meta property=\"og:image:type\" content=\"image\/jpeg\" \/>\n<meta name=\"twitter:card\" content=\"summary_large_image\" \/>\n<meta name=\"twitter:label1\" content=\"Dur\u00e9e de lecture estim\u00e9e\" \/>\n\t<meta name=\"twitter:data1\" content=\"3 minutes\" \/>\n<script type=\"application\/ld+json\" class=\"yoast-schema-graph\">{\"@context\":\"https:\\\/\\\/schema.org\",\"@graph\":[{\"@type\":\"WebPage\",\"@id\":\"https:\\\/\\\/www.icomfort.ca\\\/fr\\\/produit\\\/ic5500-blk\\\/\",\"url\":\"https:\\\/\\\/www.icomfort.ca\\\/fr\\\/produit\\\/ic5500-blk\\\/\",\"name\":\"IC5500-BLK | EBI iComfort\",\"isPartOf\":{\"@id\":\"https:\\\/\\\/www.icomfort.ca\\\/fr\\\/#website\"},\"primaryImageOfPage\":{\"@id\":\"https:\\\/\\\/www.icomfort.ca\\\/fr\\\/produit\\\/ic5500-blk\\\/#primaryimage\"},\"image\":{\"@id\":\"https:\\\/\\\/www.icomfort.ca\\\/fr\\\/produit\\\/ic5500-blk\\\/#primaryimage\"},\"thumbnailUrl\":\"https:\\\/\\\/www.icomfort.ca\\\/wp-content\\\/uploads\\\/2019\\\/08\\\/IC5500-black.jpg\",\"datePublished\":\"2019-08-20T15:50:40+00:00\",\"dateModified\":\"2021-05-11T21:44:15+00:00\",\"breadcrumb\":{\"@id\":\"https:\\\/\\\/www.icomfort.ca\\\/fr\\\/produit\\\/ic5500-blk\\\/#breadcrumb\"},\"inLanguage\":\"fr-FR\",\"potentialAction\":[{\"@type\":\"ReadAction\",\"target\":[\"https:\\\/\\\/www.icomfort.ca\\\/fr\\\/produit\\\/ic5500-blk\\\/\"]}]},{\"@type\":\"ImageObject\",\"inLanguage\":\"fr-FR\",\"@id\":\"https:\\\/\\\/www.icomfort.ca\\\/fr\\\/produit\\\/ic5500-blk\\\/#primaryimage\",\"url\":\"https:\\\/\\\/www.icomfort.ca\\\/wp-content\\\/uploads\\\/2019\\\/08\\\/IC5500-black.jpg\",\"contentUrl\":\"https:\\\/\\\/www.icomfort.ca\\\/wp-content\\\/uploads\\\/2019\\\/08\\\/IC5500-black.jpg\",\"width\":1000,\"height\":1000},{\"@type\":\"BreadcrumbList\",\"@id\":\"https:\\\/\\\/www.icomfort.ca\\\/fr\\\/produit\\\/ic5500-blk\\\/#breadcrumb\",\"itemListElement\":[{\"@type\":\"ListItem\",\"position\":1,\"name\":\"Accueil\",\"item\":\"https:\\\/\\\/www.icomfort.ca\\\/fr\\\/home\\\/\"},{\"@type\":\"ListItem\",\"position\":2,\"name\":\"Chaises de massage\",\"item\":\"https:\\\/\\\/www.icomfort.ca\\\/fr\\\/categorie-produit\\\/chaises-de-massage\\\/\"},{\"@type\":\"ListItem\",\"position\":3,\"name\":\"IC5500-BLK\"}]},{\"@type\":\"WebSite\",\"@id\":\"https:\\\/\\\/www.icomfort.ca\\\/fr\\\/#website\",\"url\":\"https:\\\/\\\/www.icomfort.ca\\\/fr\\\/\",\"name\":\"EBI iComfort\",\"description\":\"Escape to a place of pure bliss\",\"publisher\":{\"@id\":\"https:\\\/\\\/www.icomfort.ca\\\/fr\\\/#organization\"},\"potentialAction\":[{\"@type\":\"SearchAction\",\"target\":{\"@type\":\"EntryPoint\",\"urlTemplate\":\"https:\\\/\\\/www.icomfort.ca\\\/fr\\\/?s={search_term_string}\"},\"query-input\":{\"@type\":\"PropertyValueSpecification\",\"valueRequired\":true,\"valueName\":\"search_term_string\"}}],\"inLanguage\":\"fr-FR\"},{\"@type\":\"Organization\",\"@id\":\"https:\\\/\\\/www.icomfort.ca\\\/fr\\\/#organization\",\"name\":\"EBI iComfort\",\"url\":\"https:\\\/\\\/www.icomfort.ca\\\/fr\\\/\",\"logo\":{\"@type\":\"ImageObject\",\"inLanguage\":\"fr-FR\",\"@id\":\"https:\\\/\\\/www.icomfort.ca\\\/fr\\\/#\\\/schema\\\/logo\\\/image\\\/\",\"url\":\"https:\\\/\\\/www.icomfort.ca\\\/wp-content\\\/uploads\\\/2019\\\/10\\\/logo-icomfort.png\",\"contentUrl\":\"https:\\\/\\\/www.icomfort.ca\\\/wp-content\\\/uploads\\\/2019\\\/10\\\/logo-icomfort.png\",\"width\":177,\"height\":115,\"caption\":\"EBI iComfort\"},\"image\":{\"@id\":\"https:\\\/\\\/www.icomfort.ca\\\/fr\\\/#\\\/schema\\\/logo\\\/image\\\/\"}}]}<\/script>\n<!-- \/ Yoast SEO plugin. -->","yoast_head_json":{"title":"IC5500-BLK | EBI iComfort","robots":{"index":"index","follow":"follow","max-snippet":"max-snippet:-1","max-image-preview":"max-image-preview:large","max-video-preview":"max-video-preview:-1"},"canonical":"https:\/\/www.icomfort.ca\/fr\/produit\/ic5500-blk\/","og_locale":"fr_FR","og_type":"article","og_title":"IC5500-BLK | EBI iComfort","og_description":"Fauteuil de massage IC5500-BLK Soulagez votre tension et \u00e9liminez le stress avec notre fauteuil de massage th\u00e9rapeutique haut de gamme iComfort\u00ae ic5500. Vous vous sentirez comme si vous aviez votre propre massoth\u00e9rapeute. Il peut m\u00eame vous masser les bras ou la t\u00eate! Le repose-pieds articul\u00e9 et articul\u00e9 tr\u00e8s pratique vous offre un maximum de possibilit\u00e9s [&hellip;]","og_url":"https:\/\/www.icomfort.ca\/fr\/produit\/ic5500-blk\/","og_site_name":"EBI iComfort","article_modified_time":"2021-05-11T21:44:15+00:00","og_image":[{"width":1000,"height":1000,"url":"https:\/\/www.icomfort.ca\/wp-content\/uploads\/2019\/08\/IC5500-black.jpg","type":"image\/jpeg"}],"twitter_card":"summary_large_image","twitter_misc":{"Dur\u00e9e de lecture estim\u00e9e":"3 minutes"},"schema":{"@context":"https:\/\/schema.org","@graph":[{"@type":"WebPage","@id":"https:\/\/www.icomfort.ca\/fr\/produit\/ic5500-blk\/","url":"https:\/\/www.icomfort.ca\/fr\/produit\/ic5500-blk\/","name":"IC5500-BLK | EBI iComfort","isPartOf":{"@id":"https:\/\/www.icomfort.ca\/fr\/#website"},"primaryImageOfPage":{"@id":"https:\/\/www.icomfort.ca\/fr\/produit\/ic5500-blk\/#primaryimage"},"image":{"@id":"https:\/\/www.icomfort.ca\/fr\/produit\/ic5500-blk\/#primaryimage"},"thumbnailUrl":"https:\/\/www.icomfort.ca\/wp-content\/uploads\/2019\/08\/IC5500-black.jpg","datePublished":"2019-08-20T15:50:40+00:00","dateModified":"2021-05-11T21:44:15+00:00","breadcrumb":{"@id":"https:\/\/www.icomfort.ca\/fr\/produit\/ic5500-blk\/#breadcrumb"},"inLanguage":"fr-FR","potentialAction":[{"@type":"ReadAction","target":["https:\/\/www.icomfort.ca\/fr\/produit\/ic5500-blk\/"]}]},{"@type":"ImageObject","inLanguage":"fr-FR","@id":"https:\/\/www.icomfort.ca\/fr\/produit\/ic5500-blk\/#primaryimage","url":"https:\/\/www.icomfort.ca\/wp-content\/uploads\/2019\/08\/IC5500-black.jpg","contentUrl":"https:\/\/www.icomfort.ca\/wp-content\/uploads\/2019\/08\/IC5500-black.jpg","width":1000,"height":1000},{"@type":"BreadcrumbList","@id":"https:\/\/www.icomfort.ca\/fr\/produit\/ic5500-blk\/#breadcrumb","itemListElement":[{"@type":"ListItem","position":1,"name":"Accueil","item":"https:\/\/www.icomfort.ca\/fr\/home\/"},{"@type":"ListItem","position":2,"name":"Chaises de massage","item":"https:\/\/www.icomfort.ca\/fr\/categorie-produit\/chaises-de-massage\/"},{"@type":"ListItem","position":3,"name":"IC5500-BLK"}]},{"@type":"WebSite","@id":"https:\/\/www.icomfort.ca\/fr\/#website","url":"https:\/\/www.icomfort.ca\/fr\/","name":"EBI iComfort","description":"Escape to a place of pure bliss","publisher":{"@id":"https:\/\/www.icomfort.ca\/fr\/#organization"},"potentialAction":[{"@type":"SearchAction","target":{"@type":"EntryPoint","urlTemplate":"https:\/\/www.icomfort.ca\/fr\/?s={search_term_string}"},"query-input":{"@type":"PropertyValueSpecification","valueRequired":true,"valueName":"search_term_string"}}],"inLanguage":"fr-FR"},{"@type":"Organization","@id":"https:\/\/www.icomfort.ca\/fr\/#organization","name":"EBI iComfort","url":"https:\/\/www.icomfort.ca\/fr\/","logo":{"@type":"ImageObject","inLanguage":"fr-FR","@id":"https:\/\/www.icomfort.ca\/fr\/#\/schema\/logo\/image\/","url":"https:\/\/www.icomfort.ca\/wp-content\/uploads\/2019\/10\/logo-icomfort.png","contentUrl":"https:\/\/www.icomfort.ca\/wp-content\/uploads\/2019\/10\/logo-icomfort.png","width":177,"height":115,"caption":"EBI iComfort"},"image":{"@id":"https:\/\/www.icomfort.ca\/fr\/#\/schema\/logo\/image\/"}}]}},"post_mailing_queue_ids":[],"_links":{"self":[{"href":"https:\/\/www.icomfort.ca\/fr\/wp-json\/wp\/v2\/product\/665","targetHints":{"allow":["GET"]}}],"collection":[{"href":"https:\/\/www.icomfort.ca\/fr\/wp-json\/wp\/v2\/product"}],"about":[{"href":"https:\/\/www.icomfort.ca\/fr\/wp-json\/wp\/v2\/types\/product"}],"wp:featuredmedia":[{"embeddable":true,"href":"https:\/\/www.icomfort.ca\/fr\/wp-json\/wp\/v2\/media\/667"}],"wp:attachment":[{"href":"https:\/\/www.icomfort.ca\/fr\/wp-json\/wp\/v2\/media?parent=665"}],"wp:term":[{"taxonomy":"product_brand","embeddable":true,"href":"https:\/\/www.icomfort.ca\/fr\/wp-json\/wp\/v2\/product_brand?post=665"},{"taxonomy":"product_cat","embeddable":true,"href":"https:\/\/www.icomfort.ca\/fr\/wp-json\/wp\/v2\/product_cat?post=665"},{"taxonomy":"product_tag","embeddable":true,"href":"https:\/\/www.icomfort.ca\/fr\/wp-json\/wp\/v2\/product_tag?post=665"}],"curies":[{"name":"wp","href":"https:\/\/api.w.org\/{rel}","templated":true}]}}