{"id":580,"date":"2019-08-20T15:53:11","date_gmt":"2019-08-20T15:53:11","guid":{"rendered":"https:\/\/www.icomfort.ca\/product\/ic6600-black\/"},"modified":"2019-10-09T20:26:07","modified_gmt":"2019-10-09T20:26:07","slug":"ic6600-black","status":"publish","type":"product","link":"https:\/\/www.icomfort.ca\/fr\/produit\/ic6600-black\/","title":{"rendered":"IC6600-Black"},"content":{"rendered":"<h3>Chaise de massage iComfort\u00ae ic6600<\/h3>\n<p>Profitez d&rsquo;un massage relaxant avec la nouvelle chaise de massage iComfort\u00ae ic6600. Vous vous sentirez comme si vous aviez votre propre massoth\u00e9rapeute. Le repose-pieds r\u00e9tractable et articul\u00e9 pratique vous donne des options de configuration maximales. La chaise de massage iComfort\u00ae ic6600 reproduit plus de 5 actions de massage, toutes avec la sensation d&rsquo;un massage professionnel dans le confort de votre propre maison! La chaise de massage iComfort\u00ae ic6600 vous procurera de nombreuses ann\u00e9es de massage apaisant et de confort.<\/p>\n<ul>\n<li>Design contemporain avec similicuir doux de haute qualit\u00e9.<\/li>\n<li>5 modes de massage: Shiatsu, p\u00e9trissage, battement, frappe et \u00e0 la fois p\u00e9trissage et battement.<\/li>\n<li>37 airbags avec compression d&rsquo;air pour cr\u00e9er certains des meilleurs massages que vous n\u2019avez jamais ressentis.<\/li>\n<li>M\u00e9canisme de massage \u00e0 4 t\u00eates pour des mouvements lisses du poignet au dos.<\/li>\n<li>150 mm de r\u00e9glage de la longueur des repose-pieds pour les personnes de tailles diverses.<\/li>\n<li>L&rsquo;\u00e9cran avec DEL de la t\u00e9l\u00e9commande indique le type de massage effectu\u00e9.<\/li>\n<li>Fonction d&rsquo;inclinaison \u00e9lectrique avec commandes d&rsquo;inclinaison \/ remont\u00e9e s\u00e9par\u00e9es.<\/li>\n<li>Dossier et repose-pieds r\u00e9tractables.<\/li>\n<li>R\u00e9flexologie sous les pieds.<\/li>\n<\/ul>\n<p><strong>Syst\u00e8me de massage \u00e0 quatre rouleaux avec angle ajustable<\/strong><\/br><br \/>\nLe m\u00e9canisme de massage de l&rsquo;iComfort\u2122 ic6600 masse du cou au bas du dos. Son m\u00e9canisme change l&rsquo;angle jusqu&rsquo;\u00e0 41 degr\u00e9s pour mieux atteindre les parties de votre r\u00e9gion inf\u00e9rieure du cou. Cette caract\u00e9ristique aide \u00e0 effectuer un massage des tissus tr\u00e8s profond et en fait l&rsquo;un des fauteuils de massage les plus sophistiqu\u00e9s.<br \/>\n<\/br><\/br><br \/>\n<strong>Exp\u00e9rience totale de massage<\/strong><\/br><br \/>\nLa chaise de massage iComfort\u2122 ic6600 propose diff\u00e9rentes techniques de massage con\u00e7ues pour offrir une exp\u00e9rience de massage totale couvrant de nombreuses parties de votre corps.<br \/>\n<\/br><\/br><br \/>\n<strong>Magn\u00e9toth\u00e9rapie<\/strong><\/br><br \/>\nLa magn\u00e9toth\u00e9rapie est une forme de m\u00e9decine alternative utilisant des champs magn\u00e9tiques pour traiter des conditions m\u00e9dicales. Les aimants permanents sont plac\u00e9s pr\u00e8s du corps afin de permettre aux os de gu\u00e9rir plus rapidement, de soulager la douleur et d&rsquo;induire d&rsquo;autres effets th\u00e9rapeutiques. La chaise de massage iComfort\u2122 ic6600 applique cette m\u00e9thode \u00e0 la zone proche des genoux et des chevilles.<br \/>\n<\/br><\/br><br \/>\n<strong>Syst\u00e8me complet de massage \u00e0 compression d&rsquo;air<\/strong><\/br><br \/>\nLe massage \u00e0 compression d&rsquo;air utilise de l&rsquo;air sous pression pour masser la peau et les muscles. Selon le &lsquo;National Institutes of Health&rsquo; de la &lsquo;National Library of Medicine&rsquo; aux \u00c9tats-Unis sur l&rsquo;effet du massage \u00e0 compression d&rsquo;air sur le flux sanguin et la temp\u00e9rature de la peau, le massage \u00e0 compression d&rsquo;air provoque une augmentation imm\u00e9diate du flux sanguin cutan\u00e9 une fois le traitement arr\u00eat\u00e9. L&rsquo;effet semble \u00eatre local et li\u00e9 \u00e0 la pression utilis\u00e9e. Le traitement refroidit la peau pendant au moins 15 minutes apr\u00e8s un traitement de 45 minutes. La chaise de massage iComfort\u2122 ic6600 utilise des sacs gonflables de massage \u00e0 compression d&rsquo;air. Ses syst\u00e8mes couvrent les bras, la zone du si\u00e8ge, les jambes et les chevilles.<br \/>\n<\/br><\/br><br \/>\n<strong>Massage \u00e0 compression de l&rsquo;air du pied et du mollet<\/strong><\/br><br \/>\n12 sacs gonflables le long des c\u00f4t\u00e9s des jambes se gonflent pour appliquer un massage \u00e0 compression d&rsquo;air. 16 sacs gonflables situ\u00e9s le long du c\u00f4t\u00e9 des pieds administrent un massage \u00e0 compression d&rsquo;air plus concentr\u00e9.<br \/>\n<\/br><\/br><br \/>\n<strong>Massage \u00e0 compression d&rsquo;air des bras<\/strong><\/br><br \/>\n8 sacs gonflables appliquent un massage \u00e0 compression d&rsquo;air sur les bras.<br \/>\n<\/br><\/br><br \/>\n<strong>R\u00e9glage pratique de la course de massage <\/strong><\/br><br \/>\nLe fauteuil de massage iComfort\u2122 ic6600 vous permet d&rsquo;ajuster la section de massage des pieds jusqu&rsquo;\u00e0 150 mm afin de mieux s&rsquo;adapter \u00e0 votre taille. Quel que soit votre type de corps, la chaise de massage iComfort\u2122 ic6600 sait s&rsquo;adapter afin de rendre chaque exp\u00e9rience de massage unique.<br \/>\n<\/br><\/br><br \/>\n<strong>R\u00e9flexologie aux pieds<\/strong><\/br><br \/>\nLa r\u00e9flexologie, \u00e9galement connue sous le nom de th\u00e9rapie de zone, est une m\u00e9decine alternative impliquant l&rsquo;application de la pression avec des techniques sp\u00e9cifiques sans utilisation d&rsquo;huile ou de lotion. La chaise de massage iComfort\u2122 ic6600 offre cette caract\u00e9ristique pour la zone sous le pied.<br \/>\n<\/br><\/br><br \/>\n<strong>T\u00e9l\u00e9commande facile \u00e0 utiliser<\/strong><\/br><br \/>\nLa chaise de massage iComfort\u2122 ic6600 utilise une nouvelle t\u00e9l\u00e9commande facile \u00e0 utiliser. Il vous permet de choisir entre plusieurs modes de massage automatiques et diff\u00e9rents massages manuels.<br \/>\nLa t\u00e9l\u00e9commande vous permet de s\u00e9lectionner le type de massage, la vitesse, la zone g\u00e9n\u00e9rale ou pr\u00e9cise. Vous pouvez \u00e9galement choisir si vous pr\u00e9f\u00e9rez le massage par compression d&rsquo;air, le p\u00e9trissage, le battement, le cognement, le shiatsu ou une combinaison de toutes ces techniques. Vous pouvez m\u00eame ajuster la vitesse et l&rsquo;intensit\u00e9 du massage.<br \/>\nVous pouvez m\u00eame combiner une technique de massage sp\u00e9cifique \u00e0 une zone pr\u00e9cise! C&rsquo;est le summum du confort de massage \u00e0 la pression de quelques boutons!<br \/>\n<\/br><\/br><br \/>\n<strong>Facile \u00e0 transporter<\/strong><\/br><br \/>\nLa chaise de massage iComfort\u2122 ic6600 est fournie avec des roues qui vous permettent de la transporter o\u00f9<\/br>vous voulez<\/p>\n","protected":false},"excerpt":{"rendered":"<p>Chaise de massage iComfort\u00ae ic6600 Profitez d&rsquo;un massage relaxant avec la nouvelle chaise de massage iComfort\u00ae ic6600. Vous vous sentirez comme si vous aviez votre propre massoth\u00e9rapeute. Le repose-pieds r\u00e9tractable et articul\u00e9 pratique vous donne des options de configuration maximales. La chaise de massage iComfort\u00ae ic6600 reproduit plus de 5 actions de massage, toutes avec [&hellip;]<\/p>\n","protected":false},"featured_media":582,"template":"","meta":{"_acf_changed":false},"product_brand":[],"product_cat":[102],"product_tag":[],"class_list":{"0":"post-580","1":"product","2":"type-product","3":"status-publish","4":"has-post-thumbnail","6":"product_cat-chaises-de-massage","8":"first","9":"instock","10":"shipping-taxable","11":"purchasable","12":"product-type-simple"},"acf":[],"yoast_head":"<!-- This site is optimized with the Yoast SEO plugin v27.5 - https:\/\/yoast.com\/product\/yoast-seo-wordpress\/ -->\n<title>IC6600-Black | EBI iComfort<\/title>\n<meta name=\"robots\" content=\"index, follow, max-snippet:-1, max-image-preview:large, max-video-preview:-1\" \/>\n<link rel=\"canonical\" href=\"https:\/\/www.icomfort.ca\/fr\/produit\/ic6600-black\/\" \/>\n<meta property=\"og:locale\" content=\"fr_FR\" \/>\n<meta property=\"og:type\" content=\"article\" \/>\n<meta property=\"og:title\" content=\"IC6600-Black | EBI iComfort\" \/>\n<meta property=\"og:description\" content=\"Chaise de massage iComfort\u00ae ic6600 Profitez d&rsquo;un massage relaxant avec la nouvelle chaise de massage iComfort\u00ae ic6600. Vous vous sentirez comme si vous aviez votre propre massoth\u00e9rapeute. Le repose-pieds r\u00e9tractable et articul\u00e9 pratique vous donne des options de configuration maximales. La chaise de massage iComfort\u00ae ic6600 reproduit plus de 5 actions de massage, toutes avec [&hellip;]\" \/>\n<meta property=\"og:url\" content=\"https:\/\/www.icomfort.ca\/fr\/produit\/ic6600-black\/\" \/>\n<meta property=\"og:site_name\" content=\"EBI iComfort\" \/>\n<meta property=\"article:modified_time\" content=\"2019-10-09T20:26:07+00:00\" \/>\n<meta property=\"og:image\" content=\"https:\/\/www.icomfort.ca\/wp-content\/uploads\/2019\/08\/IC6600-black.jpg\" \/>\n\t<meta property=\"og:image:width\" content=\"1000\" \/>\n\t<meta property=\"og:image:height\" content=\"1000\" \/>\n\t<meta property=\"og:image:type\" content=\"image\/jpeg\" \/>\n<meta name=\"twitter:card\" content=\"summary_large_image\" \/>\n<meta name=\"twitter:label1\" content=\"Dur\u00e9e de lecture estim\u00e9e\" \/>\n\t<meta name=\"twitter:data1\" content=\"4 minutes\" \/>\n<script type=\"application\/ld+json\" class=\"yoast-schema-graph\">{\"@context\":\"https:\\\/\\\/schema.org\",\"@graph\":[{\"@type\":\"WebPage\",\"@id\":\"https:\\\/\\\/www.icomfort.ca\\\/fr\\\/produit\\\/ic6600-black\\\/\",\"url\":\"https:\\\/\\\/www.icomfort.ca\\\/fr\\\/produit\\\/ic6600-black\\\/\",\"name\":\"IC6600-Black | EBI iComfort\",\"isPartOf\":{\"@id\":\"https:\\\/\\\/www.icomfort.ca\\\/fr\\\/#website\"},\"primaryImageOfPage\":{\"@id\":\"https:\\\/\\\/www.icomfort.ca\\\/fr\\\/produit\\\/ic6600-black\\\/#primaryimage\"},\"image\":{\"@id\":\"https:\\\/\\\/www.icomfort.ca\\\/fr\\\/produit\\\/ic6600-black\\\/#primaryimage\"},\"thumbnailUrl\":\"https:\\\/\\\/www.icomfort.ca\\\/wp-content\\\/uploads\\\/2019\\\/08\\\/IC6600-black.jpg\",\"datePublished\":\"2019-08-20T15:53:11+00:00\",\"dateModified\":\"2019-10-09T20:26:07+00:00\",\"breadcrumb\":{\"@id\":\"https:\\\/\\\/www.icomfort.ca\\\/fr\\\/produit\\\/ic6600-black\\\/#breadcrumb\"},\"inLanguage\":\"fr-FR\",\"potentialAction\":[{\"@type\":\"ReadAction\",\"target\":[\"https:\\\/\\\/www.icomfort.ca\\\/fr\\\/produit\\\/ic6600-black\\\/\"]}]},{\"@type\":\"ImageObject\",\"inLanguage\":\"fr-FR\",\"@id\":\"https:\\\/\\\/www.icomfort.ca\\\/fr\\\/produit\\\/ic6600-black\\\/#primaryimage\",\"url\":\"https:\\\/\\\/www.icomfort.ca\\\/wp-content\\\/uploads\\\/2019\\\/08\\\/IC6600-black.jpg\",\"contentUrl\":\"https:\\\/\\\/www.icomfort.ca\\\/wp-content\\\/uploads\\\/2019\\\/08\\\/IC6600-black.jpg\",\"width\":1000,\"height\":1000},{\"@type\":\"BreadcrumbList\",\"@id\":\"https:\\\/\\\/www.icomfort.ca\\\/fr\\\/produit\\\/ic6600-black\\\/#breadcrumb\",\"itemListElement\":[{\"@type\":\"ListItem\",\"position\":1,\"name\":\"Accueil\",\"item\":\"https:\\\/\\\/www.icomfort.ca\\\/fr\\\/home\\\/\"},{\"@type\":\"ListItem\",\"position\":2,\"name\":\"Chaises de massage\",\"item\":\"https:\\\/\\\/www.icomfort.ca\\\/fr\\\/categorie-produit\\\/chaises-de-massage\\\/\"},{\"@type\":\"ListItem\",\"position\":3,\"name\":\"IC6600-Black\"}]},{\"@type\":\"WebSite\",\"@id\":\"https:\\\/\\\/www.icomfort.ca\\\/fr\\\/#website\",\"url\":\"https:\\\/\\\/www.icomfort.ca\\\/fr\\\/\",\"name\":\"EBI iComfort\",\"description\":\"Escape to a place of pure bliss\",\"publisher\":{\"@id\":\"https:\\\/\\\/www.icomfort.ca\\\/fr\\\/#organization\"},\"potentialAction\":[{\"@type\":\"SearchAction\",\"target\":{\"@type\":\"EntryPoint\",\"urlTemplate\":\"https:\\\/\\\/www.icomfort.ca\\\/fr\\\/?s={search_term_string}\"},\"query-input\":{\"@type\":\"PropertyValueSpecification\",\"valueRequired\":true,\"valueName\":\"search_term_string\"}}],\"inLanguage\":\"fr-FR\"},{\"@type\":\"Organization\",\"@id\":\"https:\\\/\\\/www.icomfort.ca\\\/fr\\\/#organization\",\"name\":\"EBI iComfort\",\"url\":\"https:\\\/\\\/www.icomfort.ca\\\/fr\\\/\",\"logo\":{\"@type\":\"ImageObject\",\"inLanguage\":\"fr-FR\",\"@id\":\"https:\\\/\\\/www.icomfort.ca\\\/fr\\\/#\\\/schema\\\/logo\\\/image\\\/\",\"url\":\"https:\\\/\\\/www.icomfort.ca\\\/wp-content\\\/uploads\\\/2019\\\/10\\\/logo-icomfort.png\",\"contentUrl\":\"https:\\\/\\\/www.icomfort.ca\\\/wp-content\\\/uploads\\\/2019\\\/10\\\/logo-icomfort.png\",\"width\":177,\"height\":115,\"caption\":\"EBI iComfort\"},\"image\":{\"@id\":\"https:\\\/\\\/www.icomfort.ca\\\/fr\\\/#\\\/schema\\\/logo\\\/image\\\/\"}}]}<\/script>\n<!-- \/ Yoast SEO plugin. -->","yoast_head_json":{"title":"IC6600-Black | EBI iComfort","robots":{"index":"index","follow":"follow","max-snippet":"max-snippet:-1","max-image-preview":"max-image-preview:large","max-video-preview":"max-video-preview:-1"},"canonical":"https:\/\/www.icomfort.ca\/fr\/produit\/ic6600-black\/","og_locale":"fr_FR","og_type":"article","og_title":"IC6600-Black | EBI iComfort","og_description":"Chaise de massage iComfort\u00ae ic6600 Profitez d&rsquo;un massage relaxant avec la nouvelle chaise de massage iComfort\u00ae ic6600. Vous vous sentirez comme si vous aviez votre propre massoth\u00e9rapeute. Le repose-pieds r\u00e9tractable et articul\u00e9 pratique vous donne des options de configuration maximales. La chaise de massage iComfort\u00ae ic6600 reproduit plus de 5 actions de massage, toutes avec [&hellip;]","og_url":"https:\/\/www.icomfort.ca\/fr\/produit\/ic6600-black\/","og_site_name":"EBI iComfort","article_modified_time":"2019-10-09T20:26:07+00:00","og_image":[{"width":1000,"height":1000,"url":"https:\/\/www.icomfort.ca\/wp-content\/uploads\/2019\/08\/IC6600-black.jpg","type":"image\/jpeg"}],"twitter_card":"summary_large_image","twitter_misc":{"Dur\u00e9e de lecture estim\u00e9e":"4 minutes"},"schema":{"@context":"https:\/\/schema.org","@graph":[{"@type":"WebPage","@id":"https:\/\/www.icomfort.ca\/fr\/produit\/ic6600-black\/","url":"https:\/\/www.icomfort.ca\/fr\/produit\/ic6600-black\/","name":"IC6600-Black | EBI iComfort","isPartOf":{"@id":"https:\/\/www.icomfort.ca\/fr\/#website"},"primaryImageOfPage":{"@id":"https:\/\/www.icomfort.ca\/fr\/produit\/ic6600-black\/#primaryimage"},"image":{"@id":"https:\/\/www.icomfort.ca\/fr\/produit\/ic6600-black\/#primaryimage"},"thumbnailUrl":"https:\/\/www.icomfort.ca\/wp-content\/uploads\/2019\/08\/IC6600-black.jpg","datePublished":"2019-08-20T15:53:11+00:00","dateModified":"2019-10-09T20:26:07+00:00","breadcrumb":{"@id":"https:\/\/www.icomfort.ca\/fr\/produit\/ic6600-black\/#breadcrumb"},"inLanguage":"fr-FR","potentialAction":[{"@type":"ReadAction","target":["https:\/\/www.icomfort.ca\/fr\/produit\/ic6600-black\/"]}]},{"@type":"ImageObject","inLanguage":"fr-FR","@id":"https:\/\/www.icomfort.ca\/fr\/produit\/ic6600-black\/#primaryimage","url":"https:\/\/www.icomfort.ca\/wp-content\/uploads\/2019\/08\/IC6600-black.jpg","contentUrl":"https:\/\/www.icomfort.ca\/wp-content\/uploads\/2019\/08\/IC6600-black.jpg","width":1000,"height":1000},{"@type":"BreadcrumbList","@id":"https:\/\/www.icomfort.ca\/fr\/produit\/ic6600-black\/#breadcrumb","itemListElement":[{"@type":"ListItem","position":1,"name":"Accueil","item":"https:\/\/www.icomfort.ca\/fr\/home\/"},{"@type":"ListItem","position":2,"name":"Chaises de massage","item":"https:\/\/www.icomfort.ca\/fr\/categorie-produit\/chaises-de-massage\/"},{"@type":"ListItem","position":3,"name":"IC6600-Black"}]},{"@type":"WebSite","@id":"https:\/\/www.icomfort.ca\/fr\/#website","url":"https:\/\/www.icomfort.ca\/fr\/","name":"EBI iComfort","description":"Escape to a place of pure bliss","publisher":{"@id":"https:\/\/www.icomfort.ca\/fr\/#organization"},"potentialAction":[{"@type":"SearchAction","target":{"@type":"EntryPoint","urlTemplate":"https:\/\/www.icomfort.ca\/fr\/?s={search_term_string}"},"query-input":{"@type":"PropertyValueSpecification","valueRequired":true,"valueName":"search_term_string"}}],"inLanguage":"fr-FR"},{"@type":"Organization","@id":"https:\/\/www.icomfort.ca\/fr\/#organization","name":"EBI iComfort","url":"https:\/\/www.icomfort.ca\/fr\/","logo":{"@type":"ImageObject","inLanguage":"fr-FR","@id":"https:\/\/www.icomfort.ca\/fr\/#\/schema\/logo\/image\/","url":"https:\/\/www.icomfort.ca\/wp-content\/uploads\/2019\/10\/logo-icomfort.png","contentUrl":"https:\/\/www.icomfort.ca\/wp-content\/uploads\/2019\/10\/logo-icomfort.png","width":177,"height":115,"caption":"EBI iComfort"},"image":{"@id":"https:\/\/www.icomfort.ca\/fr\/#\/schema\/logo\/image\/"}}]}},"post_mailing_queue_ids":[],"_links":{"self":[{"href":"https:\/\/www.icomfort.ca\/fr\/wp-json\/wp\/v2\/product\/580","targetHints":{"allow":["GET"]}}],"collection":[{"href":"https:\/\/www.icomfort.ca\/fr\/wp-json\/wp\/v2\/product"}],"about":[{"href":"https:\/\/www.icomfort.ca\/fr\/wp-json\/wp\/v2\/types\/product"}],"wp:featuredmedia":[{"embeddable":true,"href":"https:\/\/www.icomfort.ca\/fr\/wp-json\/wp\/v2\/media\/582"}],"wp:attachment":[{"href":"https:\/\/www.icomfort.ca\/fr\/wp-json\/wp\/v2\/media?parent=580"}],"wp:term":[{"taxonomy":"product_brand","embeddable":true,"href":"https:\/\/www.icomfort.ca\/fr\/wp-json\/wp\/v2\/product_brand?post=580"},{"taxonomy":"product_cat","embeddable":true,"href":"https:\/\/www.icomfort.ca\/fr\/wp-json\/wp\/v2\/product_cat?post=580"},{"taxonomy":"product_tag","embeddable":true,"href":"https:\/\/www.icomfort.ca\/fr\/wp-json\/wp\/v2\/product_tag?post=580"}],"curies":[{"name":"wp","href":"https:\/\/api.w.org\/{rel}","templated":true}]}}