{"id":562,"date":"2019-08-17T22:42:54","date_gmt":"2019-08-17T22:42:54","guid":{"rendered":"https:\/\/www.icomfort.ca\/product\/562\/"},"modified":"2019-10-09T18:11:47","modified_gmt":"2019-10-09T18:11:47","slug":"562","status":"publish","type":"product","link":"https:\/\/www.icomfort.ca\/fr\/produit\/562\/","title":{"rendered":"IC0913"},"content":{"rendered":"<h3>IC0913 Masseur \u00e9lectrique<\/h3>\n<p>Le nouveau masseur pour les pieds iComfort\u00ae ic0913 est \u00e9quip\u00e9 de quatre syst\u00e8mes de massages efficaces. Le massage par roulement, le massage par p\u00e9trissage, la vibration et le massage par compression d\u2019air. Les 2 rouleaux sont con\u00e7us pour masser efficacement sous vos pieds. Les plaques de p\u00e9trissage sous vos pieds vous procurent un confort sans \u00e9gal. La fonction de chaleur, quant \u00e0 elle, est pratique pour les personnes qui ont souvent les pieds froids. Nous avons m\u00eame ajout\u00e9 2 masseurs par compression d\u2019air pour les mollets. Le masseur iComfort\u00ae ic0913 saura vous procurer une exp\u00e9rience de massage apaisante et stimulante. Ses actions de p\u00e9trissage et de roulement sauront vous apaiser les pieds et m\u00eame le dessous de vos pieds avec la sensation d&rsquo;un massage professionnel dans le confort de votre maison.  Action de massage par roulement pour vos pieds.<\/p>\n<p><strong>Caract\u00e9ristiques:<\/strong><\/p>\n<ul>\n<li>Deux masseurs par compression d\u2019air pour les mollets<\/li>\n<li>Deux plaques de p\u00e9trissage qui effectuent une action de massage sous vos pieds<\/li>\n<li>La doublure de pied est facilement d\u00e9tachable pour le nettoyage<\/li>\n<li>Fonction de chaleur<\/li>\n<\/ul>\n","protected":false},"excerpt":{"rendered":"<p>IC0913 Masseur \u00e9lectrique Le nouveau masseur pour les pieds iComfort\u00ae ic0913 est \u00e9quip\u00e9 de quatre syst\u00e8mes de massages efficaces. Le massage par roulement, le massage par p\u00e9trissage, la vibration et le massage par compression d\u2019air. Les 2 rouleaux sont con\u00e7us pour masser efficacement sous vos pieds. Les plaques de p\u00e9trissage sous vos pieds vous procurent [&hellip;]<\/p>\n","protected":false},"featured_media":563,"template":"","meta":{"_acf_changed":false},"product_brand":[],"product_cat":[107],"product_tag":[],"class_list":{"0":"post-562","1":"product","2":"type-product","3":"status-publish","4":"has-post-thumbnail","6":"product_cat-masseurs-electriques","8":"first","9":"instock","10":"shipping-taxable","11":"purchasable","12":"product-type-simple"},"acf":[],"yoast_head":"<!-- This site is optimized with the Yoast SEO plugin v27.5 - https:\/\/yoast.com\/product\/yoast-seo-wordpress\/ -->\n<title>IC0913 | EBI iComfort<\/title>\n<meta name=\"robots\" content=\"index, follow, max-snippet:-1, max-image-preview:large, max-video-preview:-1\" \/>\n<link rel=\"canonical\" href=\"https:\/\/www.icomfort.ca\/fr\/produit\/562\/\" \/>\n<meta property=\"og:locale\" content=\"fr_FR\" \/>\n<meta property=\"og:type\" content=\"article\" \/>\n<meta property=\"og:title\" content=\"IC0913 | EBI iComfort\" \/>\n<meta property=\"og:description\" content=\"IC0913 Masseur \u00e9lectrique Le nouveau masseur pour les pieds iComfort\u00ae ic0913 est \u00e9quip\u00e9 de quatre syst\u00e8mes de massages efficaces. Le massage par roulement, le massage par p\u00e9trissage, la vibration et le massage par compression d\u2019air. Les 2 rouleaux sont con\u00e7us pour masser efficacement sous vos pieds. Les plaques de p\u00e9trissage sous vos pieds vous procurent [&hellip;]\" \/>\n<meta property=\"og:url\" content=\"https:\/\/www.icomfort.ca\/fr\/produit\/562\/\" \/>\n<meta property=\"og:site_name\" content=\"EBI iComfort\" \/>\n<meta property=\"article:modified_time\" content=\"2019-10-09T18:11:47+00:00\" \/>\n<meta property=\"og:image\" content=\"https:\/\/www.icomfort.ca\/wp-content\/uploads\/2019\/08\/ic0913.jpg\" \/>\n\t<meta property=\"og:image:width\" content=\"1000\" \/>\n\t<meta property=\"og:image:height\" content=\"1000\" \/>\n\t<meta property=\"og:image:type\" content=\"image\/jpeg\" \/>\n<meta name=\"twitter:card\" content=\"summary_large_image\" \/>\n<meta name=\"twitter:label1\" content=\"Dur\u00e9e de lecture estim\u00e9e\" \/>\n\t<meta name=\"twitter:data1\" content=\"1 minute\" \/>\n<script type=\"application\/ld+json\" class=\"yoast-schema-graph\">{\"@context\":\"https:\\\/\\\/schema.org\",\"@graph\":[{\"@type\":\"WebPage\",\"@id\":\"https:\\\/\\\/www.icomfort.ca\\\/fr\\\/produit\\\/562\\\/\",\"url\":\"https:\\\/\\\/www.icomfort.ca\\\/fr\\\/produit\\\/562\\\/\",\"name\":\"IC0913 | EBI iComfort\",\"isPartOf\":{\"@id\":\"https:\\\/\\\/www.icomfort.ca\\\/fr\\\/#website\"},\"primaryImageOfPage\":{\"@id\":\"https:\\\/\\\/www.icomfort.ca\\\/fr\\\/produit\\\/562\\\/#primaryimage\"},\"image\":{\"@id\":\"https:\\\/\\\/www.icomfort.ca\\\/fr\\\/produit\\\/562\\\/#primaryimage\"},\"thumbnailUrl\":\"https:\\\/\\\/www.icomfort.ca\\\/wp-content\\\/uploads\\\/2019\\\/08\\\/ic0913.jpg\",\"datePublished\":\"2019-08-17T22:42:54+00:00\",\"dateModified\":\"2019-10-09T18:11:47+00:00\",\"breadcrumb\":{\"@id\":\"https:\\\/\\\/www.icomfort.ca\\\/fr\\\/produit\\\/562\\\/#breadcrumb\"},\"inLanguage\":\"fr-FR\",\"potentialAction\":[{\"@type\":\"ReadAction\",\"target\":[\"https:\\\/\\\/www.icomfort.ca\\\/fr\\\/produit\\\/562\\\/\"]}]},{\"@type\":\"ImageObject\",\"inLanguage\":\"fr-FR\",\"@id\":\"https:\\\/\\\/www.icomfort.ca\\\/fr\\\/produit\\\/562\\\/#primaryimage\",\"url\":\"https:\\\/\\\/www.icomfort.ca\\\/wp-content\\\/uploads\\\/2019\\\/08\\\/ic0913.jpg\",\"contentUrl\":\"https:\\\/\\\/www.icomfort.ca\\\/wp-content\\\/uploads\\\/2019\\\/08\\\/ic0913.jpg\",\"width\":1000,\"height\":1000},{\"@type\":\"BreadcrumbList\",\"@id\":\"https:\\\/\\\/www.icomfort.ca\\\/fr\\\/produit\\\/562\\\/#breadcrumb\",\"itemListElement\":[{\"@type\":\"ListItem\",\"position\":1,\"name\":\"Accueil\",\"item\":\"https:\\\/\\\/www.icomfort.ca\\\/fr\\\/home\\\/\"},{\"@type\":\"ListItem\",\"position\":2,\"name\":\"Masseurs \u00e9lectriques\",\"item\":\"https:\\\/\\\/www.icomfort.ca\\\/fr\\\/categorie-produit\\\/masseurs-electriques\\\/\"},{\"@type\":\"ListItem\",\"position\":3,\"name\":\"IC0913\"}]},{\"@type\":\"WebSite\",\"@id\":\"https:\\\/\\\/www.icomfort.ca\\\/fr\\\/#website\",\"url\":\"https:\\\/\\\/www.icomfort.ca\\\/fr\\\/\",\"name\":\"EBI iComfort\",\"description\":\"Escape to a place of pure bliss\",\"publisher\":{\"@id\":\"https:\\\/\\\/www.icomfort.ca\\\/fr\\\/#organization\"},\"potentialAction\":[{\"@type\":\"SearchAction\",\"target\":{\"@type\":\"EntryPoint\",\"urlTemplate\":\"https:\\\/\\\/www.icomfort.ca\\\/fr\\\/?s={search_term_string}\"},\"query-input\":{\"@type\":\"PropertyValueSpecification\",\"valueRequired\":true,\"valueName\":\"search_term_string\"}}],\"inLanguage\":\"fr-FR\"},{\"@type\":\"Organization\",\"@id\":\"https:\\\/\\\/www.icomfort.ca\\\/fr\\\/#organization\",\"name\":\"EBI iComfort\",\"url\":\"https:\\\/\\\/www.icomfort.ca\\\/fr\\\/\",\"logo\":{\"@type\":\"ImageObject\",\"inLanguage\":\"fr-FR\",\"@id\":\"https:\\\/\\\/www.icomfort.ca\\\/fr\\\/#\\\/schema\\\/logo\\\/image\\\/\",\"url\":\"https:\\\/\\\/www.icomfort.ca\\\/wp-content\\\/uploads\\\/2019\\\/10\\\/logo-icomfort.png\",\"contentUrl\":\"https:\\\/\\\/www.icomfort.ca\\\/wp-content\\\/uploads\\\/2019\\\/10\\\/logo-icomfort.png\",\"width\":177,\"height\":115,\"caption\":\"EBI iComfort\"},\"image\":{\"@id\":\"https:\\\/\\\/www.icomfort.ca\\\/fr\\\/#\\\/schema\\\/logo\\\/image\\\/\"}}]}<\/script>\n<!-- \/ Yoast SEO plugin. -->","yoast_head_json":{"title":"IC0913 | EBI iComfort","robots":{"index":"index","follow":"follow","max-snippet":"max-snippet:-1","max-image-preview":"max-image-preview:large","max-video-preview":"max-video-preview:-1"},"canonical":"https:\/\/www.icomfort.ca\/fr\/produit\/562\/","og_locale":"fr_FR","og_type":"article","og_title":"IC0913 | EBI iComfort","og_description":"IC0913 Masseur \u00e9lectrique Le nouveau masseur pour les pieds iComfort\u00ae ic0913 est \u00e9quip\u00e9 de quatre syst\u00e8mes de massages efficaces. Le massage par roulement, le massage par p\u00e9trissage, la vibration et le massage par compression d\u2019air. Les 2 rouleaux sont con\u00e7us pour masser efficacement sous vos pieds. Les plaques de p\u00e9trissage sous vos pieds vous procurent [&hellip;]","og_url":"https:\/\/www.icomfort.ca\/fr\/produit\/562\/","og_site_name":"EBI iComfort","article_modified_time":"2019-10-09T18:11:47+00:00","og_image":[{"width":1000,"height":1000,"url":"https:\/\/www.icomfort.ca\/wp-content\/uploads\/2019\/08\/ic0913.jpg","type":"image\/jpeg"}],"twitter_card":"summary_large_image","twitter_misc":{"Dur\u00e9e de lecture estim\u00e9e":"1 minute"},"schema":{"@context":"https:\/\/schema.org","@graph":[{"@type":"WebPage","@id":"https:\/\/www.icomfort.ca\/fr\/produit\/562\/","url":"https:\/\/www.icomfort.ca\/fr\/produit\/562\/","name":"IC0913 | EBI iComfort","isPartOf":{"@id":"https:\/\/www.icomfort.ca\/fr\/#website"},"primaryImageOfPage":{"@id":"https:\/\/www.icomfort.ca\/fr\/produit\/562\/#primaryimage"},"image":{"@id":"https:\/\/www.icomfort.ca\/fr\/produit\/562\/#primaryimage"},"thumbnailUrl":"https:\/\/www.icomfort.ca\/wp-content\/uploads\/2019\/08\/ic0913.jpg","datePublished":"2019-08-17T22:42:54+00:00","dateModified":"2019-10-09T18:11:47+00:00","breadcrumb":{"@id":"https:\/\/www.icomfort.ca\/fr\/produit\/562\/#breadcrumb"},"inLanguage":"fr-FR","potentialAction":[{"@type":"ReadAction","target":["https:\/\/www.icomfort.ca\/fr\/produit\/562\/"]}]},{"@type":"ImageObject","inLanguage":"fr-FR","@id":"https:\/\/www.icomfort.ca\/fr\/produit\/562\/#primaryimage","url":"https:\/\/www.icomfort.ca\/wp-content\/uploads\/2019\/08\/ic0913.jpg","contentUrl":"https:\/\/www.icomfort.ca\/wp-content\/uploads\/2019\/08\/ic0913.jpg","width":1000,"height":1000},{"@type":"BreadcrumbList","@id":"https:\/\/www.icomfort.ca\/fr\/produit\/562\/#breadcrumb","itemListElement":[{"@type":"ListItem","position":1,"name":"Accueil","item":"https:\/\/www.icomfort.ca\/fr\/home\/"},{"@type":"ListItem","position":2,"name":"Masseurs \u00e9lectriques","item":"https:\/\/www.icomfort.ca\/fr\/categorie-produit\/masseurs-electriques\/"},{"@type":"ListItem","position":3,"name":"IC0913"}]},{"@type":"WebSite","@id":"https:\/\/www.icomfort.ca\/fr\/#website","url":"https:\/\/www.icomfort.ca\/fr\/","name":"EBI iComfort","description":"Escape to a place of pure bliss","publisher":{"@id":"https:\/\/www.icomfort.ca\/fr\/#organization"},"potentialAction":[{"@type":"SearchAction","target":{"@type":"EntryPoint","urlTemplate":"https:\/\/www.icomfort.ca\/fr\/?s={search_term_string}"},"query-input":{"@type":"PropertyValueSpecification","valueRequired":true,"valueName":"search_term_string"}}],"inLanguage":"fr-FR"},{"@type":"Organization","@id":"https:\/\/www.icomfort.ca\/fr\/#organization","name":"EBI iComfort","url":"https:\/\/www.icomfort.ca\/fr\/","logo":{"@type":"ImageObject","inLanguage":"fr-FR","@id":"https:\/\/www.icomfort.ca\/fr\/#\/schema\/logo\/image\/","url":"https:\/\/www.icomfort.ca\/wp-content\/uploads\/2019\/10\/logo-icomfort.png","contentUrl":"https:\/\/www.icomfort.ca\/wp-content\/uploads\/2019\/10\/logo-icomfort.png","width":177,"height":115,"caption":"EBI iComfort"},"image":{"@id":"https:\/\/www.icomfort.ca\/fr\/#\/schema\/logo\/image\/"}}]}},"post_mailing_queue_ids":[],"_links":{"self":[{"href":"https:\/\/www.icomfort.ca\/fr\/wp-json\/wp\/v2\/product\/562","targetHints":{"allow":["GET"]}}],"collection":[{"href":"https:\/\/www.icomfort.ca\/fr\/wp-json\/wp\/v2\/product"}],"about":[{"href":"https:\/\/www.icomfort.ca\/fr\/wp-json\/wp\/v2\/types\/product"}],"wp:featuredmedia":[{"embeddable":true,"href":"https:\/\/www.icomfort.ca\/fr\/wp-json\/wp\/v2\/media\/563"}],"wp:attachment":[{"href":"https:\/\/www.icomfort.ca\/fr\/wp-json\/wp\/v2\/media?parent=562"}],"wp:term":[{"taxonomy":"product_brand","embeddable":true,"href":"https:\/\/www.icomfort.ca\/fr\/wp-json\/wp\/v2\/product_brand?post=562"},{"taxonomy":"product_cat","embeddable":true,"href":"https:\/\/www.icomfort.ca\/fr\/wp-json\/wp\/v2\/product_cat?post=562"},{"taxonomy":"product_tag","embeddable":true,"href":"https:\/\/www.icomfort.ca\/fr\/wp-json\/wp\/v2\/product_tag?post=562"}],"curies":[{"name":"wp","href":"https:\/\/api.w.org\/{rel}","templated":true}]}}