{"id":556,"date":"2019-08-17T22:39:38","date_gmt":"2019-08-17T22:39:38","guid":{"rendered":"https:\/\/www.icomfort.ca\/product\/ic0907\/"},"modified":"2019-10-09T18:31:46","modified_gmt":"2019-10-09T18:31:46","slug":"ic0907","status":"publish","type":"product","link":"https:\/\/www.icomfort.ca\/fr\/produit\/ic0907\/","title":{"rendered":"IC0907"},"content":{"rendered":"<h3>Masseur \u00e9lectrique IC0907<\/h3>\n<p>Le nouveau masseur pour pieds avec fonction de vibration et chaleur \u00e0 infrarouge ic0907 de iComfort\u00ae aide \u00e0 procurer une sensation de bien-\u00eatre \u00e0 vos pieds fatigu\u00e9s d\u2019une longue journ\u00e9e. Cet appareil versatile vous permet \u00e9galement de masser d\u2019autres parties du corps comme les mollets, les cuisses, et le bas du dos. Son action de vibration puissante, l\u2019utilisation de points de massages de r\u00e9flexologie pr\u00e9cis ainsi que la chaleur infrarouge aident \u00e0 vous procurer une sensation bienfaisante de relaxation. Vous vous sentirez comme si vous aviez des pieds neufs.<\/p>\n<p><strong>Caract\u00e9ristiques:<\/strong><\/p>\n<ul>\n<li>Minuterie automatique de 15 minutes<\/li>\n<li>Commande \u00e0 distance sans fils<\/li>\n<li>8 niveaux de chaleur \u00e0 infrarouge<\/li>\n<li>15 niveaux d\u2019ajustement de vitesse<\/li>\n<li>\u00c9cran \u00e0 DEL<\/li>\n<\/ul>\n","protected":false},"excerpt":{"rendered":"<p>Masseur \u00e9lectrique IC0907 Le nouveau masseur pour pieds avec fonction de vibration et chaleur \u00e0 infrarouge ic0907 de iComfort\u00ae aide \u00e0 procurer une sensation de bien-\u00eatre \u00e0 vos pieds fatigu\u00e9s d\u2019une longue journ\u00e9e. Cet appareil versatile vous permet \u00e9galement de masser d\u2019autres parties du corps comme les mollets, les cuisses, et le bas du dos. [&hellip;]<\/p>\n","protected":false},"featured_media":557,"template":"","meta":{"_acf_changed":false},"product_brand":[],"product_cat":[107],"product_tag":[],"class_list":{"0":"post-556","1":"product","2":"type-product","3":"status-publish","4":"has-post-thumbnail","6":"product_cat-masseurs-electriques","8":"first","9":"instock","10":"shipping-taxable","11":"purchasable","12":"product-type-simple"},"acf":[],"yoast_head":"<!-- This site is optimized with the Yoast SEO plugin v27.5 - https:\/\/yoast.com\/product\/yoast-seo-wordpress\/ -->\n<title>IC0907 | EBI iComfort<\/title>\n<meta name=\"robots\" content=\"index, follow, max-snippet:-1, max-image-preview:large, max-video-preview:-1\" \/>\n<link rel=\"canonical\" href=\"https:\/\/www.icomfort.ca\/fr\/produit\/ic0907\/\" \/>\n<meta property=\"og:locale\" content=\"fr_FR\" \/>\n<meta property=\"og:type\" content=\"article\" \/>\n<meta property=\"og:title\" content=\"IC0907 | EBI iComfort\" \/>\n<meta property=\"og:description\" content=\"Masseur \u00e9lectrique IC0907 Le nouveau masseur pour pieds avec fonction de vibration et chaleur \u00e0 infrarouge ic0907 de iComfort\u00ae aide \u00e0 procurer une sensation de bien-\u00eatre \u00e0 vos pieds fatigu\u00e9s d\u2019une longue journ\u00e9e. Cet appareil versatile vous permet \u00e9galement de masser d\u2019autres parties du corps comme les mollets, les cuisses, et le bas du dos. [&hellip;]\" \/>\n<meta property=\"og:url\" content=\"https:\/\/www.icomfort.ca\/fr\/produit\/ic0907\/\" \/>\n<meta property=\"og:site_name\" content=\"EBI iComfort\" \/>\n<meta property=\"article:modified_time\" content=\"2019-10-09T18:31:46+00:00\" \/>\n<meta property=\"og:image\" content=\"https:\/\/www.icomfort.ca\/wp-content\/uploads\/2019\/08\/ic0907.jpg\" \/>\n\t<meta property=\"og:image:width\" content=\"1000\" \/>\n\t<meta property=\"og:image:height\" content=\"1000\" \/>\n\t<meta property=\"og:image:type\" content=\"image\/jpeg\" \/>\n<meta name=\"twitter:card\" content=\"summary_large_image\" \/>\n<meta name=\"twitter:label1\" content=\"Dur\u00e9e de lecture estim\u00e9e\" \/>\n\t<meta name=\"twitter:data1\" content=\"1 minute\" \/>\n<script type=\"application\/ld+json\" class=\"yoast-schema-graph\">{\"@context\":\"https:\\\/\\\/schema.org\",\"@graph\":[{\"@type\":\"WebPage\",\"@id\":\"https:\\\/\\\/www.icomfort.ca\\\/fr\\\/produit\\\/ic0907\\\/\",\"url\":\"https:\\\/\\\/www.icomfort.ca\\\/fr\\\/produit\\\/ic0907\\\/\",\"name\":\"IC0907 | EBI iComfort\",\"isPartOf\":{\"@id\":\"https:\\\/\\\/www.icomfort.ca\\\/fr\\\/#website\"},\"primaryImageOfPage\":{\"@id\":\"https:\\\/\\\/www.icomfort.ca\\\/fr\\\/produit\\\/ic0907\\\/#primaryimage\"},\"image\":{\"@id\":\"https:\\\/\\\/www.icomfort.ca\\\/fr\\\/produit\\\/ic0907\\\/#primaryimage\"},\"thumbnailUrl\":\"https:\\\/\\\/www.icomfort.ca\\\/wp-content\\\/uploads\\\/2019\\\/08\\\/ic0907.jpg\",\"datePublished\":\"2019-08-17T22:39:38+00:00\",\"dateModified\":\"2019-10-09T18:31:46+00:00\",\"breadcrumb\":{\"@id\":\"https:\\\/\\\/www.icomfort.ca\\\/fr\\\/produit\\\/ic0907\\\/#breadcrumb\"},\"inLanguage\":\"fr-FR\",\"potentialAction\":[{\"@type\":\"ReadAction\",\"target\":[\"https:\\\/\\\/www.icomfort.ca\\\/fr\\\/produit\\\/ic0907\\\/\"]}]},{\"@type\":\"ImageObject\",\"inLanguage\":\"fr-FR\",\"@id\":\"https:\\\/\\\/www.icomfort.ca\\\/fr\\\/produit\\\/ic0907\\\/#primaryimage\",\"url\":\"https:\\\/\\\/www.icomfort.ca\\\/wp-content\\\/uploads\\\/2019\\\/08\\\/ic0907.jpg\",\"contentUrl\":\"https:\\\/\\\/www.icomfort.ca\\\/wp-content\\\/uploads\\\/2019\\\/08\\\/ic0907.jpg\",\"width\":1000,\"height\":1000},{\"@type\":\"BreadcrumbList\",\"@id\":\"https:\\\/\\\/www.icomfort.ca\\\/fr\\\/produit\\\/ic0907\\\/#breadcrumb\",\"itemListElement\":[{\"@type\":\"ListItem\",\"position\":1,\"name\":\"Accueil\",\"item\":\"https:\\\/\\\/www.icomfort.ca\\\/fr\\\/home\\\/\"},{\"@type\":\"ListItem\",\"position\":2,\"name\":\"Masseurs \u00e9lectriques\",\"item\":\"https:\\\/\\\/www.icomfort.ca\\\/fr\\\/categorie-produit\\\/masseurs-electriques\\\/\"},{\"@type\":\"ListItem\",\"position\":3,\"name\":\"IC0907\"}]},{\"@type\":\"WebSite\",\"@id\":\"https:\\\/\\\/www.icomfort.ca\\\/fr\\\/#website\",\"url\":\"https:\\\/\\\/www.icomfort.ca\\\/fr\\\/\",\"name\":\"EBI iComfort\",\"description\":\"Escape to a place of pure bliss\",\"publisher\":{\"@id\":\"https:\\\/\\\/www.icomfort.ca\\\/fr\\\/#organization\"},\"potentialAction\":[{\"@type\":\"SearchAction\",\"target\":{\"@type\":\"EntryPoint\",\"urlTemplate\":\"https:\\\/\\\/www.icomfort.ca\\\/fr\\\/?s={search_term_string}\"},\"query-input\":{\"@type\":\"PropertyValueSpecification\",\"valueRequired\":true,\"valueName\":\"search_term_string\"}}],\"inLanguage\":\"fr-FR\"},{\"@type\":\"Organization\",\"@id\":\"https:\\\/\\\/www.icomfort.ca\\\/fr\\\/#organization\",\"name\":\"EBI iComfort\",\"url\":\"https:\\\/\\\/www.icomfort.ca\\\/fr\\\/\",\"logo\":{\"@type\":\"ImageObject\",\"inLanguage\":\"fr-FR\",\"@id\":\"https:\\\/\\\/www.icomfort.ca\\\/fr\\\/#\\\/schema\\\/logo\\\/image\\\/\",\"url\":\"https:\\\/\\\/www.icomfort.ca\\\/wp-content\\\/uploads\\\/2019\\\/10\\\/logo-icomfort.png\",\"contentUrl\":\"https:\\\/\\\/www.icomfort.ca\\\/wp-content\\\/uploads\\\/2019\\\/10\\\/logo-icomfort.png\",\"width\":177,\"height\":115,\"caption\":\"EBI iComfort\"},\"image\":{\"@id\":\"https:\\\/\\\/www.icomfort.ca\\\/fr\\\/#\\\/schema\\\/logo\\\/image\\\/\"}}]}<\/script>\n<!-- \/ Yoast SEO plugin. -->","yoast_head_json":{"title":"IC0907 | EBI iComfort","robots":{"index":"index","follow":"follow","max-snippet":"max-snippet:-1","max-image-preview":"max-image-preview:large","max-video-preview":"max-video-preview:-1"},"canonical":"https:\/\/www.icomfort.ca\/fr\/produit\/ic0907\/","og_locale":"fr_FR","og_type":"article","og_title":"IC0907 | EBI iComfort","og_description":"Masseur \u00e9lectrique IC0907 Le nouveau masseur pour pieds avec fonction de vibration et chaleur \u00e0 infrarouge ic0907 de iComfort\u00ae aide \u00e0 procurer une sensation de bien-\u00eatre \u00e0 vos pieds fatigu\u00e9s d\u2019une longue journ\u00e9e. Cet appareil versatile vous permet \u00e9galement de masser d\u2019autres parties du corps comme les mollets, les cuisses, et le bas du dos. [&hellip;]","og_url":"https:\/\/www.icomfort.ca\/fr\/produit\/ic0907\/","og_site_name":"EBI iComfort","article_modified_time":"2019-10-09T18:31:46+00:00","og_image":[{"width":1000,"height":1000,"url":"https:\/\/www.icomfort.ca\/wp-content\/uploads\/2019\/08\/ic0907.jpg","type":"image\/jpeg"}],"twitter_card":"summary_large_image","twitter_misc":{"Dur\u00e9e de lecture estim\u00e9e":"1 minute"},"schema":{"@context":"https:\/\/schema.org","@graph":[{"@type":"WebPage","@id":"https:\/\/www.icomfort.ca\/fr\/produit\/ic0907\/","url":"https:\/\/www.icomfort.ca\/fr\/produit\/ic0907\/","name":"IC0907 | EBI iComfort","isPartOf":{"@id":"https:\/\/www.icomfort.ca\/fr\/#website"},"primaryImageOfPage":{"@id":"https:\/\/www.icomfort.ca\/fr\/produit\/ic0907\/#primaryimage"},"image":{"@id":"https:\/\/www.icomfort.ca\/fr\/produit\/ic0907\/#primaryimage"},"thumbnailUrl":"https:\/\/www.icomfort.ca\/wp-content\/uploads\/2019\/08\/ic0907.jpg","datePublished":"2019-08-17T22:39:38+00:00","dateModified":"2019-10-09T18:31:46+00:00","breadcrumb":{"@id":"https:\/\/www.icomfort.ca\/fr\/produit\/ic0907\/#breadcrumb"},"inLanguage":"fr-FR","potentialAction":[{"@type":"ReadAction","target":["https:\/\/www.icomfort.ca\/fr\/produit\/ic0907\/"]}]},{"@type":"ImageObject","inLanguage":"fr-FR","@id":"https:\/\/www.icomfort.ca\/fr\/produit\/ic0907\/#primaryimage","url":"https:\/\/www.icomfort.ca\/wp-content\/uploads\/2019\/08\/ic0907.jpg","contentUrl":"https:\/\/www.icomfort.ca\/wp-content\/uploads\/2019\/08\/ic0907.jpg","width":1000,"height":1000},{"@type":"BreadcrumbList","@id":"https:\/\/www.icomfort.ca\/fr\/produit\/ic0907\/#breadcrumb","itemListElement":[{"@type":"ListItem","position":1,"name":"Accueil","item":"https:\/\/www.icomfort.ca\/fr\/home\/"},{"@type":"ListItem","position":2,"name":"Masseurs \u00e9lectriques","item":"https:\/\/www.icomfort.ca\/fr\/categorie-produit\/masseurs-electriques\/"},{"@type":"ListItem","position":3,"name":"IC0907"}]},{"@type":"WebSite","@id":"https:\/\/www.icomfort.ca\/fr\/#website","url":"https:\/\/www.icomfort.ca\/fr\/","name":"EBI iComfort","description":"Escape to a place of pure bliss","publisher":{"@id":"https:\/\/www.icomfort.ca\/fr\/#organization"},"potentialAction":[{"@type":"SearchAction","target":{"@type":"EntryPoint","urlTemplate":"https:\/\/www.icomfort.ca\/fr\/?s={search_term_string}"},"query-input":{"@type":"PropertyValueSpecification","valueRequired":true,"valueName":"search_term_string"}}],"inLanguage":"fr-FR"},{"@type":"Organization","@id":"https:\/\/www.icomfort.ca\/fr\/#organization","name":"EBI iComfort","url":"https:\/\/www.icomfort.ca\/fr\/","logo":{"@type":"ImageObject","inLanguage":"fr-FR","@id":"https:\/\/www.icomfort.ca\/fr\/#\/schema\/logo\/image\/","url":"https:\/\/www.icomfort.ca\/wp-content\/uploads\/2019\/10\/logo-icomfort.png","contentUrl":"https:\/\/www.icomfort.ca\/wp-content\/uploads\/2019\/10\/logo-icomfort.png","width":177,"height":115,"caption":"EBI iComfort"},"image":{"@id":"https:\/\/www.icomfort.ca\/fr\/#\/schema\/logo\/image\/"}}]}},"post_mailing_queue_ids":[],"_links":{"self":[{"href":"https:\/\/www.icomfort.ca\/fr\/wp-json\/wp\/v2\/product\/556","targetHints":{"allow":["GET"]}}],"collection":[{"href":"https:\/\/www.icomfort.ca\/fr\/wp-json\/wp\/v2\/product"}],"about":[{"href":"https:\/\/www.icomfort.ca\/fr\/wp-json\/wp\/v2\/types\/product"}],"wp:featuredmedia":[{"embeddable":true,"href":"https:\/\/www.icomfort.ca\/fr\/wp-json\/wp\/v2\/media\/557"}],"wp:attachment":[{"href":"https:\/\/www.icomfort.ca\/fr\/wp-json\/wp\/v2\/media?parent=556"}],"wp:term":[{"taxonomy":"product_brand","embeddable":true,"href":"https:\/\/www.icomfort.ca\/fr\/wp-json\/wp\/v2\/product_brand?post=556"},{"taxonomy":"product_cat","embeddable":true,"href":"https:\/\/www.icomfort.ca\/fr\/wp-json\/wp\/v2\/product_cat?post=556"},{"taxonomy":"product_tag","embeddable":true,"href":"https:\/\/www.icomfort.ca\/fr\/wp-json\/wp\/v2\/product_tag?post=556"}],"curies":[{"name":"wp","href":"https:\/\/api.w.org\/{rel}","templated":true}]}}