{"id":549,"date":"2019-08-17T20:16:43","date_gmt":"2019-08-17T20:16:43","guid":{"rendered":"https:\/\/www.icomfort.ca\/product\/549\/"},"modified":"2019-10-09T19:20:10","modified_gmt":"2019-10-09T19:20:10","slug":"549","status":"publish","type":"product","link":"https:\/\/www.icomfort.ca\/fr\/produit\/549\/","title":{"rendered":"ic0900"},"content":{"rendered":"<h3>IC0900 Masseur \u00e9lectrique<\/h3>\n<p>La nouvelle chaufferette pour les pieds iComfort\u00ae ic0900 est con\u00e7ue pour offrir un confort et une sensation profonde de relaxation. Elle peut \u00eatre activ\u00e9e avec le panneau de contr\u00f4le ou la t\u00e9l\u00e9commande incluse. Reposez vos pieds sur la chaufferette ic0900 d\u2019iComfort\u00ae et profitez de sa chaleur r\u00e9confortante.Minuterie automatique de d\u00e9sactivation  apr\u00e8s 9 heures si non d\u00e9sactiv\u00e9e manuellement.<\/p>\n<ul>\n<li>9 niveaux d\u2019intensit\u00e9 de chaleur<\/li>\n<li>T\u00e9l\u00e9commande sans fil<\/li>\n<li>Couvercle en acier galvanis\u00e9<\/li>\n<li>Conception ergonomique<\/li>\n<li>Cordon d\u2019alimentation CA de 1,5 m<\/li>\n<\/ul>\n","protected":false},"excerpt":{"rendered":"<p>IC0900 Masseur \u00e9lectrique La nouvelle chaufferette pour les pieds iComfort\u00ae ic0900 est con\u00e7ue pour offrir un confort et une sensation profonde de relaxation. Elle peut \u00eatre activ\u00e9e avec le panneau de contr\u00f4le ou la t\u00e9l\u00e9commande incluse. Reposez vos pieds sur la chaufferette ic0900 d\u2019iComfort\u00ae et profitez de sa chaleur r\u00e9confortante.Minuterie automatique de d\u00e9sactivation apr\u00e8s 9 [&hellip;]<\/p>\n","protected":false},"featured_media":551,"template":"","meta":{"_acf_changed":false},"product_brand":[],"product_cat":[107],"product_tag":[],"class_list":{"0":"post-549","1":"product","2":"type-product","3":"status-publish","4":"has-post-thumbnail","6":"product_cat-masseurs-electriques","8":"first","9":"instock","10":"shipping-taxable","11":"purchasable","12":"product-type-simple"},"acf":[],"yoast_head":"<!-- This site is optimized with the Yoast SEO plugin v27.5 - https:\/\/yoast.com\/product\/yoast-seo-wordpress\/ -->\n<title>ic0900 | EBI iComfort<\/title>\n<meta name=\"robots\" content=\"index, follow, max-snippet:-1, max-image-preview:large, max-video-preview:-1\" \/>\n<link rel=\"canonical\" href=\"https:\/\/www.icomfort.ca\/fr\/produit\/549\/\" \/>\n<meta property=\"og:locale\" content=\"fr_FR\" \/>\n<meta property=\"og:type\" content=\"article\" \/>\n<meta property=\"og:title\" content=\"ic0900 | EBI iComfort\" \/>\n<meta property=\"og:description\" content=\"IC0900 Masseur \u00e9lectrique La nouvelle chaufferette pour les pieds iComfort\u00ae ic0900 est con\u00e7ue pour offrir un confort et une sensation profonde de relaxation. Elle peut \u00eatre activ\u00e9e avec le panneau de contr\u00f4le ou la t\u00e9l\u00e9commande incluse. Reposez vos pieds sur la chaufferette ic0900 d\u2019iComfort\u00ae et profitez de sa chaleur r\u00e9confortante.Minuterie automatique de d\u00e9sactivation apr\u00e8s 9 [&hellip;]\" \/>\n<meta property=\"og:url\" content=\"https:\/\/www.icomfort.ca\/fr\/produit\/549\/\" \/>\n<meta property=\"og:site_name\" content=\"EBI iComfort\" \/>\n<meta property=\"article:modified_time\" content=\"2019-10-09T19:20:10+00:00\" \/>\n<meta property=\"og:image\" content=\"https:\/\/www.icomfort.ca\/wp-content\/uploads\/2019\/08\/ic0900.jpg\" \/>\n\t<meta property=\"og:image:width\" content=\"1000\" \/>\n\t<meta property=\"og:image:height\" content=\"1000\" \/>\n\t<meta property=\"og:image:type\" content=\"image\/jpeg\" \/>\n<meta name=\"twitter:card\" content=\"summary_large_image\" \/>\n<script type=\"application\/ld+json\" class=\"yoast-schema-graph\">{\"@context\":\"https:\\\/\\\/schema.org\",\"@graph\":[{\"@type\":\"WebPage\",\"@id\":\"https:\\\/\\\/www.icomfort.ca\\\/fr\\\/produit\\\/549\\\/\",\"url\":\"https:\\\/\\\/www.icomfort.ca\\\/fr\\\/produit\\\/549\\\/\",\"name\":\"ic0900 | EBI iComfort\",\"isPartOf\":{\"@id\":\"https:\\\/\\\/www.icomfort.ca\\\/fr\\\/#website\"},\"primaryImageOfPage\":{\"@id\":\"https:\\\/\\\/www.icomfort.ca\\\/fr\\\/produit\\\/549\\\/#primaryimage\"},\"image\":{\"@id\":\"https:\\\/\\\/www.icomfort.ca\\\/fr\\\/produit\\\/549\\\/#primaryimage\"},\"thumbnailUrl\":\"https:\\\/\\\/www.icomfort.ca\\\/wp-content\\\/uploads\\\/2019\\\/08\\\/ic0900.jpg\",\"datePublished\":\"2019-08-17T20:16:43+00:00\",\"dateModified\":\"2019-10-09T19:20:10+00:00\",\"breadcrumb\":{\"@id\":\"https:\\\/\\\/www.icomfort.ca\\\/fr\\\/produit\\\/549\\\/#breadcrumb\"},\"inLanguage\":\"fr-FR\",\"potentialAction\":[{\"@type\":\"ReadAction\",\"target\":[\"https:\\\/\\\/www.icomfort.ca\\\/fr\\\/produit\\\/549\\\/\"]}]},{\"@type\":\"ImageObject\",\"inLanguage\":\"fr-FR\",\"@id\":\"https:\\\/\\\/www.icomfort.ca\\\/fr\\\/produit\\\/549\\\/#primaryimage\",\"url\":\"https:\\\/\\\/www.icomfort.ca\\\/wp-content\\\/uploads\\\/2019\\\/08\\\/ic0900.jpg\",\"contentUrl\":\"https:\\\/\\\/www.icomfort.ca\\\/wp-content\\\/uploads\\\/2019\\\/08\\\/ic0900.jpg\",\"width\":1000,\"height\":1000},{\"@type\":\"BreadcrumbList\",\"@id\":\"https:\\\/\\\/www.icomfort.ca\\\/fr\\\/produit\\\/549\\\/#breadcrumb\",\"itemListElement\":[{\"@type\":\"ListItem\",\"position\":1,\"name\":\"Accueil\",\"item\":\"https:\\\/\\\/www.icomfort.ca\\\/fr\\\/home\\\/\"},{\"@type\":\"ListItem\",\"position\":2,\"name\":\"Masseurs \u00e9lectriques\",\"item\":\"https:\\\/\\\/www.icomfort.ca\\\/fr\\\/categorie-produit\\\/masseurs-electriques\\\/\"},{\"@type\":\"ListItem\",\"position\":3,\"name\":\"ic0900\"}]},{\"@type\":\"WebSite\",\"@id\":\"https:\\\/\\\/www.icomfort.ca\\\/fr\\\/#website\",\"url\":\"https:\\\/\\\/www.icomfort.ca\\\/fr\\\/\",\"name\":\"EBI iComfort\",\"description\":\"Escape to a place of pure bliss\",\"publisher\":{\"@id\":\"https:\\\/\\\/www.icomfort.ca\\\/fr\\\/#organization\"},\"potentialAction\":[{\"@type\":\"SearchAction\",\"target\":{\"@type\":\"EntryPoint\",\"urlTemplate\":\"https:\\\/\\\/www.icomfort.ca\\\/fr\\\/?s={search_term_string}\"},\"query-input\":{\"@type\":\"PropertyValueSpecification\",\"valueRequired\":true,\"valueName\":\"search_term_string\"}}],\"inLanguage\":\"fr-FR\"},{\"@type\":\"Organization\",\"@id\":\"https:\\\/\\\/www.icomfort.ca\\\/fr\\\/#organization\",\"name\":\"EBI iComfort\",\"url\":\"https:\\\/\\\/www.icomfort.ca\\\/fr\\\/\",\"logo\":{\"@type\":\"ImageObject\",\"inLanguage\":\"fr-FR\",\"@id\":\"https:\\\/\\\/www.icomfort.ca\\\/fr\\\/#\\\/schema\\\/logo\\\/image\\\/\",\"url\":\"https:\\\/\\\/www.icomfort.ca\\\/wp-content\\\/uploads\\\/2019\\\/10\\\/logo-icomfort.png\",\"contentUrl\":\"https:\\\/\\\/www.icomfort.ca\\\/wp-content\\\/uploads\\\/2019\\\/10\\\/logo-icomfort.png\",\"width\":177,\"height\":115,\"caption\":\"EBI iComfort\"},\"image\":{\"@id\":\"https:\\\/\\\/www.icomfort.ca\\\/fr\\\/#\\\/schema\\\/logo\\\/image\\\/\"}}]}<\/script>\n<!-- \/ Yoast SEO plugin. -->","yoast_head_json":{"title":"ic0900 | EBI iComfort","robots":{"index":"index","follow":"follow","max-snippet":"max-snippet:-1","max-image-preview":"max-image-preview:large","max-video-preview":"max-video-preview:-1"},"canonical":"https:\/\/www.icomfort.ca\/fr\/produit\/549\/","og_locale":"fr_FR","og_type":"article","og_title":"ic0900 | EBI iComfort","og_description":"IC0900 Masseur \u00e9lectrique La nouvelle chaufferette pour les pieds iComfort\u00ae ic0900 est con\u00e7ue pour offrir un confort et une sensation profonde de relaxation. Elle peut \u00eatre activ\u00e9e avec le panneau de contr\u00f4le ou la t\u00e9l\u00e9commande incluse. Reposez vos pieds sur la chaufferette ic0900 d\u2019iComfort\u00ae et profitez de sa chaleur r\u00e9confortante.Minuterie automatique de d\u00e9sactivation apr\u00e8s 9 [&hellip;]","og_url":"https:\/\/www.icomfort.ca\/fr\/produit\/549\/","og_site_name":"EBI iComfort","article_modified_time":"2019-10-09T19:20:10+00:00","og_image":[{"width":1000,"height":1000,"url":"https:\/\/www.icomfort.ca\/wp-content\/uploads\/2019\/08\/ic0900.jpg","type":"image\/jpeg"}],"twitter_card":"summary_large_image","schema":{"@context":"https:\/\/schema.org","@graph":[{"@type":"WebPage","@id":"https:\/\/www.icomfort.ca\/fr\/produit\/549\/","url":"https:\/\/www.icomfort.ca\/fr\/produit\/549\/","name":"ic0900 | EBI iComfort","isPartOf":{"@id":"https:\/\/www.icomfort.ca\/fr\/#website"},"primaryImageOfPage":{"@id":"https:\/\/www.icomfort.ca\/fr\/produit\/549\/#primaryimage"},"image":{"@id":"https:\/\/www.icomfort.ca\/fr\/produit\/549\/#primaryimage"},"thumbnailUrl":"https:\/\/www.icomfort.ca\/wp-content\/uploads\/2019\/08\/ic0900.jpg","datePublished":"2019-08-17T20:16:43+00:00","dateModified":"2019-10-09T19:20:10+00:00","breadcrumb":{"@id":"https:\/\/www.icomfort.ca\/fr\/produit\/549\/#breadcrumb"},"inLanguage":"fr-FR","potentialAction":[{"@type":"ReadAction","target":["https:\/\/www.icomfort.ca\/fr\/produit\/549\/"]}]},{"@type":"ImageObject","inLanguage":"fr-FR","@id":"https:\/\/www.icomfort.ca\/fr\/produit\/549\/#primaryimage","url":"https:\/\/www.icomfort.ca\/wp-content\/uploads\/2019\/08\/ic0900.jpg","contentUrl":"https:\/\/www.icomfort.ca\/wp-content\/uploads\/2019\/08\/ic0900.jpg","width":1000,"height":1000},{"@type":"BreadcrumbList","@id":"https:\/\/www.icomfort.ca\/fr\/produit\/549\/#breadcrumb","itemListElement":[{"@type":"ListItem","position":1,"name":"Accueil","item":"https:\/\/www.icomfort.ca\/fr\/home\/"},{"@type":"ListItem","position":2,"name":"Masseurs \u00e9lectriques","item":"https:\/\/www.icomfort.ca\/fr\/categorie-produit\/masseurs-electriques\/"},{"@type":"ListItem","position":3,"name":"ic0900"}]},{"@type":"WebSite","@id":"https:\/\/www.icomfort.ca\/fr\/#website","url":"https:\/\/www.icomfort.ca\/fr\/","name":"EBI iComfort","description":"Escape to a place of pure bliss","publisher":{"@id":"https:\/\/www.icomfort.ca\/fr\/#organization"},"potentialAction":[{"@type":"SearchAction","target":{"@type":"EntryPoint","urlTemplate":"https:\/\/www.icomfort.ca\/fr\/?s={search_term_string}"},"query-input":{"@type":"PropertyValueSpecification","valueRequired":true,"valueName":"search_term_string"}}],"inLanguage":"fr-FR"},{"@type":"Organization","@id":"https:\/\/www.icomfort.ca\/fr\/#organization","name":"EBI iComfort","url":"https:\/\/www.icomfort.ca\/fr\/","logo":{"@type":"ImageObject","inLanguage":"fr-FR","@id":"https:\/\/www.icomfort.ca\/fr\/#\/schema\/logo\/image\/","url":"https:\/\/www.icomfort.ca\/wp-content\/uploads\/2019\/10\/logo-icomfort.png","contentUrl":"https:\/\/www.icomfort.ca\/wp-content\/uploads\/2019\/10\/logo-icomfort.png","width":177,"height":115,"caption":"EBI iComfort"},"image":{"@id":"https:\/\/www.icomfort.ca\/fr\/#\/schema\/logo\/image\/"}}]}},"post_mailing_queue_ids":[],"_links":{"self":[{"href":"https:\/\/www.icomfort.ca\/fr\/wp-json\/wp\/v2\/product\/549","targetHints":{"allow":["GET"]}}],"collection":[{"href":"https:\/\/www.icomfort.ca\/fr\/wp-json\/wp\/v2\/product"}],"about":[{"href":"https:\/\/www.icomfort.ca\/fr\/wp-json\/wp\/v2\/types\/product"}],"wp:featuredmedia":[{"embeddable":true,"href":"https:\/\/www.icomfort.ca\/fr\/wp-json\/wp\/v2\/media\/551"}],"wp:attachment":[{"href":"https:\/\/www.icomfort.ca\/fr\/wp-json\/wp\/v2\/media?parent=549"}],"wp:term":[{"taxonomy":"product_brand","embeddable":true,"href":"https:\/\/www.icomfort.ca\/fr\/wp-json\/wp\/v2\/product_brand?post=549"},{"taxonomy":"product_cat","embeddable":true,"href":"https:\/\/www.icomfort.ca\/fr\/wp-json\/wp\/v2\/product_cat?post=549"},{"taxonomy":"product_tag","embeddable":true,"href":"https:\/\/www.icomfort.ca\/fr\/wp-json\/wp\/v2\/product_tag?post=549"}],"curies":[{"name":"wp","href":"https:\/\/api.w.org\/{rel}","templated":true}]}}