{"id":530,"date":"2019-08-20T16:03:35","date_gmt":"2019-08-20T16:03:35","guid":{"rendered":"https:\/\/www.icomfort.ca\/product\/dossier-a-support-lombaire-pour-sauna-icomfortmc\/"},"modified":"2019-10-09T13:40:52","modified_gmt":"2019-10-09T13:40:52","slug":"dossier-a-support-lombaire-pour-sauna-icomfortmc","status":"publish","type":"product","link":"https:\/\/www.icomfort.ca\/fr\/produit\/dossier-a-support-lombaire-pour-sauna-icomfortmc\/","title":{"rendered":"DOSSIER \u00c0 SUPPORT LOMBAIRE pour sauna iComfort<sup>MC<\/sup>"},"content":{"rendered":"<h3>SAU-BACK<\/h3>\n<p>Le dossier \u00e0 support lombaire iComfort<sup>MC<\/sup> se moule \u00e0 la forme naturelle de votre corps. Fait de bois de pruche, ses lattes sont dispos\u00e9es horizontalement afin de vous procurer de longues ann\u00e9es de confort. Il peut \u00eatre dispos\u00e9 selon votre choix dans votre sauna iComfort<sup>MC<\/sup>.<\/p>\n","protected":false},"excerpt":{"rendered":"<p>SAU-BACK Le dossier \u00e0 support lombaire iComfortMC se moule \u00e0 la forme naturelle de votre corps. Fait de bois de pruche, ses lattes sont dispos\u00e9es horizontalement afin de vous procurer de longues ann\u00e9es de confort. Il peut \u00eatre dispos\u00e9 selon votre choix dans votre sauna iComfortMC.<\/p>\n","protected":false},"featured_media":531,"template":"","meta":{"_acf_changed":false},"product_brand":[],"product_cat":[89],"product_tag":[],"class_list":{"0":"post-530","1":"product","2":"type-product","3":"status-publish","4":"has-post-thumbnail","6":"product_cat-saunas-infrarouge","8":"first","9":"instock","10":"shipping-taxable","11":"purchasable","12":"product-type-simple"},"acf":[],"yoast_head":"<!-- This site is optimized with the Yoast SEO plugin v27.5 - https:\/\/yoast.com\/product\/yoast-seo-wordpress\/ -->\n<title>DOSSIER \u00c0 SUPPORT LOMBAIRE pour sauna iComfortMC | EBI iComfort<\/title>\n<meta name=\"robots\" content=\"index, follow, max-snippet:-1, max-image-preview:large, max-video-preview:-1\" \/>\n<link rel=\"canonical\" href=\"https:\/\/www.icomfort.ca\/fr\/produit\/dossier-a-support-lombaire-pour-sauna-icomfortmc\/\" \/>\n<meta property=\"og:locale\" content=\"fr_FR\" \/>\n<meta property=\"og:type\" content=\"article\" \/>\n<meta property=\"og:title\" content=\"DOSSIER \u00c0 SUPPORT LOMBAIRE pour sauna iComfortMC | EBI iComfort\" \/>\n<meta property=\"og:description\" content=\"SAU-BACK Le dossier \u00e0 support lombaire iComfortMC se moule \u00e0 la forme naturelle de votre corps. Fait de bois de pruche, ses lattes sont dispos\u00e9es horizontalement afin de vous procurer de longues ann\u00e9es de confort. Il peut \u00eatre dispos\u00e9 selon votre choix dans votre sauna iComfortMC.\" \/>\n<meta property=\"og:url\" content=\"https:\/\/www.icomfort.ca\/fr\/produit\/dossier-a-support-lombaire-pour-sauna-icomfortmc\/\" \/>\n<meta property=\"og:site_name\" content=\"EBI iComfort\" \/>\n<meta property=\"article:modified_time\" content=\"2019-10-09T13:40:52+00:00\" \/>\n<meta property=\"og:image\" content=\"https:\/\/www.icomfort.ca\/wp-content\/uploads\/2019\/08\/SAU-BACK.jpg\" \/>\n\t<meta property=\"og:image:width\" content=\"1000\" \/>\n\t<meta property=\"og:image:height\" content=\"1000\" \/>\n\t<meta property=\"og:image:type\" content=\"image\/jpeg\" \/>\n<meta name=\"twitter:card\" content=\"summary_large_image\" \/>\n<script type=\"application\/ld+json\" class=\"yoast-schema-graph\">{\"@context\":\"https:\\\/\\\/schema.org\",\"@graph\":[{\"@type\":\"WebPage\",\"@id\":\"https:\\\/\\\/www.icomfort.ca\\\/fr\\\/produit\\\/dossier-a-support-lombaire-pour-sauna-icomfortmc\\\/\",\"url\":\"https:\\\/\\\/www.icomfort.ca\\\/fr\\\/produit\\\/dossier-a-support-lombaire-pour-sauna-icomfortmc\\\/\",\"name\":\"DOSSIER \u00c0 SUPPORT LOMBAIRE pour sauna iComfortMC | EBI iComfort\",\"isPartOf\":{\"@id\":\"https:\\\/\\\/www.icomfort.ca\\\/fr\\\/#website\"},\"primaryImageOfPage\":{\"@id\":\"https:\\\/\\\/www.icomfort.ca\\\/fr\\\/produit\\\/dossier-a-support-lombaire-pour-sauna-icomfortmc\\\/#primaryimage\"},\"image\":{\"@id\":\"https:\\\/\\\/www.icomfort.ca\\\/fr\\\/produit\\\/dossier-a-support-lombaire-pour-sauna-icomfortmc\\\/#primaryimage\"},\"thumbnailUrl\":\"https:\\\/\\\/www.icomfort.ca\\\/wp-content\\\/uploads\\\/2019\\\/08\\\/SAU-BACK.jpg\",\"datePublished\":\"2019-08-20T16:03:35+00:00\",\"dateModified\":\"2019-10-09T13:40:52+00:00\",\"breadcrumb\":{\"@id\":\"https:\\\/\\\/www.icomfort.ca\\\/fr\\\/produit\\\/dossier-a-support-lombaire-pour-sauna-icomfortmc\\\/#breadcrumb\"},\"inLanguage\":\"fr-FR\",\"potentialAction\":[{\"@type\":\"ReadAction\",\"target\":[\"https:\\\/\\\/www.icomfort.ca\\\/fr\\\/produit\\\/dossier-a-support-lombaire-pour-sauna-icomfortmc\\\/\"]}]},{\"@type\":\"ImageObject\",\"inLanguage\":\"fr-FR\",\"@id\":\"https:\\\/\\\/www.icomfort.ca\\\/fr\\\/produit\\\/dossier-a-support-lombaire-pour-sauna-icomfortmc\\\/#primaryimage\",\"url\":\"https:\\\/\\\/www.icomfort.ca\\\/wp-content\\\/uploads\\\/2019\\\/08\\\/SAU-BACK.jpg\",\"contentUrl\":\"https:\\\/\\\/www.icomfort.ca\\\/wp-content\\\/uploads\\\/2019\\\/08\\\/SAU-BACK.jpg\",\"width\":1000,\"height\":1000},{\"@type\":\"BreadcrumbList\",\"@id\":\"https:\\\/\\\/www.icomfort.ca\\\/fr\\\/produit\\\/dossier-a-support-lombaire-pour-sauna-icomfortmc\\\/#breadcrumb\",\"itemListElement\":[{\"@type\":\"ListItem\",\"position\":1,\"name\":\"Accueil\",\"item\":\"https:\\\/\\\/www.icomfort.ca\\\/fr\\\/home\\\/\"},{\"@type\":\"ListItem\",\"position\":2,\"name\":\"Saunas infrarouge\",\"item\":\"https:\\\/\\\/www.icomfort.ca\\\/fr\\\/categorie-produit\\\/saunas-infrarouge\\\/\"},{\"@type\":\"ListItem\",\"position\":3,\"name\":\"DOSSIER \u00c0 SUPPORT LOMBAIRE pour sauna iComfortMC\"}]},{\"@type\":\"WebSite\",\"@id\":\"https:\\\/\\\/www.icomfort.ca\\\/fr\\\/#website\",\"url\":\"https:\\\/\\\/www.icomfort.ca\\\/fr\\\/\",\"name\":\"EBI iComfort\",\"description\":\"Escape to a place of pure bliss\",\"publisher\":{\"@id\":\"https:\\\/\\\/www.icomfort.ca\\\/fr\\\/#organization\"},\"potentialAction\":[{\"@type\":\"SearchAction\",\"target\":{\"@type\":\"EntryPoint\",\"urlTemplate\":\"https:\\\/\\\/www.icomfort.ca\\\/fr\\\/?s={search_term_string}\"},\"query-input\":{\"@type\":\"PropertyValueSpecification\",\"valueRequired\":true,\"valueName\":\"search_term_string\"}}],\"inLanguage\":\"fr-FR\"},{\"@type\":\"Organization\",\"@id\":\"https:\\\/\\\/www.icomfort.ca\\\/fr\\\/#organization\",\"name\":\"EBI iComfort\",\"url\":\"https:\\\/\\\/www.icomfort.ca\\\/fr\\\/\",\"logo\":{\"@type\":\"ImageObject\",\"inLanguage\":\"fr-FR\",\"@id\":\"https:\\\/\\\/www.icomfort.ca\\\/fr\\\/#\\\/schema\\\/logo\\\/image\\\/\",\"url\":\"https:\\\/\\\/www.icomfort.ca\\\/wp-content\\\/uploads\\\/2019\\\/10\\\/logo-icomfort.png\",\"contentUrl\":\"https:\\\/\\\/www.icomfort.ca\\\/wp-content\\\/uploads\\\/2019\\\/10\\\/logo-icomfort.png\",\"width\":177,\"height\":115,\"caption\":\"EBI iComfort\"},\"image\":{\"@id\":\"https:\\\/\\\/www.icomfort.ca\\\/fr\\\/#\\\/schema\\\/logo\\\/image\\\/\"}}]}<\/script>\n<!-- \/ Yoast SEO plugin. -->","yoast_head_json":{"title":"DOSSIER \u00c0 SUPPORT LOMBAIRE pour sauna iComfortMC | EBI iComfort","robots":{"index":"index","follow":"follow","max-snippet":"max-snippet:-1","max-image-preview":"max-image-preview:large","max-video-preview":"max-video-preview:-1"},"canonical":"https:\/\/www.icomfort.ca\/fr\/produit\/dossier-a-support-lombaire-pour-sauna-icomfortmc\/","og_locale":"fr_FR","og_type":"article","og_title":"DOSSIER \u00c0 SUPPORT LOMBAIRE pour sauna iComfortMC | EBI iComfort","og_description":"SAU-BACK Le dossier \u00e0 support lombaire iComfortMC se moule \u00e0 la forme naturelle de votre corps. Fait de bois de pruche, ses lattes sont dispos\u00e9es horizontalement afin de vous procurer de longues ann\u00e9es de confort. Il peut \u00eatre dispos\u00e9 selon votre choix dans votre sauna iComfortMC.","og_url":"https:\/\/www.icomfort.ca\/fr\/produit\/dossier-a-support-lombaire-pour-sauna-icomfortmc\/","og_site_name":"EBI iComfort","article_modified_time":"2019-10-09T13:40:52+00:00","og_image":[{"width":1000,"height":1000,"url":"https:\/\/www.icomfort.ca\/wp-content\/uploads\/2019\/08\/SAU-BACK.jpg","type":"image\/jpeg"}],"twitter_card":"summary_large_image","schema":{"@context":"https:\/\/schema.org","@graph":[{"@type":"WebPage","@id":"https:\/\/www.icomfort.ca\/fr\/produit\/dossier-a-support-lombaire-pour-sauna-icomfortmc\/","url":"https:\/\/www.icomfort.ca\/fr\/produit\/dossier-a-support-lombaire-pour-sauna-icomfortmc\/","name":"DOSSIER \u00c0 SUPPORT LOMBAIRE pour sauna iComfortMC | EBI iComfort","isPartOf":{"@id":"https:\/\/www.icomfort.ca\/fr\/#website"},"primaryImageOfPage":{"@id":"https:\/\/www.icomfort.ca\/fr\/produit\/dossier-a-support-lombaire-pour-sauna-icomfortmc\/#primaryimage"},"image":{"@id":"https:\/\/www.icomfort.ca\/fr\/produit\/dossier-a-support-lombaire-pour-sauna-icomfortmc\/#primaryimage"},"thumbnailUrl":"https:\/\/www.icomfort.ca\/wp-content\/uploads\/2019\/08\/SAU-BACK.jpg","datePublished":"2019-08-20T16:03:35+00:00","dateModified":"2019-10-09T13:40:52+00:00","breadcrumb":{"@id":"https:\/\/www.icomfort.ca\/fr\/produit\/dossier-a-support-lombaire-pour-sauna-icomfortmc\/#breadcrumb"},"inLanguage":"fr-FR","potentialAction":[{"@type":"ReadAction","target":["https:\/\/www.icomfort.ca\/fr\/produit\/dossier-a-support-lombaire-pour-sauna-icomfortmc\/"]}]},{"@type":"ImageObject","inLanguage":"fr-FR","@id":"https:\/\/www.icomfort.ca\/fr\/produit\/dossier-a-support-lombaire-pour-sauna-icomfortmc\/#primaryimage","url":"https:\/\/www.icomfort.ca\/wp-content\/uploads\/2019\/08\/SAU-BACK.jpg","contentUrl":"https:\/\/www.icomfort.ca\/wp-content\/uploads\/2019\/08\/SAU-BACK.jpg","width":1000,"height":1000},{"@type":"BreadcrumbList","@id":"https:\/\/www.icomfort.ca\/fr\/produit\/dossier-a-support-lombaire-pour-sauna-icomfortmc\/#breadcrumb","itemListElement":[{"@type":"ListItem","position":1,"name":"Accueil","item":"https:\/\/www.icomfort.ca\/fr\/home\/"},{"@type":"ListItem","position":2,"name":"Saunas infrarouge","item":"https:\/\/www.icomfort.ca\/fr\/categorie-produit\/saunas-infrarouge\/"},{"@type":"ListItem","position":3,"name":"DOSSIER \u00c0 SUPPORT LOMBAIRE pour sauna iComfortMC"}]},{"@type":"WebSite","@id":"https:\/\/www.icomfort.ca\/fr\/#website","url":"https:\/\/www.icomfort.ca\/fr\/","name":"EBI iComfort","description":"Escape to a place of pure bliss","publisher":{"@id":"https:\/\/www.icomfort.ca\/fr\/#organization"},"potentialAction":[{"@type":"SearchAction","target":{"@type":"EntryPoint","urlTemplate":"https:\/\/www.icomfort.ca\/fr\/?s={search_term_string}"},"query-input":{"@type":"PropertyValueSpecification","valueRequired":true,"valueName":"search_term_string"}}],"inLanguage":"fr-FR"},{"@type":"Organization","@id":"https:\/\/www.icomfort.ca\/fr\/#organization","name":"EBI iComfort","url":"https:\/\/www.icomfort.ca\/fr\/","logo":{"@type":"ImageObject","inLanguage":"fr-FR","@id":"https:\/\/www.icomfort.ca\/fr\/#\/schema\/logo\/image\/","url":"https:\/\/www.icomfort.ca\/wp-content\/uploads\/2019\/10\/logo-icomfort.png","contentUrl":"https:\/\/www.icomfort.ca\/wp-content\/uploads\/2019\/10\/logo-icomfort.png","width":177,"height":115,"caption":"EBI iComfort"},"image":{"@id":"https:\/\/www.icomfort.ca\/fr\/#\/schema\/logo\/image\/"}}]}},"post_mailing_queue_ids":[],"_links":{"self":[{"href":"https:\/\/www.icomfort.ca\/fr\/wp-json\/wp\/v2\/product\/530","targetHints":{"allow":["GET"]}}],"collection":[{"href":"https:\/\/www.icomfort.ca\/fr\/wp-json\/wp\/v2\/product"}],"about":[{"href":"https:\/\/www.icomfort.ca\/fr\/wp-json\/wp\/v2\/types\/product"}],"wp:featuredmedia":[{"embeddable":true,"href":"https:\/\/www.icomfort.ca\/fr\/wp-json\/wp\/v2\/media\/531"}],"wp:attachment":[{"href":"https:\/\/www.icomfort.ca\/fr\/wp-json\/wp\/v2\/media?parent=530"}],"wp:term":[{"taxonomy":"product_brand","embeddable":true,"href":"https:\/\/www.icomfort.ca\/fr\/wp-json\/wp\/v2\/product_brand?post=530"},{"taxonomy":"product_cat","embeddable":true,"href":"https:\/\/www.icomfort.ca\/fr\/wp-json\/wp\/v2\/product_cat?post=530"},{"taxonomy":"product_tag","embeddable":true,"href":"https:\/\/www.icomfort.ca\/fr\/wp-json\/wp\/v2\/product_tag?post=530"}],"curies":[{"name":"wp","href":"https:\/\/api.w.org\/{rel}","templated":true}]}}