{"id":526,"date":"2016-08-20T16:04:57","date_gmt":"2016-08-20T16:04:57","guid":{"rendered":"https:\/\/www.icomfort.ca\/product\/sau-at\/"},"modified":"2019-10-09T19:16:21","modified_gmt":"2019-10-09T19:16:21","slug":"sau-at","status":"publish","type":"product","link":"https:\/\/www.icomfort.ca\/fr\/produit\/sau-at\/","title":{"rendered":"ENSEMBLE D\u2019AROMATH\u00c9RAPIE pour sauna iComfort\u2122"},"content":{"rendered":"<h3>SAU-AT<\/h3>\n<p>L\u2019aromath\u00e9rapie utilise notre sens de l\u2019odorat pour agir en surface ou en profondeur sur notre sant\u00e9 et notre bien-\u00eatre.<br \/>En stimulant le syst\u00e8me nerveux, les ar\u00f4mes des huiles essentielles lancent un ordre d\u2019auto-r\u00e9gulation. Plus pr\u00e9cis\u00e9ment, l\u2019aromath\u00e9rapie pr\u00e9pare le corps \u00e0 lutter contre la maladie en stimulant le r\u00e9flexe d\u2019auto-gu\u00e9rison. La puissance du parfum d\u2019eucalyptus donne une impression de fra\u00eecheur et de vitalit\u00e9.<\/p>\n<p>Particuli\u00e8rement indiqu\u00e9 dans les affections respiratoires, l\u2019eucalyptus lib\u00e8re les bronches. Cette plante est utilis\u00e9e dans de nombreuses compositions pharmaceutiques pour ses multiples vertus anti-inflammatoire et anti-infectieuse.<\/p>\n","protected":false},"excerpt":{"rendered":"<p>SAU-AT L\u2019aromath\u00e9rapie utilise notre sens de l\u2019odorat pour agir en surface ou en profondeur sur notre sant\u00e9 et notre bien-\u00eatre.En stimulant le syst\u00e8me nerveux, les ar\u00f4mes des huiles essentielles lancent un ordre d\u2019auto-r\u00e9gulation. Plus pr\u00e9cis\u00e9ment, l\u2019aromath\u00e9rapie pr\u00e9pare le corps \u00e0 lutter contre la maladie en stimulant le r\u00e9flexe d\u2019auto-gu\u00e9rison. La puissance du parfum d\u2019eucalyptus donne [&hellip;]<\/p>\n","protected":false},"featured_media":527,"template":"","meta":{"_acf_changed":false},"product_brand":[],"product_cat":[89],"product_tag":[],"class_list":{"0":"post-526","1":"product","2":"type-product","3":"status-publish","4":"has-post-thumbnail","6":"product_cat-saunas-infrarouge","8":"first","9":"instock","10":"shipping-taxable","11":"purchasable","12":"product-type-simple"},"acf":[],"yoast_head":"<!-- This site is optimized with the Yoast SEO plugin v27.5 - https:\/\/yoast.com\/product\/yoast-seo-wordpress\/ -->\n<title>ENSEMBLE D\u2019AROMATH\u00c9RAPIE pour sauna iComfort\u2122 | EBI iComfort<\/title>\n<meta name=\"robots\" content=\"index, follow, max-snippet:-1, max-image-preview:large, max-video-preview:-1\" \/>\n<link rel=\"canonical\" href=\"https:\/\/www.icomfort.ca\/fr\/produit\/sau-at\/\" \/>\n<meta property=\"og:locale\" content=\"fr_FR\" \/>\n<meta property=\"og:type\" content=\"article\" \/>\n<meta property=\"og:title\" content=\"ENSEMBLE D\u2019AROMATH\u00c9RAPIE pour sauna iComfort\u2122 | EBI iComfort\" \/>\n<meta property=\"og:description\" content=\"SAU-AT L\u2019aromath\u00e9rapie utilise notre sens de l\u2019odorat pour agir en surface ou en profondeur sur notre sant\u00e9 et notre bien-\u00eatre.En stimulant le syst\u00e8me nerveux, les ar\u00f4mes des huiles essentielles lancent un ordre d\u2019auto-r\u00e9gulation. Plus pr\u00e9cis\u00e9ment, l\u2019aromath\u00e9rapie pr\u00e9pare le corps \u00e0 lutter contre la maladie en stimulant le r\u00e9flexe d\u2019auto-gu\u00e9rison. La puissance du parfum d\u2019eucalyptus donne [&hellip;]\" \/>\n<meta property=\"og:url\" content=\"https:\/\/www.icomfort.ca\/fr\/produit\/sau-at\/\" \/>\n<meta property=\"og:site_name\" content=\"EBI iComfort\" \/>\n<meta property=\"article:modified_time\" content=\"2019-10-09T19:16:21+00:00\" \/>\n<meta property=\"og:image\" content=\"https:\/\/www.icomfort.ca\/wp-content\/uploads\/2019\/08\/SAU-AT.jpg\" \/>\n\t<meta property=\"og:image:width\" content=\"1000\" \/>\n\t<meta property=\"og:image:height\" content=\"1000\" \/>\n\t<meta property=\"og:image:type\" content=\"image\/jpeg\" \/>\n<meta name=\"twitter:card\" content=\"summary_large_image\" \/>\n<meta name=\"twitter:label1\" content=\"Dur\u00e9e de lecture estim\u00e9e\" \/>\n\t<meta name=\"twitter:data1\" content=\"1 minute\" \/>\n<script type=\"application\/ld+json\" class=\"yoast-schema-graph\">{\"@context\":\"https:\\\/\\\/schema.org\",\"@graph\":[{\"@type\":\"WebPage\",\"@id\":\"https:\\\/\\\/www.icomfort.ca\\\/fr\\\/produit\\\/sau-at\\\/\",\"url\":\"https:\\\/\\\/www.icomfort.ca\\\/fr\\\/produit\\\/sau-at\\\/\",\"name\":\"ENSEMBLE D\u2019AROMATH\u00c9RAPIE pour sauna iComfort\u2122 | EBI iComfort\",\"isPartOf\":{\"@id\":\"https:\\\/\\\/www.icomfort.ca\\\/fr\\\/#website\"},\"primaryImageOfPage\":{\"@id\":\"https:\\\/\\\/www.icomfort.ca\\\/fr\\\/produit\\\/sau-at\\\/#primaryimage\"},\"image\":{\"@id\":\"https:\\\/\\\/www.icomfort.ca\\\/fr\\\/produit\\\/sau-at\\\/#primaryimage\"},\"thumbnailUrl\":\"https:\\\/\\\/www.icomfort.ca\\\/wp-content\\\/uploads\\\/2019\\\/08\\\/SAU-AT.jpg\",\"datePublished\":\"2016-08-20T16:04:57+00:00\",\"dateModified\":\"2019-10-09T19:16:21+00:00\",\"breadcrumb\":{\"@id\":\"https:\\\/\\\/www.icomfort.ca\\\/fr\\\/produit\\\/sau-at\\\/#breadcrumb\"},\"inLanguage\":\"fr-FR\",\"potentialAction\":[{\"@type\":\"ReadAction\",\"target\":[\"https:\\\/\\\/www.icomfort.ca\\\/fr\\\/produit\\\/sau-at\\\/\"]}]},{\"@type\":\"ImageObject\",\"inLanguage\":\"fr-FR\",\"@id\":\"https:\\\/\\\/www.icomfort.ca\\\/fr\\\/produit\\\/sau-at\\\/#primaryimage\",\"url\":\"https:\\\/\\\/www.icomfort.ca\\\/wp-content\\\/uploads\\\/2019\\\/08\\\/SAU-AT.jpg\",\"contentUrl\":\"https:\\\/\\\/www.icomfort.ca\\\/wp-content\\\/uploads\\\/2019\\\/08\\\/SAU-AT.jpg\",\"width\":1000,\"height\":1000},{\"@type\":\"BreadcrumbList\",\"@id\":\"https:\\\/\\\/www.icomfort.ca\\\/fr\\\/produit\\\/sau-at\\\/#breadcrumb\",\"itemListElement\":[{\"@type\":\"ListItem\",\"position\":1,\"name\":\"Accueil\",\"item\":\"https:\\\/\\\/www.icomfort.ca\\\/fr\\\/home\\\/\"},{\"@type\":\"ListItem\",\"position\":2,\"name\":\"Saunas infrarouge\",\"item\":\"https:\\\/\\\/www.icomfort.ca\\\/fr\\\/categorie-produit\\\/saunas-infrarouge\\\/\"},{\"@type\":\"ListItem\",\"position\":3,\"name\":\"ENSEMBLE D\u2019AROMATH\u00c9RAPIE pour sauna iComfort\u2122\"}]},{\"@type\":\"WebSite\",\"@id\":\"https:\\\/\\\/www.icomfort.ca\\\/fr\\\/#website\",\"url\":\"https:\\\/\\\/www.icomfort.ca\\\/fr\\\/\",\"name\":\"EBI iComfort\",\"description\":\"Escape to a place of pure bliss\",\"publisher\":{\"@id\":\"https:\\\/\\\/www.icomfort.ca\\\/fr\\\/#organization\"},\"potentialAction\":[{\"@type\":\"SearchAction\",\"target\":{\"@type\":\"EntryPoint\",\"urlTemplate\":\"https:\\\/\\\/www.icomfort.ca\\\/fr\\\/?s={search_term_string}\"},\"query-input\":{\"@type\":\"PropertyValueSpecification\",\"valueRequired\":true,\"valueName\":\"search_term_string\"}}],\"inLanguage\":\"fr-FR\"},{\"@type\":\"Organization\",\"@id\":\"https:\\\/\\\/www.icomfort.ca\\\/fr\\\/#organization\",\"name\":\"EBI iComfort\",\"url\":\"https:\\\/\\\/www.icomfort.ca\\\/fr\\\/\",\"logo\":{\"@type\":\"ImageObject\",\"inLanguage\":\"fr-FR\",\"@id\":\"https:\\\/\\\/www.icomfort.ca\\\/fr\\\/#\\\/schema\\\/logo\\\/image\\\/\",\"url\":\"https:\\\/\\\/www.icomfort.ca\\\/wp-content\\\/uploads\\\/2019\\\/10\\\/logo-icomfort.png\",\"contentUrl\":\"https:\\\/\\\/www.icomfort.ca\\\/wp-content\\\/uploads\\\/2019\\\/10\\\/logo-icomfort.png\",\"width\":177,\"height\":115,\"caption\":\"EBI iComfort\"},\"image\":{\"@id\":\"https:\\\/\\\/www.icomfort.ca\\\/fr\\\/#\\\/schema\\\/logo\\\/image\\\/\"}}]}<\/script>\n<!-- \/ Yoast SEO plugin. -->","yoast_head_json":{"title":"ENSEMBLE D\u2019AROMATH\u00c9RAPIE pour sauna iComfort\u2122 | EBI iComfort","robots":{"index":"index","follow":"follow","max-snippet":"max-snippet:-1","max-image-preview":"max-image-preview:large","max-video-preview":"max-video-preview:-1"},"canonical":"https:\/\/www.icomfort.ca\/fr\/produit\/sau-at\/","og_locale":"fr_FR","og_type":"article","og_title":"ENSEMBLE D\u2019AROMATH\u00c9RAPIE pour sauna iComfort\u2122 | EBI iComfort","og_description":"SAU-AT L\u2019aromath\u00e9rapie utilise notre sens de l\u2019odorat pour agir en surface ou en profondeur sur notre sant\u00e9 et notre bien-\u00eatre.En stimulant le syst\u00e8me nerveux, les ar\u00f4mes des huiles essentielles lancent un ordre d\u2019auto-r\u00e9gulation. Plus pr\u00e9cis\u00e9ment, l\u2019aromath\u00e9rapie pr\u00e9pare le corps \u00e0 lutter contre la maladie en stimulant le r\u00e9flexe d\u2019auto-gu\u00e9rison. La puissance du parfum d\u2019eucalyptus donne [&hellip;]","og_url":"https:\/\/www.icomfort.ca\/fr\/produit\/sau-at\/","og_site_name":"EBI iComfort","article_modified_time":"2019-10-09T19:16:21+00:00","og_image":[{"width":1000,"height":1000,"url":"https:\/\/www.icomfort.ca\/wp-content\/uploads\/2019\/08\/SAU-AT.jpg","type":"image\/jpeg"}],"twitter_card":"summary_large_image","twitter_misc":{"Dur\u00e9e de lecture estim\u00e9e":"1 minute"},"schema":{"@context":"https:\/\/schema.org","@graph":[{"@type":"WebPage","@id":"https:\/\/www.icomfort.ca\/fr\/produit\/sau-at\/","url":"https:\/\/www.icomfort.ca\/fr\/produit\/sau-at\/","name":"ENSEMBLE D\u2019AROMATH\u00c9RAPIE pour sauna iComfort\u2122 | EBI iComfort","isPartOf":{"@id":"https:\/\/www.icomfort.ca\/fr\/#website"},"primaryImageOfPage":{"@id":"https:\/\/www.icomfort.ca\/fr\/produit\/sau-at\/#primaryimage"},"image":{"@id":"https:\/\/www.icomfort.ca\/fr\/produit\/sau-at\/#primaryimage"},"thumbnailUrl":"https:\/\/www.icomfort.ca\/wp-content\/uploads\/2019\/08\/SAU-AT.jpg","datePublished":"2016-08-20T16:04:57+00:00","dateModified":"2019-10-09T19:16:21+00:00","breadcrumb":{"@id":"https:\/\/www.icomfort.ca\/fr\/produit\/sau-at\/#breadcrumb"},"inLanguage":"fr-FR","potentialAction":[{"@type":"ReadAction","target":["https:\/\/www.icomfort.ca\/fr\/produit\/sau-at\/"]}]},{"@type":"ImageObject","inLanguage":"fr-FR","@id":"https:\/\/www.icomfort.ca\/fr\/produit\/sau-at\/#primaryimage","url":"https:\/\/www.icomfort.ca\/wp-content\/uploads\/2019\/08\/SAU-AT.jpg","contentUrl":"https:\/\/www.icomfort.ca\/wp-content\/uploads\/2019\/08\/SAU-AT.jpg","width":1000,"height":1000},{"@type":"BreadcrumbList","@id":"https:\/\/www.icomfort.ca\/fr\/produit\/sau-at\/#breadcrumb","itemListElement":[{"@type":"ListItem","position":1,"name":"Accueil","item":"https:\/\/www.icomfort.ca\/fr\/home\/"},{"@type":"ListItem","position":2,"name":"Saunas infrarouge","item":"https:\/\/www.icomfort.ca\/fr\/categorie-produit\/saunas-infrarouge\/"},{"@type":"ListItem","position":3,"name":"ENSEMBLE D\u2019AROMATH\u00c9RAPIE pour sauna iComfort\u2122"}]},{"@type":"WebSite","@id":"https:\/\/www.icomfort.ca\/fr\/#website","url":"https:\/\/www.icomfort.ca\/fr\/","name":"EBI iComfort","description":"Escape to a place of pure bliss","publisher":{"@id":"https:\/\/www.icomfort.ca\/fr\/#organization"},"potentialAction":[{"@type":"SearchAction","target":{"@type":"EntryPoint","urlTemplate":"https:\/\/www.icomfort.ca\/fr\/?s={search_term_string}"},"query-input":{"@type":"PropertyValueSpecification","valueRequired":true,"valueName":"search_term_string"}}],"inLanguage":"fr-FR"},{"@type":"Organization","@id":"https:\/\/www.icomfort.ca\/fr\/#organization","name":"EBI iComfort","url":"https:\/\/www.icomfort.ca\/fr\/","logo":{"@type":"ImageObject","inLanguage":"fr-FR","@id":"https:\/\/www.icomfort.ca\/fr\/#\/schema\/logo\/image\/","url":"https:\/\/www.icomfort.ca\/wp-content\/uploads\/2019\/10\/logo-icomfort.png","contentUrl":"https:\/\/www.icomfort.ca\/wp-content\/uploads\/2019\/10\/logo-icomfort.png","width":177,"height":115,"caption":"EBI iComfort"},"image":{"@id":"https:\/\/www.icomfort.ca\/fr\/#\/schema\/logo\/image\/"}}]}},"post_mailing_queue_ids":[],"_links":{"self":[{"href":"https:\/\/www.icomfort.ca\/fr\/wp-json\/wp\/v2\/product\/526","targetHints":{"allow":["GET"]}}],"collection":[{"href":"https:\/\/www.icomfort.ca\/fr\/wp-json\/wp\/v2\/product"}],"about":[{"href":"https:\/\/www.icomfort.ca\/fr\/wp-json\/wp\/v2\/types\/product"}],"wp:featuredmedia":[{"embeddable":true,"href":"https:\/\/www.icomfort.ca\/fr\/wp-json\/wp\/v2\/media\/527"}],"wp:attachment":[{"href":"https:\/\/www.icomfort.ca\/fr\/wp-json\/wp\/v2\/media?parent=526"}],"wp:term":[{"taxonomy":"product_brand","embeddable":true,"href":"https:\/\/www.icomfort.ca\/fr\/wp-json\/wp\/v2\/product_brand?post=526"},{"taxonomy":"product_cat","embeddable":true,"href":"https:\/\/www.icomfort.ca\/fr\/wp-json\/wp\/v2\/product_cat?post=526"},{"taxonomy":"product_tag","embeddable":true,"href":"https:\/\/www.icomfort.ca\/fr\/wp-json\/wp\/v2\/product_tag?post=526"}],"curies":[{"name":"wp","href":"https:\/\/api.w.org\/{rel}","templated":true}]}}