{"id":2034,"date":"2025-09-11T15:03:45","date_gmt":"2025-09-11T15:03:45","guid":{"rendered":"https:\/\/www.icomfort.ca\/?post_type=product&#038;p=2034"},"modified":"2025-09-11T15:27:24","modified_gmt":"2025-09-11T15:27:24","slug":"wes41-9898-3d-copy","status":"publish","type":"product","link":"https:\/\/www.icomfort.ca\/fr\/produit\/wes41-9898-3d-copy\/","title":{"rendered":"IC9900-4D-BLACK"},"content":{"rendered":"<h3>Fauteuil de massage noir IC9900-4D<\/h3>\n<ul>\n<li>Fauteuil de massage 4D<\/li>\n<li>Syst\u00e8me de massage SL-Shape<\/li>\n<li>20 modes de massage automatiques<\/li>\n<li>6 types de massage diff\u00e9rents<\/li>\n<li>32 coussins gonflables pour tout le corps<\/li>\n<li>Mode z\u00e9ro gravit\u00e9 pour soulager la pression vert\u00e9brale<\/li>\n<li>Connexion Bluetooth<\/li>\n<li>Syst\u00e8me audio num\u00e9rique<\/li>\n<li>Commande vocale intelligente et fonction de reconnaissance<\/li>\n<li>Massage des mollets et des pieds<\/li>\n<li>Chauffage du dos<\/li>\n<li>D\u00e9tection de l&rsquo;\u00e9tat de sant\u00e9<\/li>\n<li>T\u00e9l\u00e9commande tactile<\/li>\n<li>Commande vocale intelligente et fonction de reconnaissance<\/li>\n<li>Chauffage dorsal<\/li>\n<li>T\u00e9l\u00e9commande tactile<\/li>\n<li>Rouleaux de massage sous les pieds<\/li>\n<\/ul>\n","protected":false},"excerpt":{"rendered":"<p>Fauteuil de massage noir IC9900-4D Fauteuil de massage 4D Syst\u00e8me de massage SL-Shape 20 modes de massage automatiques 6 types de massage diff\u00e9rents 32 coussins gonflables pour tout le corps Mode z\u00e9ro gravit\u00e9 pour soulager la pression vert\u00e9brale Connexion Bluetooth Syst\u00e8me audio num\u00e9rique Commande vocale intelligente et fonction de reconnaissance Massage des mollets et des [&hellip;]<\/p>\n","protected":false},"featured_media":2057,"template":"","meta":{"_acf_changed":false},"product_brand":[],"product_cat":[102],"product_tag":[],"class_list":{"0":"post-2034","1":"product","2":"type-product","3":"status-publish","4":"has-post-thumbnail","6":"product_cat-chaises-de-massage","8":"first","9":"instock","10":"shipping-taxable","11":"purchasable","12":"product-type-simple"},"acf":[],"yoast_head":"<!-- This site is optimized with the Yoast SEO plugin v27.5 - https:\/\/yoast.com\/product\/yoast-seo-wordpress\/ -->\n<title>IC9900-4D-BLACK | EBI iComfort<\/title>\n<meta name=\"robots\" content=\"index, follow, max-snippet:-1, max-image-preview:large, max-video-preview:-1\" \/>\n<link rel=\"canonical\" href=\"https:\/\/www.icomfort.ca\/fr\/produit\/wes41-9898-3d-copy\/\" \/>\n<meta property=\"og:locale\" content=\"fr_FR\" \/>\n<meta property=\"og:type\" content=\"article\" \/>\n<meta property=\"og:title\" content=\"IC9900-4D-BLACK | EBI iComfort\" \/>\n<meta property=\"og:description\" content=\"Fauteuil de massage noir IC9900-4D Fauteuil de massage 4D Syst\u00e8me de massage SL-Shape 20 modes de massage automatiques 6 types de massage diff\u00e9rents 32 coussins gonflables pour tout le corps Mode z\u00e9ro gravit\u00e9 pour soulager la pression vert\u00e9brale Connexion Bluetooth Syst\u00e8me audio num\u00e9rique Commande vocale intelligente et fonction de reconnaissance Massage des mollets et des [&hellip;]\" \/>\n<meta property=\"og:url\" content=\"https:\/\/www.icomfort.ca\/fr\/produit\/wes41-9898-3d-copy\/\" \/>\n<meta property=\"og:site_name\" content=\"EBI iComfort\" \/>\n<meta property=\"article:modified_time\" content=\"2025-09-11T15:27:24+00:00\" \/>\n<meta property=\"og:image\" content=\"https:\/\/www.icomfort.ca\/wp-content\/uploads\/2025\/09\/IC9900-4D-BLACK_Main.jpg\" \/>\n\t<meta property=\"og:image:width\" content=\"2000\" \/>\n\t<meta property=\"og:image:height\" content=\"1781\" \/>\n\t<meta property=\"og:image:type\" content=\"image\/jpeg\" \/>\n<meta name=\"twitter:card\" content=\"summary_large_image\" \/>\n<meta name=\"twitter:label1\" content=\"Dur\u00e9e de lecture estim\u00e9e\" \/>\n\t<meta name=\"twitter:data1\" content=\"1 minute\" \/>\n<script type=\"application\/ld+json\" class=\"yoast-schema-graph\">{\"@context\":\"https:\\\/\\\/schema.org\",\"@graph\":[{\"@type\":\"WebPage\",\"@id\":\"https:\\\/\\\/www.icomfort.ca\\\/fr\\\/produit\\\/wes41-9898-3d-copy\\\/\",\"url\":\"https:\\\/\\\/www.icomfort.ca\\\/fr\\\/produit\\\/wes41-9898-3d-copy\\\/\",\"name\":\"IC9900-4D-BLACK | EBI iComfort\",\"isPartOf\":{\"@id\":\"https:\\\/\\\/www.icomfort.ca\\\/fr\\\/#website\"},\"primaryImageOfPage\":{\"@id\":\"https:\\\/\\\/www.icomfort.ca\\\/fr\\\/produit\\\/wes41-9898-3d-copy\\\/#primaryimage\"},\"image\":{\"@id\":\"https:\\\/\\\/www.icomfort.ca\\\/fr\\\/produit\\\/wes41-9898-3d-copy\\\/#primaryimage\"},\"thumbnailUrl\":\"https:\\\/\\\/www.icomfort.ca\\\/wp-content\\\/uploads\\\/2025\\\/09\\\/IC9900-4D-BLACK_Main.jpg\",\"datePublished\":\"2025-09-11T15:03:45+00:00\",\"dateModified\":\"2025-09-11T15:27:24+00:00\",\"breadcrumb\":{\"@id\":\"https:\\\/\\\/www.icomfort.ca\\\/fr\\\/produit\\\/wes41-9898-3d-copy\\\/#breadcrumb\"},\"inLanguage\":\"fr-FR\",\"potentialAction\":[{\"@type\":\"ReadAction\",\"target\":[\"https:\\\/\\\/www.icomfort.ca\\\/fr\\\/produit\\\/wes41-9898-3d-copy\\\/\"]}]},{\"@type\":\"ImageObject\",\"inLanguage\":\"fr-FR\",\"@id\":\"https:\\\/\\\/www.icomfort.ca\\\/fr\\\/produit\\\/wes41-9898-3d-copy\\\/#primaryimage\",\"url\":\"https:\\\/\\\/www.icomfort.ca\\\/wp-content\\\/uploads\\\/2025\\\/09\\\/IC9900-4D-BLACK_Main.jpg\",\"contentUrl\":\"https:\\\/\\\/www.icomfort.ca\\\/wp-content\\\/uploads\\\/2025\\\/09\\\/IC9900-4D-BLACK_Main.jpg\",\"width\":2000,\"height\":1781},{\"@type\":\"BreadcrumbList\",\"@id\":\"https:\\\/\\\/www.icomfort.ca\\\/fr\\\/produit\\\/wes41-9898-3d-copy\\\/#breadcrumb\",\"itemListElement\":[{\"@type\":\"ListItem\",\"position\":1,\"name\":\"Accueil\",\"item\":\"https:\\\/\\\/www.icomfort.ca\\\/fr\\\/home\\\/\"},{\"@type\":\"ListItem\",\"position\":2,\"name\":\"Chaises de massage\",\"item\":\"https:\\\/\\\/www.icomfort.ca\\\/fr\\\/categorie-produit\\\/chaises-de-massage\\\/\"},{\"@type\":\"ListItem\",\"position\":3,\"name\":\"IC9900-4D-BLACK\"}]},{\"@type\":\"WebSite\",\"@id\":\"https:\\\/\\\/www.icomfort.ca\\\/fr\\\/#website\",\"url\":\"https:\\\/\\\/www.icomfort.ca\\\/fr\\\/\",\"name\":\"EBI iComfort\",\"description\":\"Escape to a place of pure bliss\",\"publisher\":{\"@id\":\"https:\\\/\\\/www.icomfort.ca\\\/fr\\\/#organization\"},\"potentialAction\":[{\"@type\":\"SearchAction\",\"target\":{\"@type\":\"EntryPoint\",\"urlTemplate\":\"https:\\\/\\\/www.icomfort.ca\\\/fr\\\/?s={search_term_string}\"},\"query-input\":{\"@type\":\"PropertyValueSpecification\",\"valueRequired\":true,\"valueName\":\"search_term_string\"}}],\"inLanguage\":\"fr-FR\"},{\"@type\":\"Organization\",\"@id\":\"https:\\\/\\\/www.icomfort.ca\\\/fr\\\/#organization\",\"name\":\"EBI iComfort\",\"url\":\"https:\\\/\\\/www.icomfort.ca\\\/fr\\\/\",\"logo\":{\"@type\":\"ImageObject\",\"inLanguage\":\"fr-FR\",\"@id\":\"https:\\\/\\\/www.icomfort.ca\\\/fr\\\/#\\\/schema\\\/logo\\\/image\\\/\",\"url\":\"https:\\\/\\\/www.icomfort.ca\\\/wp-content\\\/uploads\\\/2019\\\/10\\\/logo-icomfort.png\",\"contentUrl\":\"https:\\\/\\\/www.icomfort.ca\\\/wp-content\\\/uploads\\\/2019\\\/10\\\/logo-icomfort.png\",\"width\":177,\"height\":115,\"caption\":\"EBI iComfort\"},\"image\":{\"@id\":\"https:\\\/\\\/www.icomfort.ca\\\/fr\\\/#\\\/schema\\\/logo\\\/image\\\/\"}}]}<\/script>\n<!-- \/ Yoast SEO plugin. -->","yoast_head_json":{"title":"IC9900-4D-BLACK | EBI iComfort","robots":{"index":"index","follow":"follow","max-snippet":"max-snippet:-1","max-image-preview":"max-image-preview:large","max-video-preview":"max-video-preview:-1"},"canonical":"https:\/\/www.icomfort.ca\/fr\/produit\/wes41-9898-3d-copy\/","og_locale":"fr_FR","og_type":"article","og_title":"IC9900-4D-BLACK | EBI iComfort","og_description":"Fauteuil de massage noir IC9900-4D Fauteuil de massage 4D Syst\u00e8me de massage SL-Shape 20 modes de massage automatiques 6 types de massage diff\u00e9rents 32 coussins gonflables pour tout le corps Mode z\u00e9ro gravit\u00e9 pour soulager la pression vert\u00e9brale Connexion Bluetooth Syst\u00e8me audio num\u00e9rique Commande vocale intelligente et fonction de reconnaissance Massage des mollets et des [&hellip;]","og_url":"https:\/\/www.icomfort.ca\/fr\/produit\/wes41-9898-3d-copy\/","og_site_name":"EBI iComfort","article_modified_time":"2025-09-11T15:27:24+00:00","og_image":[{"width":2000,"height":1781,"url":"https:\/\/www.icomfort.ca\/wp-content\/uploads\/2025\/09\/IC9900-4D-BLACK_Main.jpg","type":"image\/jpeg"}],"twitter_card":"summary_large_image","twitter_misc":{"Dur\u00e9e de lecture estim\u00e9e":"1 minute"},"schema":{"@context":"https:\/\/schema.org","@graph":[{"@type":"WebPage","@id":"https:\/\/www.icomfort.ca\/fr\/produit\/wes41-9898-3d-copy\/","url":"https:\/\/www.icomfort.ca\/fr\/produit\/wes41-9898-3d-copy\/","name":"IC9900-4D-BLACK | EBI iComfort","isPartOf":{"@id":"https:\/\/www.icomfort.ca\/fr\/#website"},"primaryImageOfPage":{"@id":"https:\/\/www.icomfort.ca\/fr\/produit\/wes41-9898-3d-copy\/#primaryimage"},"image":{"@id":"https:\/\/www.icomfort.ca\/fr\/produit\/wes41-9898-3d-copy\/#primaryimage"},"thumbnailUrl":"https:\/\/www.icomfort.ca\/wp-content\/uploads\/2025\/09\/IC9900-4D-BLACK_Main.jpg","datePublished":"2025-09-11T15:03:45+00:00","dateModified":"2025-09-11T15:27:24+00:00","breadcrumb":{"@id":"https:\/\/www.icomfort.ca\/fr\/produit\/wes41-9898-3d-copy\/#breadcrumb"},"inLanguage":"fr-FR","potentialAction":[{"@type":"ReadAction","target":["https:\/\/www.icomfort.ca\/fr\/produit\/wes41-9898-3d-copy\/"]}]},{"@type":"ImageObject","inLanguage":"fr-FR","@id":"https:\/\/www.icomfort.ca\/fr\/produit\/wes41-9898-3d-copy\/#primaryimage","url":"https:\/\/www.icomfort.ca\/wp-content\/uploads\/2025\/09\/IC9900-4D-BLACK_Main.jpg","contentUrl":"https:\/\/www.icomfort.ca\/wp-content\/uploads\/2025\/09\/IC9900-4D-BLACK_Main.jpg","width":2000,"height":1781},{"@type":"BreadcrumbList","@id":"https:\/\/www.icomfort.ca\/fr\/produit\/wes41-9898-3d-copy\/#breadcrumb","itemListElement":[{"@type":"ListItem","position":1,"name":"Accueil","item":"https:\/\/www.icomfort.ca\/fr\/home\/"},{"@type":"ListItem","position":2,"name":"Chaises de massage","item":"https:\/\/www.icomfort.ca\/fr\/categorie-produit\/chaises-de-massage\/"},{"@type":"ListItem","position":3,"name":"IC9900-4D-BLACK"}]},{"@type":"WebSite","@id":"https:\/\/www.icomfort.ca\/fr\/#website","url":"https:\/\/www.icomfort.ca\/fr\/","name":"EBI iComfort","description":"Escape to a place of pure bliss","publisher":{"@id":"https:\/\/www.icomfort.ca\/fr\/#organization"},"potentialAction":[{"@type":"SearchAction","target":{"@type":"EntryPoint","urlTemplate":"https:\/\/www.icomfort.ca\/fr\/?s={search_term_string}"},"query-input":{"@type":"PropertyValueSpecification","valueRequired":true,"valueName":"search_term_string"}}],"inLanguage":"fr-FR"},{"@type":"Organization","@id":"https:\/\/www.icomfort.ca\/fr\/#organization","name":"EBI iComfort","url":"https:\/\/www.icomfort.ca\/fr\/","logo":{"@type":"ImageObject","inLanguage":"fr-FR","@id":"https:\/\/www.icomfort.ca\/fr\/#\/schema\/logo\/image\/","url":"https:\/\/www.icomfort.ca\/wp-content\/uploads\/2019\/10\/logo-icomfort.png","contentUrl":"https:\/\/www.icomfort.ca\/wp-content\/uploads\/2019\/10\/logo-icomfort.png","width":177,"height":115,"caption":"EBI iComfort"},"image":{"@id":"https:\/\/www.icomfort.ca\/fr\/#\/schema\/logo\/image\/"}}]}},"post_mailing_queue_ids":[],"_links":{"self":[{"href":"https:\/\/www.icomfort.ca\/fr\/wp-json\/wp\/v2\/product\/2034","targetHints":{"allow":["GET"]}}],"collection":[{"href":"https:\/\/www.icomfort.ca\/fr\/wp-json\/wp\/v2\/product"}],"about":[{"href":"https:\/\/www.icomfort.ca\/fr\/wp-json\/wp\/v2\/types\/product"}],"wp:featuredmedia":[{"embeddable":true,"href":"https:\/\/www.icomfort.ca\/fr\/wp-json\/wp\/v2\/media\/2057"}],"wp:attachment":[{"href":"https:\/\/www.icomfort.ca\/fr\/wp-json\/wp\/v2\/media?parent=2034"}],"wp:term":[{"taxonomy":"product_brand","embeddable":true,"href":"https:\/\/www.icomfort.ca\/fr\/wp-json\/wp\/v2\/product_brand?post=2034"},{"taxonomy":"product_cat","embeddable":true,"href":"https:\/\/www.icomfort.ca\/fr\/wp-json\/wp\/v2\/product_cat?post=2034"},{"taxonomy":"product_tag","embeddable":true,"href":"https:\/\/www.icomfort.ca\/fr\/wp-json\/wp\/v2\/product_tag?post=2034"}],"curies":[{"name":"wp","href":"https:\/\/api.w.org\/{rel}","templated":true}]}}