{"id":1692,"date":"2025-09-11T14:15:51","date_gmt":"2025-09-11T14:15:51","guid":{"rendered":"https:\/\/www.icomfort.ca\/?post_type=product&#038;p=1692"},"modified":"2025-09-11T14:18:38","modified_gmt":"2025-09-11T14:18:38","slug":"ic7788-beige-copy","status":"publish","type":"product","link":"https:\/\/www.icomfort.ca\/fr\/produit\/ic7788-beige-copy\/","title":{"rendered":"IC7788-Brown"},"content":{"rendered":"<h3>Fauteuil de massage brun IC7788<\/h3>\n<ul>\n<li>Fauteuil de massage 2D<\/li>\n<li>Syst\u00e8me de massage SL-Shape<\/li>\n<li>8 modes de massage automatiques<\/li>\n<li>28 coussins gonflables, quatre modes et niveaux d&rsquo;intensit\u00e9 diff\u00e9rents<\/li>\n<li>5 types de massage haute performance<\/li>\n<li>Mode z\u00e9ro gravit\u00e9 pour soulager la pression vert\u00e9brale<\/li>\n<li>Connexion Bluetooth<\/li>\n<li>Syst\u00e8me audio num\u00e9rique<\/li>\n<li>Commande vocale intelligente et fonction de reconnaissance<\/li>\n<li>T\u00e9l\u00e9commande avec \u00e9cran LCD couleur et minuterie<\/li>\n<li>Chauffage dorsal et rouleaux apaisants sous les pieds<\/li>\n<\/ul>\n","protected":false},"excerpt":{"rendered":"<p>Fauteuil de massage brun IC7788 Fauteuil de massage 2D Syst\u00e8me de massage SL-Shape 8 modes de massage automatiques 28 coussins gonflables, quatre modes et niveaux d&rsquo;intensit\u00e9 diff\u00e9rents 5 types de massage haute performance Mode z\u00e9ro gravit\u00e9 pour soulager la pression vert\u00e9brale Connexion Bluetooth Syst\u00e8me audio num\u00e9rique Commande vocale intelligente et fonction de reconnaissance T\u00e9l\u00e9commande avec [&hellip;]<\/p>\n","protected":false},"featured_media":1706,"template":"","meta":{"_acf_changed":false},"product_brand":[],"product_cat":[102],"product_tag":[],"class_list":{"0":"post-1692","1":"product","2":"type-product","3":"status-publish","4":"has-post-thumbnail","6":"product_cat-chaises-de-massage","8":"first","9":"instock","10":"shipping-taxable","11":"purchasable","12":"product-type-simple"},"acf":[],"yoast_head":"<!-- This site is optimized with the Yoast SEO plugin v27.5 - https:\/\/yoast.com\/product\/yoast-seo-wordpress\/ -->\n<title>IC7788-Brown | EBI iComfort<\/title>\n<meta name=\"robots\" content=\"index, follow, max-snippet:-1, max-image-preview:large, max-video-preview:-1\" \/>\n<link rel=\"canonical\" href=\"https:\/\/www.icomfort.ca\/fr\/produit\/ic7788-beige-copy\/\" \/>\n<meta property=\"og:locale\" content=\"fr_FR\" \/>\n<meta property=\"og:type\" content=\"article\" \/>\n<meta property=\"og:title\" content=\"IC7788-Brown | EBI iComfort\" \/>\n<meta property=\"og:description\" content=\"Fauteuil de massage brun IC7788 Fauteuil de massage 2D Syst\u00e8me de massage SL-Shape 8 modes de massage automatiques 28 coussins gonflables, quatre modes et niveaux d&rsquo;intensit\u00e9 diff\u00e9rents 5 types de massage haute performance Mode z\u00e9ro gravit\u00e9 pour soulager la pression vert\u00e9brale Connexion Bluetooth Syst\u00e8me audio num\u00e9rique Commande vocale intelligente et fonction de reconnaissance T\u00e9l\u00e9commande avec [&hellip;]\" \/>\n<meta property=\"og:url\" content=\"https:\/\/www.icomfort.ca\/fr\/produit\/ic7788-beige-copy\/\" \/>\n<meta property=\"og:site_name\" content=\"EBI iComfort\" \/>\n<meta property=\"article:modified_time\" content=\"2025-09-11T14:18:38+00:00\" \/>\n<meta property=\"og:image\" content=\"https:\/\/www.icomfort.ca\/wp-content\/uploads\/2025\/09\/IC7788-BROWN.jpg\" \/>\n\t<meta property=\"og:image:width\" content=\"2000\" \/>\n\t<meta property=\"og:image:height\" content=\"1524\" \/>\n\t<meta property=\"og:image:type\" content=\"image\/jpeg\" \/>\n<meta name=\"twitter:card\" content=\"summary_large_image\" \/>\n<meta name=\"twitter:label1\" content=\"Dur\u00e9e de lecture estim\u00e9e\" \/>\n\t<meta name=\"twitter:data1\" content=\"1 minute\" \/>\n<script type=\"application\/ld+json\" class=\"yoast-schema-graph\">{\"@context\":\"https:\\\/\\\/schema.org\",\"@graph\":[{\"@type\":\"WebPage\",\"@id\":\"https:\\\/\\\/www.icomfort.ca\\\/fr\\\/produit\\\/ic7788-beige-copy\\\/\",\"url\":\"https:\\\/\\\/www.icomfort.ca\\\/fr\\\/produit\\\/ic7788-beige-copy\\\/\",\"name\":\"IC7788-Brown | EBI iComfort\",\"isPartOf\":{\"@id\":\"https:\\\/\\\/www.icomfort.ca\\\/fr\\\/#website\"},\"primaryImageOfPage\":{\"@id\":\"https:\\\/\\\/www.icomfort.ca\\\/fr\\\/produit\\\/ic7788-beige-copy\\\/#primaryimage\"},\"image\":{\"@id\":\"https:\\\/\\\/www.icomfort.ca\\\/fr\\\/produit\\\/ic7788-beige-copy\\\/#primaryimage\"},\"thumbnailUrl\":\"https:\\\/\\\/www.icomfort.ca\\\/wp-content\\\/uploads\\\/2025\\\/09\\\/IC7788-BROWN.jpg\",\"datePublished\":\"2025-09-11T14:15:51+00:00\",\"dateModified\":\"2025-09-11T14:18:38+00:00\",\"breadcrumb\":{\"@id\":\"https:\\\/\\\/www.icomfort.ca\\\/fr\\\/produit\\\/ic7788-beige-copy\\\/#breadcrumb\"},\"inLanguage\":\"fr-FR\",\"potentialAction\":[{\"@type\":\"ReadAction\",\"target\":[\"https:\\\/\\\/www.icomfort.ca\\\/fr\\\/produit\\\/ic7788-beige-copy\\\/\"]}]},{\"@type\":\"ImageObject\",\"inLanguage\":\"fr-FR\",\"@id\":\"https:\\\/\\\/www.icomfort.ca\\\/fr\\\/produit\\\/ic7788-beige-copy\\\/#primaryimage\",\"url\":\"https:\\\/\\\/www.icomfort.ca\\\/wp-content\\\/uploads\\\/2025\\\/09\\\/IC7788-BROWN.jpg\",\"contentUrl\":\"https:\\\/\\\/www.icomfort.ca\\\/wp-content\\\/uploads\\\/2025\\\/09\\\/IC7788-BROWN.jpg\",\"width\":2000,\"height\":1524},{\"@type\":\"BreadcrumbList\",\"@id\":\"https:\\\/\\\/www.icomfort.ca\\\/fr\\\/produit\\\/ic7788-beige-copy\\\/#breadcrumb\",\"itemListElement\":[{\"@type\":\"ListItem\",\"position\":1,\"name\":\"Accueil\",\"item\":\"https:\\\/\\\/www.icomfort.ca\\\/fr\\\/home\\\/\"},{\"@type\":\"ListItem\",\"position\":2,\"name\":\"Chaises de massage\",\"item\":\"https:\\\/\\\/www.icomfort.ca\\\/fr\\\/categorie-produit\\\/chaises-de-massage\\\/\"},{\"@type\":\"ListItem\",\"position\":3,\"name\":\"IC7788-Brown\"}]},{\"@type\":\"WebSite\",\"@id\":\"https:\\\/\\\/www.icomfort.ca\\\/fr\\\/#website\",\"url\":\"https:\\\/\\\/www.icomfort.ca\\\/fr\\\/\",\"name\":\"EBI iComfort\",\"description\":\"Escape to a place of pure bliss\",\"publisher\":{\"@id\":\"https:\\\/\\\/www.icomfort.ca\\\/fr\\\/#organization\"},\"potentialAction\":[{\"@type\":\"SearchAction\",\"target\":{\"@type\":\"EntryPoint\",\"urlTemplate\":\"https:\\\/\\\/www.icomfort.ca\\\/fr\\\/?s={search_term_string}\"},\"query-input\":{\"@type\":\"PropertyValueSpecification\",\"valueRequired\":true,\"valueName\":\"search_term_string\"}}],\"inLanguage\":\"fr-FR\"},{\"@type\":\"Organization\",\"@id\":\"https:\\\/\\\/www.icomfort.ca\\\/fr\\\/#organization\",\"name\":\"EBI iComfort\",\"url\":\"https:\\\/\\\/www.icomfort.ca\\\/fr\\\/\",\"logo\":{\"@type\":\"ImageObject\",\"inLanguage\":\"fr-FR\",\"@id\":\"https:\\\/\\\/www.icomfort.ca\\\/fr\\\/#\\\/schema\\\/logo\\\/image\\\/\",\"url\":\"https:\\\/\\\/www.icomfort.ca\\\/wp-content\\\/uploads\\\/2019\\\/10\\\/logo-icomfort.png\",\"contentUrl\":\"https:\\\/\\\/www.icomfort.ca\\\/wp-content\\\/uploads\\\/2019\\\/10\\\/logo-icomfort.png\",\"width\":177,\"height\":115,\"caption\":\"EBI iComfort\"},\"image\":{\"@id\":\"https:\\\/\\\/www.icomfort.ca\\\/fr\\\/#\\\/schema\\\/logo\\\/image\\\/\"}}]}<\/script>\n<!-- \/ Yoast SEO plugin. -->","yoast_head_json":{"title":"IC7788-Brown | EBI iComfort","robots":{"index":"index","follow":"follow","max-snippet":"max-snippet:-1","max-image-preview":"max-image-preview:large","max-video-preview":"max-video-preview:-1"},"canonical":"https:\/\/www.icomfort.ca\/fr\/produit\/ic7788-beige-copy\/","og_locale":"fr_FR","og_type":"article","og_title":"IC7788-Brown | EBI iComfort","og_description":"Fauteuil de massage brun IC7788 Fauteuil de massage 2D Syst\u00e8me de massage SL-Shape 8 modes de massage automatiques 28 coussins gonflables, quatre modes et niveaux d&rsquo;intensit\u00e9 diff\u00e9rents 5 types de massage haute performance Mode z\u00e9ro gravit\u00e9 pour soulager la pression vert\u00e9brale Connexion Bluetooth Syst\u00e8me audio num\u00e9rique Commande vocale intelligente et fonction de reconnaissance T\u00e9l\u00e9commande avec [&hellip;]","og_url":"https:\/\/www.icomfort.ca\/fr\/produit\/ic7788-beige-copy\/","og_site_name":"EBI iComfort","article_modified_time":"2025-09-11T14:18:38+00:00","og_image":[{"width":2000,"height":1524,"url":"https:\/\/www.icomfort.ca\/wp-content\/uploads\/2025\/09\/IC7788-BROWN.jpg","type":"image\/jpeg"}],"twitter_card":"summary_large_image","twitter_misc":{"Dur\u00e9e de lecture estim\u00e9e":"1 minute"},"schema":{"@context":"https:\/\/schema.org","@graph":[{"@type":"WebPage","@id":"https:\/\/www.icomfort.ca\/fr\/produit\/ic7788-beige-copy\/","url":"https:\/\/www.icomfort.ca\/fr\/produit\/ic7788-beige-copy\/","name":"IC7788-Brown | EBI iComfort","isPartOf":{"@id":"https:\/\/www.icomfort.ca\/fr\/#website"},"primaryImageOfPage":{"@id":"https:\/\/www.icomfort.ca\/fr\/produit\/ic7788-beige-copy\/#primaryimage"},"image":{"@id":"https:\/\/www.icomfort.ca\/fr\/produit\/ic7788-beige-copy\/#primaryimage"},"thumbnailUrl":"https:\/\/www.icomfort.ca\/wp-content\/uploads\/2025\/09\/IC7788-BROWN.jpg","datePublished":"2025-09-11T14:15:51+00:00","dateModified":"2025-09-11T14:18:38+00:00","breadcrumb":{"@id":"https:\/\/www.icomfort.ca\/fr\/produit\/ic7788-beige-copy\/#breadcrumb"},"inLanguage":"fr-FR","potentialAction":[{"@type":"ReadAction","target":["https:\/\/www.icomfort.ca\/fr\/produit\/ic7788-beige-copy\/"]}]},{"@type":"ImageObject","inLanguage":"fr-FR","@id":"https:\/\/www.icomfort.ca\/fr\/produit\/ic7788-beige-copy\/#primaryimage","url":"https:\/\/www.icomfort.ca\/wp-content\/uploads\/2025\/09\/IC7788-BROWN.jpg","contentUrl":"https:\/\/www.icomfort.ca\/wp-content\/uploads\/2025\/09\/IC7788-BROWN.jpg","width":2000,"height":1524},{"@type":"BreadcrumbList","@id":"https:\/\/www.icomfort.ca\/fr\/produit\/ic7788-beige-copy\/#breadcrumb","itemListElement":[{"@type":"ListItem","position":1,"name":"Accueil","item":"https:\/\/www.icomfort.ca\/fr\/home\/"},{"@type":"ListItem","position":2,"name":"Chaises de massage","item":"https:\/\/www.icomfort.ca\/fr\/categorie-produit\/chaises-de-massage\/"},{"@type":"ListItem","position":3,"name":"IC7788-Brown"}]},{"@type":"WebSite","@id":"https:\/\/www.icomfort.ca\/fr\/#website","url":"https:\/\/www.icomfort.ca\/fr\/","name":"EBI iComfort","description":"Escape to a place of pure bliss","publisher":{"@id":"https:\/\/www.icomfort.ca\/fr\/#organization"},"potentialAction":[{"@type":"SearchAction","target":{"@type":"EntryPoint","urlTemplate":"https:\/\/www.icomfort.ca\/fr\/?s={search_term_string}"},"query-input":{"@type":"PropertyValueSpecification","valueRequired":true,"valueName":"search_term_string"}}],"inLanguage":"fr-FR"},{"@type":"Organization","@id":"https:\/\/www.icomfort.ca\/fr\/#organization","name":"EBI iComfort","url":"https:\/\/www.icomfort.ca\/fr\/","logo":{"@type":"ImageObject","inLanguage":"fr-FR","@id":"https:\/\/www.icomfort.ca\/fr\/#\/schema\/logo\/image\/","url":"https:\/\/www.icomfort.ca\/wp-content\/uploads\/2019\/10\/logo-icomfort.png","contentUrl":"https:\/\/www.icomfort.ca\/wp-content\/uploads\/2019\/10\/logo-icomfort.png","width":177,"height":115,"caption":"EBI iComfort"},"image":{"@id":"https:\/\/www.icomfort.ca\/fr\/#\/schema\/logo\/image\/"}}]}},"post_mailing_queue_ids":[],"_links":{"self":[{"href":"https:\/\/www.icomfort.ca\/fr\/wp-json\/wp\/v2\/product\/1692","targetHints":{"allow":["GET"]}}],"collection":[{"href":"https:\/\/www.icomfort.ca\/fr\/wp-json\/wp\/v2\/product"}],"about":[{"href":"https:\/\/www.icomfort.ca\/fr\/wp-json\/wp\/v2\/types\/product"}],"wp:featuredmedia":[{"embeddable":true,"href":"https:\/\/www.icomfort.ca\/fr\/wp-json\/wp\/v2\/media\/1706"}],"wp:attachment":[{"href":"https:\/\/www.icomfort.ca\/fr\/wp-json\/wp\/v2\/media?parent=1692"}],"wp:term":[{"taxonomy":"product_brand","embeddable":true,"href":"https:\/\/www.icomfort.ca\/fr\/wp-json\/wp\/v2\/product_brand?post=1692"},{"taxonomy":"product_cat","embeddable":true,"href":"https:\/\/www.icomfort.ca\/fr\/wp-json\/wp\/v2\/product_cat?post=1692"},{"taxonomy":"product_tag","embeddable":true,"href":"https:\/\/www.icomfort.ca\/fr\/wp-json\/wp\/v2\/product_tag?post=1692"}],"curies":[{"name":"wp","href":"https:\/\/api.w.org\/{rel}","templated":true}]}}