{"id":1486,"date":"2025-09-08T18:37:41","date_gmt":"2025-09-08T18:37:41","guid":{"rendered":"https:\/\/www.icomfort.ca\/?post_type=product&#038;p=1486"},"modified":"2025-09-08T19:45:51","modified_gmt":"2025-09-08T19:45:51","slug":"wes43-2100-copy","status":"publish","type":"product","link":"https:\/\/www.icomfort.ca\/fr\/produit\/wes43-2100-copy\/","title":{"rendered":"WES43-3100"},"content":{"rendered":"<h3>Sauna Infrarouge WES43-3100<\/h3>\n<ul>\n<li>Sauna infrarouge pour 3 personnes<\/li>\n<li>6 panneaux chauffants infrarouges haute performance \u00e0 film carbone<\/li>\n<li>Panneau de commande int\u00e9rieur num\u00e9rique \u00e0 LED facile \u00e0 utiliser<\/li>\n<li>\u00c9clairage LED de chromoth\u00e9rapie<\/li>\n<li>Porte en verre tremp\u00e9<\/li>\n<li>Lecteur MP3 avec entr\u00e9e auxiliaire, Bluetooth et haut-parleur<\/li>\n<li>Fabriqu\u00e9 en bois de pruche du Canada<\/li>\n<li>Prise de courant 2200 W, 120 V, 20 A ; \u00e9lectricien requis<\/li>\n<\/ul>\n","protected":false},"excerpt":{"rendered":"<p>Sauna Infrarouge WES43-3100 Sauna infrarouge pour 3 personnes 6 panneaux chauffants infrarouges haute performance \u00e0 film carbone Panneau de commande int\u00e9rieur num\u00e9rique \u00e0 LED facile \u00e0 utiliser \u00c9clairage LED de chromoth\u00e9rapie Porte en verre tremp\u00e9 Lecteur MP3 avec entr\u00e9e auxiliaire, Bluetooth et haut-parleur Fabriqu\u00e9 en bois de pruche du Canada Prise de courant 2200 W, [&hellip;]<\/p>\n","protected":false},"featured_media":1488,"template":"","meta":{"_acf_changed":false},"product_brand":[],"product_cat":[89],"product_tag":[],"class_list":{"0":"post-1486","1":"product","2":"type-product","3":"status-publish","4":"has-post-thumbnail","6":"product_cat-saunas-infrarouge","8":"first","9":"instock","10":"shipping-taxable","11":"purchasable","12":"product-type-simple"},"acf":[],"yoast_head":"<!-- This site is optimized with the Yoast SEO plugin v27.5 - https:\/\/yoast.com\/product\/yoast-seo-wordpress\/ -->\n<title>WES43-3100 | EBI iComfort<\/title>\n<meta name=\"robots\" content=\"index, follow, max-snippet:-1, max-image-preview:large, max-video-preview:-1\" \/>\n<link rel=\"canonical\" href=\"https:\/\/www.icomfort.ca\/fr\/produit\/wes43-2100-copy\/\" \/>\n<meta property=\"og:locale\" content=\"fr_FR\" \/>\n<meta property=\"og:type\" content=\"article\" \/>\n<meta property=\"og:title\" content=\"WES43-3100 | EBI iComfort\" \/>\n<meta property=\"og:description\" content=\"Sauna Infrarouge WES43-3100 Sauna infrarouge pour 3 personnes 6 panneaux chauffants infrarouges haute performance \u00e0 film carbone Panneau de commande int\u00e9rieur num\u00e9rique \u00e0 LED facile \u00e0 utiliser \u00c9clairage LED de chromoth\u00e9rapie Porte en verre tremp\u00e9 Lecteur MP3 avec entr\u00e9e auxiliaire, Bluetooth et haut-parleur Fabriqu\u00e9 en bois de pruche du Canada Prise de courant 2200 W, [&hellip;]\" \/>\n<meta property=\"og:url\" content=\"https:\/\/www.icomfort.ca\/fr\/produit\/wes43-2100-copy\/\" \/>\n<meta property=\"og:site_name\" content=\"EBI iComfort\" \/>\n<meta property=\"article:modified_time\" content=\"2025-09-08T19:45:51+00:00\" \/>\n<meta property=\"og:image\" content=\"https:\/\/www.icomfort.ca\/wp-content\/uploads\/2025\/09\/WES43-3100-Left.jpg\" \/>\n\t<meta property=\"og:image:width\" content=\"2500\" \/>\n\t<meta property=\"og:image:height\" content=\"2500\" \/>\n\t<meta property=\"og:image:type\" content=\"image\/jpeg\" \/>\n<meta name=\"twitter:card\" content=\"summary_large_image\" \/>\n<script type=\"application\/ld+json\" class=\"yoast-schema-graph\">{\"@context\":\"https:\\\/\\\/schema.org\",\"@graph\":[{\"@type\":\"WebPage\",\"@id\":\"https:\\\/\\\/www.icomfort.ca\\\/fr\\\/produit\\\/wes43-2100-copy\\\/\",\"url\":\"https:\\\/\\\/www.icomfort.ca\\\/fr\\\/produit\\\/wes43-2100-copy\\\/\",\"name\":\"WES43-3100 | EBI iComfort\",\"isPartOf\":{\"@id\":\"https:\\\/\\\/www.icomfort.ca\\\/fr\\\/#website\"},\"primaryImageOfPage\":{\"@id\":\"https:\\\/\\\/www.icomfort.ca\\\/fr\\\/produit\\\/wes43-2100-copy\\\/#primaryimage\"},\"image\":{\"@id\":\"https:\\\/\\\/www.icomfort.ca\\\/fr\\\/produit\\\/wes43-2100-copy\\\/#primaryimage\"},\"thumbnailUrl\":\"https:\\\/\\\/www.icomfort.ca\\\/wp-content\\\/uploads\\\/2025\\\/09\\\/WES43-3100-Left.jpg\",\"datePublished\":\"2025-09-08T18:37:41+00:00\",\"dateModified\":\"2025-09-08T19:45:51+00:00\",\"breadcrumb\":{\"@id\":\"https:\\\/\\\/www.icomfort.ca\\\/fr\\\/produit\\\/wes43-2100-copy\\\/#breadcrumb\"},\"inLanguage\":\"fr-FR\",\"potentialAction\":[{\"@type\":\"ReadAction\",\"target\":[\"https:\\\/\\\/www.icomfort.ca\\\/fr\\\/produit\\\/wes43-2100-copy\\\/\"]}]},{\"@type\":\"ImageObject\",\"inLanguage\":\"fr-FR\",\"@id\":\"https:\\\/\\\/www.icomfort.ca\\\/fr\\\/produit\\\/wes43-2100-copy\\\/#primaryimage\",\"url\":\"https:\\\/\\\/www.icomfort.ca\\\/wp-content\\\/uploads\\\/2025\\\/09\\\/WES43-3100-Left.jpg\",\"contentUrl\":\"https:\\\/\\\/www.icomfort.ca\\\/wp-content\\\/uploads\\\/2025\\\/09\\\/WES43-3100-Left.jpg\",\"width\":2500,\"height\":2500},{\"@type\":\"BreadcrumbList\",\"@id\":\"https:\\\/\\\/www.icomfort.ca\\\/fr\\\/produit\\\/wes43-2100-copy\\\/#breadcrumb\",\"itemListElement\":[{\"@type\":\"ListItem\",\"position\":1,\"name\":\"Accueil\",\"item\":\"https:\\\/\\\/www.icomfort.ca\\\/fr\\\/home\\\/\"},{\"@type\":\"ListItem\",\"position\":2,\"name\":\"Saunas infrarouge\",\"item\":\"https:\\\/\\\/www.icomfort.ca\\\/fr\\\/categorie-produit\\\/saunas-infrarouge\\\/\"},{\"@type\":\"ListItem\",\"position\":3,\"name\":\"WES43-3100\"}]},{\"@type\":\"WebSite\",\"@id\":\"https:\\\/\\\/www.icomfort.ca\\\/fr\\\/#website\",\"url\":\"https:\\\/\\\/www.icomfort.ca\\\/fr\\\/\",\"name\":\"EBI iComfort\",\"description\":\"Escape to a place of pure bliss\",\"publisher\":{\"@id\":\"https:\\\/\\\/www.icomfort.ca\\\/fr\\\/#organization\"},\"potentialAction\":[{\"@type\":\"SearchAction\",\"target\":{\"@type\":\"EntryPoint\",\"urlTemplate\":\"https:\\\/\\\/www.icomfort.ca\\\/fr\\\/?s={search_term_string}\"},\"query-input\":{\"@type\":\"PropertyValueSpecification\",\"valueRequired\":true,\"valueName\":\"search_term_string\"}}],\"inLanguage\":\"fr-FR\"},{\"@type\":\"Organization\",\"@id\":\"https:\\\/\\\/www.icomfort.ca\\\/fr\\\/#organization\",\"name\":\"EBI iComfort\",\"url\":\"https:\\\/\\\/www.icomfort.ca\\\/fr\\\/\",\"logo\":{\"@type\":\"ImageObject\",\"inLanguage\":\"fr-FR\",\"@id\":\"https:\\\/\\\/www.icomfort.ca\\\/fr\\\/#\\\/schema\\\/logo\\\/image\\\/\",\"url\":\"https:\\\/\\\/www.icomfort.ca\\\/wp-content\\\/uploads\\\/2019\\\/10\\\/logo-icomfort.png\",\"contentUrl\":\"https:\\\/\\\/www.icomfort.ca\\\/wp-content\\\/uploads\\\/2019\\\/10\\\/logo-icomfort.png\",\"width\":177,\"height\":115,\"caption\":\"EBI iComfort\"},\"image\":{\"@id\":\"https:\\\/\\\/www.icomfort.ca\\\/fr\\\/#\\\/schema\\\/logo\\\/image\\\/\"}}]}<\/script>\n<!-- \/ Yoast SEO plugin. -->","yoast_head_json":{"title":"WES43-3100 | EBI iComfort","robots":{"index":"index","follow":"follow","max-snippet":"max-snippet:-1","max-image-preview":"max-image-preview:large","max-video-preview":"max-video-preview:-1"},"canonical":"https:\/\/www.icomfort.ca\/fr\/produit\/wes43-2100-copy\/","og_locale":"fr_FR","og_type":"article","og_title":"WES43-3100 | EBI iComfort","og_description":"Sauna Infrarouge WES43-3100 Sauna infrarouge pour 3 personnes 6 panneaux chauffants infrarouges haute performance \u00e0 film carbone Panneau de commande int\u00e9rieur num\u00e9rique \u00e0 LED facile \u00e0 utiliser \u00c9clairage LED de chromoth\u00e9rapie Porte en verre tremp\u00e9 Lecteur MP3 avec entr\u00e9e auxiliaire, Bluetooth et haut-parleur Fabriqu\u00e9 en bois de pruche du Canada Prise de courant 2200 W, [&hellip;]","og_url":"https:\/\/www.icomfort.ca\/fr\/produit\/wes43-2100-copy\/","og_site_name":"EBI iComfort","article_modified_time":"2025-09-08T19:45:51+00:00","og_image":[{"width":2500,"height":2500,"url":"https:\/\/www.icomfort.ca\/wp-content\/uploads\/2025\/09\/WES43-3100-Left.jpg","type":"image\/jpeg"}],"twitter_card":"summary_large_image","schema":{"@context":"https:\/\/schema.org","@graph":[{"@type":"WebPage","@id":"https:\/\/www.icomfort.ca\/fr\/produit\/wes43-2100-copy\/","url":"https:\/\/www.icomfort.ca\/fr\/produit\/wes43-2100-copy\/","name":"WES43-3100 | EBI iComfort","isPartOf":{"@id":"https:\/\/www.icomfort.ca\/fr\/#website"},"primaryImageOfPage":{"@id":"https:\/\/www.icomfort.ca\/fr\/produit\/wes43-2100-copy\/#primaryimage"},"image":{"@id":"https:\/\/www.icomfort.ca\/fr\/produit\/wes43-2100-copy\/#primaryimage"},"thumbnailUrl":"https:\/\/www.icomfort.ca\/wp-content\/uploads\/2025\/09\/WES43-3100-Left.jpg","datePublished":"2025-09-08T18:37:41+00:00","dateModified":"2025-09-08T19:45:51+00:00","breadcrumb":{"@id":"https:\/\/www.icomfort.ca\/fr\/produit\/wes43-2100-copy\/#breadcrumb"},"inLanguage":"fr-FR","potentialAction":[{"@type":"ReadAction","target":["https:\/\/www.icomfort.ca\/fr\/produit\/wes43-2100-copy\/"]}]},{"@type":"ImageObject","inLanguage":"fr-FR","@id":"https:\/\/www.icomfort.ca\/fr\/produit\/wes43-2100-copy\/#primaryimage","url":"https:\/\/www.icomfort.ca\/wp-content\/uploads\/2025\/09\/WES43-3100-Left.jpg","contentUrl":"https:\/\/www.icomfort.ca\/wp-content\/uploads\/2025\/09\/WES43-3100-Left.jpg","width":2500,"height":2500},{"@type":"BreadcrumbList","@id":"https:\/\/www.icomfort.ca\/fr\/produit\/wes43-2100-copy\/#breadcrumb","itemListElement":[{"@type":"ListItem","position":1,"name":"Accueil","item":"https:\/\/www.icomfort.ca\/fr\/home\/"},{"@type":"ListItem","position":2,"name":"Saunas infrarouge","item":"https:\/\/www.icomfort.ca\/fr\/categorie-produit\/saunas-infrarouge\/"},{"@type":"ListItem","position":3,"name":"WES43-3100"}]},{"@type":"WebSite","@id":"https:\/\/www.icomfort.ca\/fr\/#website","url":"https:\/\/www.icomfort.ca\/fr\/","name":"EBI iComfort","description":"Escape to a place of pure bliss","publisher":{"@id":"https:\/\/www.icomfort.ca\/fr\/#organization"},"potentialAction":[{"@type":"SearchAction","target":{"@type":"EntryPoint","urlTemplate":"https:\/\/www.icomfort.ca\/fr\/?s={search_term_string}"},"query-input":{"@type":"PropertyValueSpecification","valueRequired":true,"valueName":"search_term_string"}}],"inLanguage":"fr-FR"},{"@type":"Organization","@id":"https:\/\/www.icomfort.ca\/fr\/#organization","name":"EBI iComfort","url":"https:\/\/www.icomfort.ca\/fr\/","logo":{"@type":"ImageObject","inLanguage":"fr-FR","@id":"https:\/\/www.icomfort.ca\/fr\/#\/schema\/logo\/image\/","url":"https:\/\/www.icomfort.ca\/wp-content\/uploads\/2019\/10\/logo-icomfort.png","contentUrl":"https:\/\/www.icomfort.ca\/wp-content\/uploads\/2019\/10\/logo-icomfort.png","width":177,"height":115,"caption":"EBI iComfort"},"image":{"@id":"https:\/\/www.icomfort.ca\/fr\/#\/schema\/logo\/image\/"}}]}},"post_mailing_queue_ids":[],"_links":{"self":[{"href":"https:\/\/www.icomfort.ca\/fr\/wp-json\/wp\/v2\/product\/1486","targetHints":{"allow":["GET"]}}],"collection":[{"href":"https:\/\/www.icomfort.ca\/fr\/wp-json\/wp\/v2\/product"}],"about":[{"href":"https:\/\/www.icomfort.ca\/fr\/wp-json\/wp\/v2\/types\/product"}],"wp:featuredmedia":[{"embeddable":true,"href":"https:\/\/www.icomfort.ca\/fr\/wp-json\/wp\/v2\/media\/1488"}],"wp:attachment":[{"href":"https:\/\/www.icomfort.ca\/fr\/wp-json\/wp\/v2\/media?parent=1486"}],"wp:term":[{"taxonomy":"product_brand","embeddable":true,"href":"https:\/\/www.icomfort.ca\/fr\/wp-json\/wp\/v2\/product_brand?post=1486"},{"taxonomy":"product_cat","embeddable":true,"href":"https:\/\/www.icomfort.ca\/fr\/wp-json\/wp\/v2\/product_cat?post=1486"},{"taxonomy":"product_tag","embeddable":true,"href":"https:\/\/www.icomfort.ca\/fr\/wp-json\/wp\/v2\/product_tag?post=1486"}],"curies":[{"name":"wp","href":"https:\/\/api.w.org\/{rel}","templated":true}]}}