{"id":1145,"date":"2024-12-16T15:58:10","date_gmt":"2024-12-16T15:58:10","guid":{"rendered":"https:\/\/www.icomfort.ca\/?post_type=product&#038;p=1145"},"modified":"2024-12-16T16:55:20","modified_gmt":"2024-12-16T16:55:20","slug":"ic9000-3d","status":"publish","type":"product","link":"https:\/\/www.icomfort.ca\/fr\/produit\/ic9000-3d\/","title":{"rendered":"IC9000-3D"},"content":{"rendered":"<h1>Chaise de massage IC9000-3D<\/h1>\n<h2>Exp\u00e9rience de massage envoutant<\/h2>\n<p>Le fauteuil de massage iComfort\u2122 IC9000-3D est con\u00e7u pour offrir une exp\u00e9rience de massage totale couvrant de nombreuses parties de votre corps.<\/p>\n<ul>\n<li>massage des bras<\/li>\n<li>haut-parleur Bluetooth<\/li>\n<li>coussin t\u00eate\/dos pliable<\/li>\n<li>chargement USB<\/li>\n<li>bande d\u00e9corative<\/li>\n<li>poche pour t\u00e9l\u00e9commande<\/li>\n<li>t\u00e9l\u00e9commande<\/li>\n<li>lumi\u00e8re LED<\/li>\n<\/ul>\n<h3>Piste de massage<\/h3>\n<p>Piste de type SL de 135 cm<\/p>\n<h3>M\u00e9canisme de massage<\/h3>\n<p>3D, massage du cou \u00e0 la cuisse<\/p>\n<h3>Airbags<\/strong><br \/>\nCorps entier (\u00e9paule, bras, paumes, jambes, pied), total 20 pi\u00e8ces<\/p>\n<h3>Chauffage<\/h3>\n<p>Fonction de chauffage du dos et de la taille, des jambes<\/p>\n<h3>Repose-pieds<\/h3>\n<p>Conception ouverte sur le pied<br \/>\nRouleaux pour les pieds<br \/>\nMassage par pression d&rsquo;air<\/p>\n<h3>Monter et descendre<\/h3>\n<p>Le dossier et le repose-jambes se l\u00e8vent et s&rsquo;abaissent s\u00e9par\u00e9ment pour r\u00e9aliser une posture en apesanteur,<br \/>\nlorsque le dossier est abaiss\u00e9, le cadre du si\u00e8ge avance pour \u00e9conomiser de l&rsquo;espace<\/p>\n<h3>M\u00e9canisme de contr\u00f4le<\/h3>\n<p>Reconnaissance vocale<br \/>\nChargement USB<\/p>\n<h3>Autres fonctions<\/h3>\n<p>Musique Bluetooth<br \/>\nLumi\u00e8re LED sur l&rsquo;accoudoir<br \/>\nTension de s\u00e9curit\u00e9 24 V<\/p>\n<p>&nbsp;<\/p>\n<h3>Sp\u00e9cifications<\/h3>\n<table width=\"425\">\n<tbody>\n<tr>\n<td width=\"260\"><strong>Poids (poids net)<\/strong><\/td>\n<td width=\"165\">84kg<\/td>\n<\/tr>\n<tr>\n<td width=\"260\"><strong>Poids (poids brut)<\/strong><\/td>\n<td width=\"165\">100kgs<\/td>\n<\/tr>\n<tr>\n<td width=\"260\"><b>Pcs\/<\/b><b>Ctn<\/b><\/td>\n<td width=\"165\">1pcs<\/td>\n<\/tr>\n<tr>\n<td width=\"260\"><strong>Taille (debout)<\/strong><\/td>\n<td width=\"165\">1530*760*1132mm<\/td>\n<\/tr>\n<tr>\n<td width=\"260\"><strong>Taille (couch\u00e9)<\/strong><\/td>\n<td width=\"165\">1744*760*836mm<\/td>\n<\/tr>\n<tr>\n<td width=\"260\"><b>Emballage (LxWxH)<\/b><\/td>\n<td width=\"165\">162*77*86cm<\/td>\n<\/tr>\n<tr>\n<td width=\"260\"><\/td>\n<td width=\"165\"><\/td>\n<\/tr>\n<\/tbody>\n<\/table>\n<p>&nbsp;<\/p>\n","protected":false},"excerpt":{"rendered":"<p>Chaise de massage IC9000-3D Exp\u00e9rience de massage envoutant Le fauteuil de massage iComfort\u2122 IC9000-3D est con\u00e7u pour offrir une exp\u00e9rience de massage totale couvrant de nombreuses parties de votre corps. massage des bras haut-parleur Bluetooth coussin t\u00eate\/dos pliable chargement USB bande d\u00e9corative poche pour t\u00e9l\u00e9commande t\u00e9l\u00e9commande lumi\u00e8re LED Piste de massage Piste de type SL [&hellip;]<\/p>\n","protected":false},"featured_media":1156,"template":"","meta":{"_acf_changed":false},"product_brand":[],"product_cat":[102],"product_tag":[],"class_list":{"0":"post-1145","1":"product","2":"type-product","3":"status-publish","4":"has-post-thumbnail","6":"product_cat-chaises-de-massage","8":"first","9":"instock","10":"shipping-taxable","11":"purchasable","12":"product-type-simple"},"acf":[],"yoast_head":"<!-- This site is optimized with the Yoast SEO plugin v27.5 - https:\/\/yoast.com\/product\/yoast-seo-wordpress\/ -->\n<title>IC9000-3D | EBI iComfort<\/title>\n<meta name=\"robots\" content=\"index, follow, max-snippet:-1, max-image-preview:large, max-video-preview:-1\" \/>\n<link rel=\"canonical\" href=\"https:\/\/www.icomfort.ca\/fr\/produit\/ic9000-3d\/\" \/>\n<meta property=\"og:locale\" content=\"fr_FR\" \/>\n<meta property=\"og:type\" content=\"article\" \/>\n<meta property=\"og:title\" content=\"IC9000-3D | EBI iComfort\" \/>\n<meta property=\"og:description\" content=\"Chaise de massage IC9000-3D Exp\u00e9rience de massage envoutant Le fauteuil de massage iComfort\u2122 IC9000-3D est con\u00e7u pour offrir une exp\u00e9rience de massage totale couvrant de nombreuses parties de votre corps. massage des bras haut-parleur Bluetooth coussin t\u00eate\/dos pliable chargement USB bande d\u00e9corative poche pour t\u00e9l\u00e9commande t\u00e9l\u00e9commande lumi\u00e8re LED Piste de massage Piste de type SL [&hellip;]\" \/>\n<meta property=\"og:url\" content=\"https:\/\/www.icomfort.ca\/fr\/produit\/ic9000-3d\/\" \/>\n<meta property=\"og:site_name\" content=\"EBI iComfort\" \/>\n<meta property=\"article:modified_time\" content=\"2024-12-16T16:55:20+00:00\" \/>\n<meta property=\"og:image\" content=\"https:\/\/www.icomfort.ca\/wp-content\/uploads\/2024\/12\/IC9000-3D-scaled-e1734367389962.jpg\" \/>\n\t<meta property=\"og:image:width\" content=\"2560\" \/>\n\t<meta property=\"og:image:height\" content=\"1437\" \/>\n\t<meta property=\"og:image:type\" content=\"image\/jpeg\" \/>\n<meta name=\"twitter:card\" content=\"summary_large_image\" \/>\n<meta name=\"twitter:label1\" content=\"Dur\u00e9e de lecture estim\u00e9e\" \/>\n\t<meta name=\"twitter:data1\" content=\"1 minute\" \/>\n<script type=\"application\/ld+json\" class=\"yoast-schema-graph\">{\"@context\":\"https:\\\/\\\/schema.org\",\"@graph\":[{\"@type\":\"WebPage\",\"@id\":\"https:\\\/\\\/www.icomfort.ca\\\/fr\\\/produit\\\/ic9000-3d\\\/\",\"url\":\"https:\\\/\\\/www.icomfort.ca\\\/fr\\\/produit\\\/ic9000-3d\\\/\",\"name\":\"IC9000-3D | EBI iComfort\",\"isPartOf\":{\"@id\":\"https:\\\/\\\/www.icomfort.ca\\\/fr\\\/#website\"},\"primaryImageOfPage\":{\"@id\":\"https:\\\/\\\/www.icomfort.ca\\\/fr\\\/produit\\\/ic9000-3d\\\/#primaryimage\"},\"image\":{\"@id\":\"https:\\\/\\\/www.icomfort.ca\\\/fr\\\/produit\\\/ic9000-3d\\\/#primaryimage\"},\"thumbnailUrl\":\"https:\\\/\\\/www.icomfort.ca\\\/wp-content\\\/uploads\\\/2024\\\/12\\\/IC9000-3D-scaled-e1734367389962.jpg\",\"datePublished\":\"2024-12-16T15:58:10+00:00\",\"dateModified\":\"2024-12-16T16:55:20+00:00\",\"breadcrumb\":{\"@id\":\"https:\\\/\\\/www.icomfort.ca\\\/fr\\\/produit\\\/ic9000-3d\\\/#breadcrumb\"},\"inLanguage\":\"fr-FR\",\"potentialAction\":[{\"@type\":\"ReadAction\",\"target\":[\"https:\\\/\\\/www.icomfort.ca\\\/fr\\\/produit\\\/ic9000-3d\\\/\"]}]},{\"@type\":\"ImageObject\",\"inLanguage\":\"fr-FR\",\"@id\":\"https:\\\/\\\/www.icomfort.ca\\\/fr\\\/produit\\\/ic9000-3d\\\/#primaryimage\",\"url\":\"https:\\\/\\\/www.icomfort.ca\\\/wp-content\\\/uploads\\\/2024\\\/12\\\/IC9000-3D-scaled-e1734367389962.jpg\",\"contentUrl\":\"https:\\\/\\\/www.icomfort.ca\\\/wp-content\\\/uploads\\\/2024\\\/12\\\/IC9000-3D-scaled-e1734367389962.jpg\",\"width\":2560,\"height\":1437,\"caption\":\"IC9000-3D\"},{\"@type\":\"BreadcrumbList\",\"@id\":\"https:\\\/\\\/www.icomfort.ca\\\/fr\\\/produit\\\/ic9000-3d\\\/#breadcrumb\",\"itemListElement\":[{\"@type\":\"ListItem\",\"position\":1,\"name\":\"Accueil\",\"item\":\"https:\\\/\\\/www.icomfort.ca\\\/fr\\\/home\\\/\"},{\"@type\":\"ListItem\",\"position\":2,\"name\":\"Chaises de massage\",\"item\":\"https:\\\/\\\/www.icomfort.ca\\\/fr\\\/categorie-produit\\\/chaises-de-massage\\\/\"},{\"@type\":\"ListItem\",\"position\":3,\"name\":\"IC9000-3D\"}]},{\"@type\":\"WebSite\",\"@id\":\"https:\\\/\\\/www.icomfort.ca\\\/fr\\\/#website\",\"url\":\"https:\\\/\\\/www.icomfort.ca\\\/fr\\\/\",\"name\":\"EBI iComfort\",\"description\":\"Escape to a place of pure bliss\",\"publisher\":{\"@id\":\"https:\\\/\\\/www.icomfort.ca\\\/fr\\\/#organization\"},\"potentialAction\":[{\"@type\":\"SearchAction\",\"target\":{\"@type\":\"EntryPoint\",\"urlTemplate\":\"https:\\\/\\\/www.icomfort.ca\\\/fr\\\/?s={search_term_string}\"},\"query-input\":{\"@type\":\"PropertyValueSpecification\",\"valueRequired\":true,\"valueName\":\"search_term_string\"}}],\"inLanguage\":\"fr-FR\"},{\"@type\":\"Organization\",\"@id\":\"https:\\\/\\\/www.icomfort.ca\\\/fr\\\/#organization\",\"name\":\"EBI iComfort\",\"url\":\"https:\\\/\\\/www.icomfort.ca\\\/fr\\\/\",\"logo\":{\"@type\":\"ImageObject\",\"inLanguage\":\"fr-FR\",\"@id\":\"https:\\\/\\\/www.icomfort.ca\\\/fr\\\/#\\\/schema\\\/logo\\\/image\\\/\",\"url\":\"https:\\\/\\\/www.icomfort.ca\\\/wp-content\\\/uploads\\\/2019\\\/10\\\/logo-icomfort.png\",\"contentUrl\":\"https:\\\/\\\/www.icomfort.ca\\\/wp-content\\\/uploads\\\/2019\\\/10\\\/logo-icomfort.png\",\"width\":177,\"height\":115,\"caption\":\"EBI iComfort\"},\"image\":{\"@id\":\"https:\\\/\\\/www.icomfort.ca\\\/fr\\\/#\\\/schema\\\/logo\\\/image\\\/\"}}]}<\/script>\n<!-- \/ Yoast SEO plugin. -->","yoast_head_json":{"title":"IC9000-3D | EBI iComfort","robots":{"index":"index","follow":"follow","max-snippet":"max-snippet:-1","max-image-preview":"max-image-preview:large","max-video-preview":"max-video-preview:-1"},"canonical":"https:\/\/www.icomfort.ca\/fr\/produit\/ic9000-3d\/","og_locale":"fr_FR","og_type":"article","og_title":"IC9000-3D | EBI iComfort","og_description":"Chaise de massage IC9000-3D Exp\u00e9rience de massage envoutant Le fauteuil de massage iComfort\u2122 IC9000-3D est con\u00e7u pour offrir une exp\u00e9rience de massage totale couvrant de nombreuses parties de votre corps. massage des bras haut-parleur Bluetooth coussin t\u00eate\/dos pliable chargement USB bande d\u00e9corative poche pour t\u00e9l\u00e9commande t\u00e9l\u00e9commande lumi\u00e8re LED Piste de massage Piste de type SL [&hellip;]","og_url":"https:\/\/www.icomfort.ca\/fr\/produit\/ic9000-3d\/","og_site_name":"EBI iComfort","article_modified_time":"2024-12-16T16:55:20+00:00","og_image":[{"width":2560,"height":1437,"url":"https:\/\/www.icomfort.ca\/wp-content\/uploads\/2024\/12\/IC9000-3D-scaled-e1734367389962.jpg","type":"image\/jpeg"}],"twitter_card":"summary_large_image","twitter_misc":{"Dur\u00e9e de lecture estim\u00e9e":"1 minute"},"schema":{"@context":"https:\/\/schema.org","@graph":[{"@type":"WebPage","@id":"https:\/\/www.icomfort.ca\/fr\/produit\/ic9000-3d\/","url":"https:\/\/www.icomfort.ca\/fr\/produit\/ic9000-3d\/","name":"IC9000-3D | EBI iComfort","isPartOf":{"@id":"https:\/\/www.icomfort.ca\/fr\/#website"},"primaryImageOfPage":{"@id":"https:\/\/www.icomfort.ca\/fr\/produit\/ic9000-3d\/#primaryimage"},"image":{"@id":"https:\/\/www.icomfort.ca\/fr\/produit\/ic9000-3d\/#primaryimage"},"thumbnailUrl":"https:\/\/www.icomfort.ca\/wp-content\/uploads\/2024\/12\/IC9000-3D-scaled-e1734367389962.jpg","datePublished":"2024-12-16T15:58:10+00:00","dateModified":"2024-12-16T16:55:20+00:00","breadcrumb":{"@id":"https:\/\/www.icomfort.ca\/fr\/produit\/ic9000-3d\/#breadcrumb"},"inLanguage":"fr-FR","potentialAction":[{"@type":"ReadAction","target":["https:\/\/www.icomfort.ca\/fr\/produit\/ic9000-3d\/"]}]},{"@type":"ImageObject","inLanguage":"fr-FR","@id":"https:\/\/www.icomfort.ca\/fr\/produit\/ic9000-3d\/#primaryimage","url":"https:\/\/www.icomfort.ca\/wp-content\/uploads\/2024\/12\/IC9000-3D-scaled-e1734367389962.jpg","contentUrl":"https:\/\/www.icomfort.ca\/wp-content\/uploads\/2024\/12\/IC9000-3D-scaled-e1734367389962.jpg","width":2560,"height":1437,"caption":"IC9000-3D"},{"@type":"BreadcrumbList","@id":"https:\/\/www.icomfort.ca\/fr\/produit\/ic9000-3d\/#breadcrumb","itemListElement":[{"@type":"ListItem","position":1,"name":"Accueil","item":"https:\/\/www.icomfort.ca\/fr\/home\/"},{"@type":"ListItem","position":2,"name":"Chaises de massage","item":"https:\/\/www.icomfort.ca\/fr\/categorie-produit\/chaises-de-massage\/"},{"@type":"ListItem","position":3,"name":"IC9000-3D"}]},{"@type":"WebSite","@id":"https:\/\/www.icomfort.ca\/fr\/#website","url":"https:\/\/www.icomfort.ca\/fr\/","name":"EBI iComfort","description":"Escape to a place of pure bliss","publisher":{"@id":"https:\/\/www.icomfort.ca\/fr\/#organization"},"potentialAction":[{"@type":"SearchAction","target":{"@type":"EntryPoint","urlTemplate":"https:\/\/www.icomfort.ca\/fr\/?s={search_term_string}"},"query-input":{"@type":"PropertyValueSpecification","valueRequired":true,"valueName":"search_term_string"}}],"inLanguage":"fr-FR"},{"@type":"Organization","@id":"https:\/\/www.icomfort.ca\/fr\/#organization","name":"EBI iComfort","url":"https:\/\/www.icomfort.ca\/fr\/","logo":{"@type":"ImageObject","inLanguage":"fr-FR","@id":"https:\/\/www.icomfort.ca\/fr\/#\/schema\/logo\/image\/","url":"https:\/\/www.icomfort.ca\/wp-content\/uploads\/2019\/10\/logo-icomfort.png","contentUrl":"https:\/\/www.icomfort.ca\/wp-content\/uploads\/2019\/10\/logo-icomfort.png","width":177,"height":115,"caption":"EBI iComfort"},"image":{"@id":"https:\/\/www.icomfort.ca\/fr\/#\/schema\/logo\/image\/"}}]}},"post_mailing_queue_ids":[],"_links":{"self":[{"href":"https:\/\/www.icomfort.ca\/fr\/wp-json\/wp\/v2\/product\/1145","targetHints":{"allow":["GET"]}}],"collection":[{"href":"https:\/\/www.icomfort.ca\/fr\/wp-json\/wp\/v2\/product"}],"about":[{"href":"https:\/\/www.icomfort.ca\/fr\/wp-json\/wp\/v2\/types\/product"}],"wp:featuredmedia":[{"embeddable":true,"href":"https:\/\/www.icomfort.ca\/fr\/wp-json\/wp\/v2\/media\/1156"}],"wp:attachment":[{"href":"https:\/\/www.icomfort.ca\/fr\/wp-json\/wp\/v2\/media?parent=1145"}],"wp:term":[{"taxonomy":"product_brand","embeddable":true,"href":"https:\/\/www.icomfort.ca\/fr\/wp-json\/wp\/v2\/product_brand?post=1145"},{"taxonomy":"product_cat","embeddable":true,"href":"https:\/\/www.icomfort.ca\/fr\/wp-json\/wp\/v2\/product_cat?post=1145"},{"taxonomy":"product_tag","embeddable":true,"href":"https:\/\/www.icomfort.ca\/fr\/wp-json\/wp\/v2\/product_tag?post=1145"}],"curies":[{"name":"wp","href":"https:\/\/api.w.org\/{rel}","templated":true}]}}