{"id":1086,"date":"2024-11-08T16:21:54","date_gmt":"2024-11-08T16:21:54","guid":{"rendered":"https:\/\/www.icomfort.ca\/?post_type=product&#038;p=1086"},"modified":"2024-11-08T16:54:44","modified_gmt":"2024-11-08T16:54:44","slug":"ic8600","status":"publish","type":"product","link":"https:\/\/www.icomfort.ca\/fr\/produit\/ic8600\/","title":{"rendered":"IC8600"},"content":{"rendered":"<h3>Fauteuil de massage iComfort Premium IC8600<\/h3>\n<p>Profitez d&rsquo;un massage relaxant avec le fauteuil de massage iComfort IC8600. Le nouveau IC8600 offre une chaleur incroyable dans le dos et les jambes. Le repose-pieds r\u00e9tractable et articul\u00e9 pratique vous offre un maximum d&rsquo;options de configuration.<\/p>\n<p>Vous aurez l&rsquo;impression d&rsquo;avoir votre propre massoth\u00e9rapeute. Le repose-pieds pratique, r\u00e9tractable et articul\u00e9, vous offre un maximum d&rsquo;options de configuration. Le fauteuil de massage iComfort IC8600 reproduit plus de 6 massages automatis\u00e9s pr\u00e9programm\u00e9s, le tout avec la sensation d&rsquo;un massage professionnel dans le confort de votre propre maison. Le repose-pieds extensible et le grand format de ce mod\u00e8le conviendront m\u00eame aux personnes de grande taille tr\u00e8s confortablement. Le fauteuil de massage iComfort IC8600 vous offrira de nombreuses ann\u00e9es de massage apaisant et de confort.<\/p>\n<p>&nbsp;<\/p>\n<p><strong>Caract\u00e9ristiques<\/strong><\/p>\n<ul>\n<li>Offre une chaleur incroyable dans le dos et les jambes<\/li>\n<li>Main de massage 2D \u2013 4 Rouleaux<\/li>\n<li>Moteurs et m\u00e9canisme de massage de qualit\u00e9 sup\u00e9rieure<\/li>\n<li>5 types de techniques de massage simul\u00e9es<\/li>\n<li>6 programmes Auto : confort, d\u00e9tente, \u00e9nergie, taille et fesses<\/li>\n<li>Fonction de massage \u00e0 pression d&rsquo;air avec 3 intensit\u00e9s r\u00e9glables<\/li>\n<li>Lecture de musique : haut-parleur num\u00e9rique 3D int\u00e9gr\u00e9 et commandes vocales<\/li>\n<li>Connexion Bluetooth aux haut-parleurs<\/li>\n<\/ul>\n","protected":false},"excerpt":{"rendered":"<p>Fauteuil de massage iComfort Premium IC8600 Profitez d&rsquo;un massage relaxant avec le fauteuil de massage iComfort IC8600. Le nouveau IC8600 offre une chaleur incroyable dans le dos et les jambes. Le repose-pieds r\u00e9tractable et articul\u00e9 pratique vous offre un maximum d&rsquo;options de configuration. Vous aurez l&rsquo;impression d&rsquo;avoir votre propre massoth\u00e9rapeute. Le repose-pieds pratique, r\u00e9tractable et [&hellip;]<\/p>\n","protected":false},"featured_media":1100,"template":"","meta":{"_acf_changed":false},"product_brand":[],"product_cat":[102],"product_tag":[],"class_list":{"0":"post-1086","1":"product","2":"type-product","3":"status-publish","4":"has-post-thumbnail","6":"product_cat-chaises-de-massage","8":"first","9":"instock","10":"shipping-taxable","11":"purchasable","12":"product-type-simple"},"acf":[],"yoast_head":"<!-- This site is optimized with the Yoast SEO plugin v27.5 - https:\/\/yoast.com\/product\/yoast-seo-wordpress\/ -->\n<title>IC8600 | EBI iComfort<\/title>\n<meta name=\"description\" content=\"The iComfort IC8888-3D massage chair features an automatic body type detection system which directly touches sore points to better understand your body. The new generation of hyperbolic guide rail with a total length of 53.2 in. is fully fitted to 27 points of neck, shoulder, back, waist, hip and leg in 6 parts. Features a Bluetooth digital audio sound system for deep immersive relaxation.\" \/>\n<meta name=\"robots\" content=\"index, follow, max-snippet:-1, max-image-preview:large, max-video-preview:-1\" \/>\n<link rel=\"canonical\" href=\"https:\/\/www.icomfort.ca\/fr\/produit\/ic8600\/\" \/>\n<meta property=\"og:locale\" content=\"fr_FR\" \/>\n<meta property=\"og:type\" content=\"article\" \/>\n<meta property=\"og:title\" content=\"IC8600 | EBI iComfort\" \/>\n<meta property=\"og:description\" content=\"The iComfort IC8888-3D massage chair features an automatic body type detection system which directly touches sore points to better understand your body. The new generation of hyperbolic guide rail with a total length of 53.2 in. is fully fitted to 27 points of neck, shoulder, back, waist, hip and leg in 6 parts. Features a Bluetooth digital audio sound system for deep immersive relaxation.\" \/>\n<meta property=\"og:url\" content=\"https:\/\/www.icomfort.ca\/fr\/produit\/ic8600\/\" \/>\n<meta property=\"og:site_name\" content=\"EBI iComfort\" \/>\n<meta property=\"article:modified_time\" content=\"2024-11-08T16:54:44+00:00\" \/>\n<meta property=\"og:image\" content=\"https:\/\/www.icomfort.ca\/wp-content\/uploads\/2024\/11\/2-IC8600_MAIN_sq.jpg\" \/>\n\t<meta property=\"og:image:width\" content=\"2000\" \/>\n\t<meta property=\"og:image:height\" content=\"1306\" \/>\n\t<meta property=\"og:image:type\" content=\"image\/jpeg\" \/>\n<meta name=\"twitter:card\" content=\"summary_large_image\" \/>\n<meta name=\"twitter:label1\" content=\"Dur\u00e9e de lecture estim\u00e9e\" \/>\n\t<meta name=\"twitter:data1\" content=\"1 minute\" \/>\n<script type=\"application\/ld+json\" class=\"yoast-schema-graph\">{\"@context\":\"https:\\\/\\\/schema.org\",\"@graph\":[{\"@type\":\"WebPage\",\"@id\":\"https:\\\/\\\/www.icomfort.ca\\\/fr\\\/produit\\\/ic8600\\\/\",\"url\":\"https:\\\/\\\/www.icomfort.ca\\\/fr\\\/produit\\\/ic8600\\\/\",\"name\":\"IC8600 | EBI iComfort\",\"isPartOf\":{\"@id\":\"https:\\\/\\\/www.icomfort.ca\\\/fr\\\/#website\"},\"primaryImageOfPage\":{\"@id\":\"https:\\\/\\\/www.icomfort.ca\\\/fr\\\/produit\\\/ic8600\\\/#primaryimage\"},\"image\":{\"@id\":\"https:\\\/\\\/www.icomfort.ca\\\/fr\\\/produit\\\/ic8600\\\/#primaryimage\"},\"thumbnailUrl\":\"https:\\\/\\\/www.icomfort.ca\\\/wp-content\\\/uploads\\\/2024\\\/11\\\/2-IC8600_MAIN_sq.jpg\",\"datePublished\":\"2024-11-08T16:21:54+00:00\",\"dateModified\":\"2024-11-08T16:54:44+00:00\",\"description\":\"The iComfort IC8888-3D massage chair features an automatic body type detection system which directly touches sore points to better understand your body. The new generation of hyperbolic guide rail with a total length of 53.2 in. is fully fitted to 27 points of neck, shoulder, back, waist, hip and leg in 6 parts. Features a Bluetooth digital audio sound system for deep immersive relaxation.\",\"breadcrumb\":{\"@id\":\"https:\\\/\\\/www.icomfort.ca\\\/fr\\\/produit\\\/ic8600\\\/#breadcrumb\"},\"inLanguage\":\"fr-FR\",\"potentialAction\":[{\"@type\":\"ReadAction\",\"target\":[\"https:\\\/\\\/www.icomfort.ca\\\/fr\\\/produit\\\/ic8600\\\/\"]}]},{\"@type\":\"ImageObject\",\"inLanguage\":\"fr-FR\",\"@id\":\"https:\\\/\\\/www.icomfort.ca\\\/fr\\\/produit\\\/ic8600\\\/#primaryimage\",\"url\":\"https:\\\/\\\/www.icomfort.ca\\\/wp-content\\\/uploads\\\/2024\\\/11\\\/2-IC8600_MAIN_sq.jpg\",\"contentUrl\":\"https:\\\/\\\/www.icomfort.ca\\\/wp-content\\\/uploads\\\/2024\\\/11\\\/2-IC8600_MAIN_sq.jpg\",\"width\":2000,\"height\":1306,\"caption\":\"IC8600 main\"},{\"@type\":\"BreadcrumbList\",\"@id\":\"https:\\\/\\\/www.icomfort.ca\\\/fr\\\/produit\\\/ic8600\\\/#breadcrumb\",\"itemListElement\":[{\"@type\":\"ListItem\",\"position\":1,\"name\":\"Accueil\",\"item\":\"https:\\\/\\\/www.icomfort.ca\\\/fr\\\/home\\\/\"},{\"@type\":\"ListItem\",\"position\":2,\"name\":\"Chaises de massage\",\"item\":\"https:\\\/\\\/www.icomfort.ca\\\/fr\\\/categorie-produit\\\/chaises-de-massage\\\/\"},{\"@type\":\"ListItem\",\"position\":3,\"name\":\"IC8600\"}]},{\"@type\":\"WebSite\",\"@id\":\"https:\\\/\\\/www.icomfort.ca\\\/fr\\\/#website\",\"url\":\"https:\\\/\\\/www.icomfort.ca\\\/fr\\\/\",\"name\":\"EBI iComfort\",\"description\":\"Escape to a place of pure bliss\",\"publisher\":{\"@id\":\"https:\\\/\\\/www.icomfort.ca\\\/fr\\\/#organization\"},\"potentialAction\":[{\"@type\":\"SearchAction\",\"target\":{\"@type\":\"EntryPoint\",\"urlTemplate\":\"https:\\\/\\\/www.icomfort.ca\\\/fr\\\/?s={search_term_string}\"},\"query-input\":{\"@type\":\"PropertyValueSpecification\",\"valueRequired\":true,\"valueName\":\"search_term_string\"}}],\"inLanguage\":\"fr-FR\"},{\"@type\":\"Organization\",\"@id\":\"https:\\\/\\\/www.icomfort.ca\\\/fr\\\/#organization\",\"name\":\"EBI iComfort\",\"url\":\"https:\\\/\\\/www.icomfort.ca\\\/fr\\\/\",\"logo\":{\"@type\":\"ImageObject\",\"inLanguage\":\"fr-FR\",\"@id\":\"https:\\\/\\\/www.icomfort.ca\\\/fr\\\/#\\\/schema\\\/logo\\\/image\\\/\",\"url\":\"https:\\\/\\\/www.icomfort.ca\\\/wp-content\\\/uploads\\\/2019\\\/10\\\/logo-icomfort.png\",\"contentUrl\":\"https:\\\/\\\/www.icomfort.ca\\\/wp-content\\\/uploads\\\/2019\\\/10\\\/logo-icomfort.png\",\"width\":177,\"height\":115,\"caption\":\"EBI iComfort\"},\"image\":{\"@id\":\"https:\\\/\\\/www.icomfort.ca\\\/fr\\\/#\\\/schema\\\/logo\\\/image\\\/\"}}]}<\/script>\n<!-- \/ Yoast SEO plugin. -->","yoast_head_json":{"title":"IC8600 | EBI iComfort","description":"The iComfort IC8888-3D massage chair features an automatic body type detection system which directly touches sore points to better understand your body. The new generation of hyperbolic guide rail with a total length of 53.2 in. is fully fitted to 27 points of neck, shoulder, back, waist, hip and leg in 6 parts. Features a Bluetooth digital audio sound system for deep immersive relaxation.","robots":{"index":"index","follow":"follow","max-snippet":"max-snippet:-1","max-image-preview":"max-image-preview:large","max-video-preview":"max-video-preview:-1"},"canonical":"https:\/\/www.icomfort.ca\/fr\/produit\/ic8600\/","og_locale":"fr_FR","og_type":"article","og_title":"IC8600 | EBI iComfort","og_description":"The iComfort IC8888-3D massage chair features an automatic body type detection system which directly touches sore points to better understand your body. The new generation of hyperbolic guide rail with a total length of 53.2 in. is fully fitted to 27 points of neck, shoulder, back, waist, hip and leg in 6 parts. Features a Bluetooth digital audio sound system for deep immersive relaxation.","og_url":"https:\/\/www.icomfort.ca\/fr\/produit\/ic8600\/","og_site_name":"EBI iComfort","article_modified_time":"2024-11-08T16:54:44+00:00","og_image":[{"width":2000,"height":1306,"url":"https:\/\/www.icomfort.ca\/wp-content\/uploads\/2024\/11\/2-IC8600_MAIN_sq.jpg","type":"image\/jpeg"}],"twitter_card":"summary_large_image","twitter_misc":{"Dur\u00e9e de lecture estim\u00e9e":"1 minute"},"schema":{"@context":"https:\/\/schema.org","@graph":[{"@type":"WebPage","@id":"https:\/\/www.icomfort.ca\/fr\/produit\/ic8600\/","url":"https:\/\/www.icomfort.ca\/fr\/produit\/ic8600\/","name":"IC8600 | EBI iComfort","isPartOf":{"@id":"https:\/\/www.icomfort.ca\/fr\/#website"},"primaryImageOfPage":{"@id":"https:\/\/www.icomfort.ca\/fr\/produit\/ic8600\/#primaryimage"},"image":{"@id":"https:\/\/www.icomfort.ca\/fr\/produit\/ic8600\/#primaryimage"},"thumbnailUrl":"https:\/\/www.icomfort.ca\/wp-content\/uploads\/2024\/11\/2-IC8600_MAIN_sq.jpg","datePublished":"2024-11-08T16:21:54+00:00","dateModified":"2024-11-08T16:54:44+00:00","description":"The iComfort IC8888-3D massage chair features an automatic body type detection system which directly touches sore points to better understand your body. The new generation of hyperbolic guide rail with a total length of 53.2 in. is fully fitted to 27 points of neck, shoulder, back, waist, hip and leg in 6 parts. Features a Bluetooth digital audio sound system for deep immersive relaxation.","breadcrumb":{"@id":"https:\/\/www.icomfort.ca\/fr\/produit\/ic8600\/#breadcrumb"},"inLanguage":"fr-FR","potentialAction":[{"@type":"ReadAction","target":["https:\/\/www.icomfort.ca\/fr\/produit\/ic8600\/"]}]},{"@type":"ImageObject","inLanguage":"fr-FR","@id":"https:\/\/www.icomfort.ca\/fr\/produit\/ic8600\/#primaryimage","url":"https:\/\/www.icomfort.ca\/wp-content\/uploads\/2024\/11\/2-IC8600_MAIN_sq.jpg","contentUrl":"https:\/\/www.icomfort.ca\/wp-content\/uploads\/2024\/11\/2-IC8600_MAIN_sq.jpg","width":2000,"height":1306,"caption":"IC8600 main"},{"@type":"BreadcrumbList","@id":"https:\/\/www.icomfort.ca\/fr\/produit\/ic8600\/#breadcrumb","itemListElement":[{"@type":"ListItem","position":1,"name":"Accueil","item":"https:\/\/www.icomfort.ca\/fr\/home\/"},{"@type":"ListItem","position":2,"name":"Chaises de massage","item":"https:\/\/www.icomfort.ca\/fr\/categorie-produit\/chaises-de-massage\/"},{"@type":"ListItem","position":3,"name":"IC8600"}]},{"@type":"WebSite","@id":"https:\/\/www.icomfort.ca\/fr\/#website","url":"https:\/\/www.icomfort.ca\/fr\/","name":"EBI iComfort","description":"Escape to a place of pure bliss","publisher":{"@id":"https:\/\/www.icomfort.ca\/fr\/#organization"},"potentialAction":[{"@type":"SearchAction","target":{"@type":"EntryPoint","urlTemplate":"https:\/\/www.icomfort.ca\/fr\/?s={search_term_string}"},"query-input":{"@type":"PropertyValueSpecification","valueRequired":true,"valueName":"search_term_string"}}],"inLanguage":"fr-FR"},{"@type":"Organization","@id":"https:\/\/www.icomfort.ca\/fr\/#organization","name":"EBI iComfort","url":"https:\/\/www.icomfort.ca\/fr\/","logo":{"@type":"ImageObject","inLanguage":"fr-FR","@id":"https:\/\/www.icomfort.ca\/fr\/#\/schema\/logo\/image\/","url":"https:\/\/www.icomfort.ca\/wp-content\/uploads\/2019\/10\/logo-icomfort.png","contentUrl":"https:\/\/www.icomfort.ca\/wp-content\/uploads\/2019\/10\/logo-icomfort.png","width":177,"height":115,"caption":"EBI iComfort"},"image":{"@id":"https:\/\/www.icomfort.ca\/fr\/#\/schema\/logo\/image\/"}}]}},"post_mailing_queue_ids":[],"_links":{"self":[{"href":"https:\/\/www.icomfort.ca\/fr\/wp-json\/wp\/v2\/product\/1086","targetHints":{"allow":["GET"]}}],"collection":[{"href":"https:\/\/www.icomfort.ca\/fr\/wp-json\/wp\/v2\/product"}],"about":[{"href":"https:\/\/www.icomfort.ca\/fr\/wp-json\/wp\/v2\/types\/product"}],"wp:featuredmedia":[{"embeddable":true,"href":"https:\/\/www.icomfort.ca\/fr\/wp-json\/wp\/v2\/media\/1100"}],"wp:attachment":[{"href":"https:\/\/www.icomfort.ca\/fr\/wp-json\/wp\/v2\/media?parent=1086"}],"wp:term":[{"taxonomy":"product_brand","embeddable":true,"href":"https:\/\/www.icomfort.ca\/fr\/wp-json\/wp\/v2\/product_brand?post=1086"},{"taxonomy":"product_cat","embeddable":true,"href":"https:\/\/www.icomfort.ca\/fr\/wp-json\/wp\/v2\/product_cat?post=1086"},{"taxonomy":"product_tag","embeddable":true,"href":"https:\/\/www.icomfort.ca\/fr\/wp-json\/wp\/v2\/product_tag?post=1086"}],"curies":[{"name":"wp","href":"https:\/\/api.w.org\/{rel}","templated":true}]}}