{"id":1059,"date":"2024-04-11T19:32:42","date_gmt":"2024-04-11T19:32:43","guid":{"rendered":"https:\/\/www.icomfort.ca\/?post_type=product&#038;p=1059"},"modified":"2024-04-11T20:19:54","modified_gmt":"2024-04-11T20:19:54","slug":"ic8888-3d","status":"publish","type":"product","link":"https:\/\/www.icomfort.ca\/fr\/produit\/ic8888-3d\/","title":{"rendered":"IC8888-3D"},"content":{"rendered":"<h3>Fauteuil de massage IC8888-3D noir<\/h3>\n<p>Le fauteuil de massage IC8888-3D est dot\u00e9 d&rsquo;un syst\u00e8me de d\u00e9tection automatique du type de corps qui touche directement les points douloureux pour mieux comprendre votre corps.\u00a0 La nouvelle g\u00e9n\u00e9ration de rail de guidage hyperbolique d&rsquo;une longueur totale de 135 cm est enti\u00e8rement adapt\u00e9e \u00e0 27 points du cou, des \u00e9paules, du dos, de la taille, des hanches et des jambes en 6 parties.\u00a0 Comprend un syst\u00e8me audio num\u00e9rique Bluetooth pour une relaxation immersive profonde.<\/p>\n<p>&nbsp;<\/p>\n<p><strong>Caract\u00e9ristiques\u00a0\u00a0<\/strong><\/p>\n<ul>\n<li>Cadran multifonction et touches de commande<\/li>\n<li>Massage des mains en 3D<\/li>\n<li>Trois positions de gravit\u00e9 z\u00e9ro<\/li>\n<li>Cuir v\u00e9g\u00e9talien de haute qualit\u00e9 pour la durabilit\u00e9<\/li>\n<li>Rail de guidage SL s&rsquo;adaptant aux courbes du corps<\/li>\n<li>T\u00eate de massage en silicone bionique<\/li>\n<li>Coussins gonflables du repose-pieds pour un massage \u00e0 pression d&rsquo;air de type vague<\/li>\n<li>Raclage des pieds pour simuler la main humaine sur les points d&rsquo;acupuncture<\/li>\n<li>5 modes de massage : p\u00e9trissage, tapotement, p\u00e9trissage et tapotement, frappe et shiatsu<\/li>\n<li>Mode automatique et manuel<\/li>\n<li>Roues pivotantes \u00e0 l&rsquo;arri\u00e8re pour faciliter le d\u00e9placement du fauteuil<\/li>\n<li>T\u00e9l\u00e9commande DEL<\/li>\n<\/ul>\n<p><strong>Specifications\u00a0<\/strong><\/p>\n<ul>\n<li>Dimensions (L. \u00d7 l. \u00d7 H.):<\/li>\n<li>Droit : 61 po \u00d7 29,7 po \u00d7 45,4 po<\/li>\n<li>Inclin\u00e9 : 66,1 po \u00d7 29,7 po \u00d7 37 po<\/li>\n<li>Poids : 176,4 lb<\/li>\n<\/ul>\n","protected":false},"excerpt":{"rendered":"<p>Fauteuil de massage IC8888-3D noir Le fauteuil de massage IC8888-3D est dot\u00e9 d&rsquo;un syst\u00e8me de d\u00e9tection automatique du type de corps qui touche directement les points douloureux pour mieux comprendre votre corps.\u00a0 La nouvelle g\u00e9n\u00e9ration de rail de guidage hyperbolique d&rsquo;une longueur totale de 135 cm est enti\u00e8rement adapt\u00e9e \u00e0 27 points du cou, des [&hellip;]<\/p>\n","protected":false},"featured_media":1065,"template":"","meta":{"_acf_changed":false},"product_brand":[],"product_cat":[102],"product_tag":[],"class_list":{"0":"post-1059","1":"product","2":"type-product","3":"status-publish","4":"has-post-thumbnail","6":"product_cat-chaises-de-massage","8":"first","9":"instock","10":"shipping-taxable","11":"purchasable","12":"product-type-simple"},"acf":[],"yoast_head":"<!-- This site is optimized with the Yoast SEO plugin v27.5 - https:\/\/yoast.com\/product\/yoast-seo-wordpress\/ -->\n<title>IC8888-3D | EBI iComfort<\/title>\n<meta name=\"description\" content=\"Le fauteuil de massage IC8888-3D est dot\u00e9 d&#039;un syst\u00e8me de d\u00e9tection automatique du type de corps qui touche directement les points douloureux pour mieux comprendre votre corps. La nouvelle g\u00e9n\u00e9ration de rail de guidage hyperbolique d&#039;une longueur totale de 135 cm est enti\u00e8rement adapt\u00e9e \u00e0 27 points du cou, des \u00e9paules, du dos, de la taille, des hanches et des jambes en 6 parties. Comprend un syst\u00e8me audio num\u00e9rique Bluetooth pour une relaxation immersive profonde.\" \/>\n<meta name=\"robots\" content=\"index, follow, max-snippet:-1, max-image-preview:large, max-video-preview:-1\" \/>\n<link rel=\"canonical\" href=\"https:\/\/www.icomfort.ca\/fr\/produit\/ic8888-3d\/\" \/>\n<meta property=\"og:locale\" content=\"fr_FR\" \/>\n<meta property=\"og:type\" content=\"article\" \/>\n<meta property=\"og:title\" content=\"IC8888-3D | EBI iComfort\" \/>\n<meta property=\"og:description\" content=\"Le fauteuil de massage IC8888-3D est dot\u00e9 d&#039;un syst\u00e8me de d\u00e9tection automatique du type de corps qui touche directement les points douloureux pour mieux comprendre votre corps. La nouvelle g\u00e9n\u00e9ration de rail de guidage hyperbolique d&#039;une longueur totale de 135 cm est enti\u00e8rement adapt\u00e9e \u00e0 27 points du cou, des \u00e9paules, du dos, de la taille, des hanches et des jambes en 6 parties. Comprend un syst\u00e8me audio num\u00e9rique Bluetooth pour une relaxation immersive profonde.\" \/>\n<meta property=\"og:url\" content=\"https:\/\/www.icomfort.ca\/fr\/produit\/ic8888-3d\/\" \/>\n<meta property=\"og:site_name\" content=\"EBI iComfort\" \/>\n<meta property=\"article:modified_time\" content=\"2024-04-11T20:19:54+00:00\" \/>\n<meta property=\"og:image\" content=\"https:\/\/www.icomfort.ca\/wp-content\/uploads\/2024\/04\/IC8888-1.jpeg\" \/>\n\t<meta property=\"og:image:width\" content=\"680\" \/>\n\t<meta property=\"og:image:height\" content=\"680\" \/>\n\t<meta property=\"og:image:type\" content=\"image\/jpeg\" \/>\n<meta name=\"twitter:card\" content=\"summary_large_image\" \/>\n<meta name=\"twitter:label1\" content=\"Dur\u00e9e de lecture estim\u00e9e\" \/>\n\t<meta name=\"twitter:data1\" content=\"1 minute\" \/>\n<script type=\"application\/ld+json\" class=\"yoast-schema-graph\">{\"@context\":\"https:\\\/\\\/schema.org\",\"@graph\":[{\"@type\":\"WebPage\",\"@id\":\"https:\\\/\\\/www.icomfort.ca\\\/fr\\\/produit\\\/ic8888-3d\\\/\",\"url\":\"https:\\\/\\\/www.icomfort.ca\\\/fr\\\/produit\\\/ic8888-3d\\\/\",\"name\":\"IC8888-3D | EBI iComfort\",\"isPartOf\":{\"@id\":\"https:\\\/\\\/www.icomfort.ca\\\/fr\\\/#website\"},\"primaryImageOfPage\":{\"@id\":\"https:\\\/\\\/www.icomfort.ca\\\/fr\\\/produit\\\/ic8888-3d\\\/#primaryimage\"},\"image\":{\"@id\":\"https:\\\/\\\/www.icomfort.ca\\\/fr\\\/produit\\\/ic8888-3d\\\/#primaryimage\"},\"thumbnailUrl\":\"https:\\\/\\\/www.icomfort.ca\\\/wp-content\\\/uploads\\\/2024\\\/04\\\/IC8888-1.jpeg\",\"datePublished\":\"2024-04-11T19:32:43+00:00\",\"dateModified\":\"2024-04-11T20:19:54+00:00\",\"description\":\"Le fauteuil de massage IC8888-3D est dot\u00e9 d'un syst\u00e8me de d\u00e9tection automatique du type de corps qui touche directement les points douloureux pour mieux comprendre votre corps. La nouvelle g\u00e9n\u00e9ration de rail de guidage hyperbolique d'une longueur totale de 135 cm est enti\u00e8rement adapt\u00e9e \u00e0 27 points du cou, des \u00e9paules, du dos, de la taille, des hanches et des jambes en 6 parties. Comprend un syst\u00e8me audio num\u00e9rique Bluetooth pour une relaxation immersive profonde.\",\"breadcrumb\":{\"@id\":\"https:\\\/\\\/www.icomfort.ca\\\/fr\\\/produit\\\/ic8888-3d\\\/#breadcrumb\"},\"inLanguage\":\"fr-FR\",\"potentialAction\":[{\"@type\":\"ReadAction\",\"target\":[\"https:\\\/\\\/www.icomfort.ca\\\/fr\\\/produit\\\/ic8888-3d\\\/\"]}]},{\"@type\":\"ImageObject\",\"inLanguage\":\"fr-FR\",\"@id\":\"https:\\\/\\\/www.icomfort.ca\\\/fr\\\/produit\\\/ic8888-3d\\\/#primaryimage\",\"url\":\"https:\\\/\\\/www.icomfort.ca\\\/wp-content\\\/uploads\\\/2024\\\/04\\\/IC8888-1.jpeg\",\"contentUrl\":\"https:\\\/\\\/www.icomfort.ca\\\/wp-content\\\/uploads\\\/2024\\\/04\\\/IC8888-1.jpeg\",\"width\":680,\"height\":680},{\"@type\":\"BreadcrumbList\",\"@id\":\"https:\\\/\\\/www.icomfort.ca\\\/fr\\\/produit\\\/ic8888-3d\\\/#breadcrumb\",\"itemListElement\":[{\"@type\":\"ListItem\",\"position\":1,\"name\":\"Accueil\",\"item\":\"https:\\\/\\\/www.icomfort.ca\\\/fr\\\/home\\\/\"},{\"@type\":\"ListItem\",\"position\":2,\"name\":\"Chaises de massage\",\"item\":\"https:\\\/\\\/www.icomfort.ca\\\/fr\\\/categorie-produit\\\/chaises-de-massage\\\/\"},{\"@type\":\"ListItem\",\"position\":3,\"name\":\"IC8888-3D\"}]},{\"@type\":\"WebSite\",\"@id\":\"https:\\\/\\\/www.icomfort.ca\\\/fr\\\/#website\",\"url\":\"https:\\\/\\\/www.icomfort.ca\\\/fr\\\/\",\"name\":\"EBI iComfort\",\"description\":\"Escape to a place of pure bliss\",\"publisher\":{\"@id\":\"https:\\\/\\\/www.icomfort.ca\\\/fr\\\/#organization\"},\"potentialAction\":[{\"@type\":\"SearchAction\",\"target\":{\"@type\":\"EntryPoint\",\"urlTemplate\":\"https:\\\/\\\/www.icomfort.ca\\\/fr\\\/?s={search_term_string}\"},\"query-input\":{\"@type\":\"PropertyValueSpecification\",\"valueRequired\":true,\"valueName\":\"search_term_string\"}}],\"inLanguage\":\"fr-FR\"},{\"@type\":\"Organization\",\"@id\":\"https:\\\/\\\/www.icomfort.ca\\\/fr\\\/#organization\",\"name\":\"EBI iComfort\",\"url\":\"https:\\\/\\\/www.icomfort.ca\\\/fr\\\/\",\"logo\":{\"@type\":\"ImageObject\",\"inLanguage\":\"fr-FR\",\"@id\":\"https:\\\/\\\/www.icomfort.ca\\\/fr\\\/#\\\/schema\\\/logo\\\/image\\\/\",\"url\":\"https:\\\/\\\/www.icomfort.ca\\\/wp-content\\\/uploads\\\/2019\\\/10\\\/logo-icomfort.png\",\"contentUrl\":\"https:\\\/\\\/www.icomfort.ca\\\/wp-content\\\/uploads\\\/2019\\\/10\\\/logo-icomfort.png\",\"width\":177,\"height\":115,\"caption\":\"EBI iComfort\"},\"image\":{\"@id\":\"https:\\\/\\\/www.icomfort.ca\\\/fr\\\/#\\\/schema\\\/logo\\\/image\\\/\"}}]}<\/script>\n<!-- \/ Yoast SEO plugin. -->","yoast_head_json":{"title":"IC8888-3D | EBI iComfort","description":"Le fauteuil de massage IC8888-3D est dot\u00e9 d'un syst\u00e8me de d\u00e9tection automatique du type de corps qui touche directement les points douloureux pour mieux comprendre votre corps. La nouvelle g\u00e9n\u00e9ration de rail de guidage hyperbolique d'une longueur totale de 135 cm est enti\u00e8rement adapt\u00e9e \u00e0 27 points du cou, des \u00e9paules, du dos, de la taille, des hanches et des jambes en 6 parties. Comprend un syst\u00e8me audio num\u00e9rique Bluetooth pour une relaxation immersive profonde.","robots":{"index":"index","follow":"follow","max-snippet":"max-snippet:-1","max-image-preview":"max-image-preview:large","max-video-preview":"max-video-preview:-1"},"canonical":"https:\/\/www.icomfort.ca\/fr\/produit\/ic8888-3d\/","og_locale":"fr_FR","og_type":"article","og_title":"IC8888-3D | EBI iComfort","og_description":"Le fauteuil de massage IC8888-3D est dot\u00e9 d'un syst\u00e8me de d\u00e9tection automatique du type de corps qui touche directement les points douloureux pour mieux comprendre votre corps. La nouvelle g\u00e9n\u00e9ration de rail de guidage hyperbolique d'une longueur totale de 135 cm est enti\u00e8rement adapt\u00e9e \u00e0 27 points du cou, des \u00e9paules, du dos, de la taille, des hanches et des jambes en 6 parties. Comprend un syst\u00e8me audio num\u00e9rique Bluetooth pour une relaxation immersive profonde.","og_url":"https:\/\/www.icomfort.ca\/fr\/produit\/ic8888-3d\/","og_site_name":"EBI iComfort","article_modified_time":"2024-04-11T20:19:54+00:00","og_image":[{"width":680,"height":680,"url":"https:\/\/www.icomfort.ca\/wp-content\/uploads\/2024\/04\/IC8888-1.jpeg","type":"image\/jpeg"}],"twitter_card":"summary_large_image","twitter_misc":{"Dur\u00e9e de lecture estim\u00e9e":"1 minute"},"schema":{"@context":"https:\/\/schema.org","@graph":[{"@type":"WebPage","@id":"https:\/\/www.icomfort.ca\/fr\/produit\/ic8888-3d\/","url":"https:\/\/www.icomfort.ca\/fr\/produit\/ic8888-3d\/","name":"IC8888-3D | EBI iComfort","isPartOf":{"@id":"https:\/\/www.icomfort.ca\/fr\/#website"},"primaryImageOfPage":{"@id":"https:\/\/www.icomfort.ca\/fr\/produit\/ic8888-3d\/#primaryimage"},"image":{"@id":"https:\/\/www.icomfort.ca\/fr\/produit\/ic8888-3d\/#primaryimage"},"thumbnailUrl":"https:\/\/www.icomfort.ca\/wp-content\/uploads\/2024\/04\/IC8888-1.jpeg","datePublished":"2024-04-11T19:32:43+00:00","dateModified":"2024-04-11T20:19:54+00:00","description":"Le fauteuil de massage IC8888-3D est dot\u00e9 d'un syst\u00e8me de d\u00e9tection automatique du type de corps qui touche directement les points douloureux pour mieux comprendre votre corps. La nouvelle g\u00e9n\u00e9ration de rail de guidage hyperbolique d'une longueur totale de 135 cm est enti\u00e8rement adapt\u00e9e \u00e0 27 points du cou, des \u00e9paules, du dos, de la taille, des hanches et des jambes en 6 parties. Comprend un syst\u00e8me audio num\u00e9rique Bluetooth pour une relaxation immersive profonde.","breadcrumb":{"@id":"https:\/\/www.icomfort.ca\/fr\/produit\/ic8888-3d\/#breadcrumb"},"inLanguage":"fr-FR","potentialAction":[{"@type":"ReadAction","target":["https:\/\/www.icomfort.ca\/fr\/produit\/ic8888-3d\/"]}]},{"@type":"ImageObject","inLanguage":"fr-FR","@id":"https:\/\/www.icomfort.ca\/fr\/produit\/ic8888-3d\/#primaryimage","url":"https:\/\/www.icomfort.ca\/wp-content\/uploads\/2024\/04\/IC8888-1.jpeg","contentUrl":"https:\/\/www.icomfort.ca\/wp-content\/uploads\/2024\/04\/IC8888-1.jpeg","width":680,"height":680},{"@type":"BreadcrumbList","@id":"https:\/\/www.icomfort.ca\/fr\/produit\/ic8888-3d\/#breadcrumb","itemListElement":[{"@type":"ListItem","position":1,"name":"Accueil","item":"https:\/\/www.icomfort.ca\/fr\/home\/"},{"@type":"ListItem","position":2,"name":"Chaises de massage","item":"https:\/\/www.icomfort.ca\/fr\/categorie-produit\/chaises-de-massage\/"},{"@type":"ListItem","position":3,"name":"IC8888-3D"}]},{"@type":"WebSite","@id":"https:\/\/www.icomfort.ca\/fr\/#website","url":"https:\/\/www.icomfort.ca\/fr\/","name":"EBI iComfort","description":"Escape to a place of pure bliss","publisher":{"@id":"https:\/\/www.icomfort.ca\/fr\/#organization"},"potentialAction":[{"@type":"SearchAction","target":{"@type":"EntryPoint","urlTemplate":"https:\/\/www.icomfort.ca\/fr\/?s={search_term_string}"},"query-input":{"@type":"PropertyValueSpecification","valueRequired":true,"valueName":"search_term_string"}}],"inLanguage":"fr-FR"},{"@type":"Organization","@id":"https:\/\/www.icomfort.ca\/fr\/#organization","name":"EBI iComfort","url":"https:\/\/www.icomfort.ca\/fr\/","logo":{"@type":"ImageObject","inLanguage":"fr-FR","@id":"https:\/\/www.icomfort.ca\/fr\/#\/schema\/logo\/image\/","url":"https:\/\/www.icomfort.ca\/wp-content\/uploads\/2019\/10\/logo-icomfort.png","contentUrl":"https:\/\/www.icomfort.ca\/wp-content\/uploads\/2019\/10\/logo-icomfort.png","width":177,"height":115,"caption":"EBI iComfort"},"image":{"@id":"https:\/\/www.icomfort.ca\/fr\/#\/schema\/logo\/image\/"}}]}},"post_mailing_queue_ids":[],"_links":{"self":[{"href":"https:\/\/www.icomfort.ca\/fr\/wp-json\/wp\/v2\/product\/1059","targetHints":{"allow":["GET"]}}],"collection":[{"href":"https:\/\/www.icomfort.ca\/fr\/wp-json\/wp\/v2\/product"}],"about":[{"href":"https:\/\/www.icomfort.ca\/fr\/wp-json\/wp\/v2\/types\/product"}],"wp:featuredmedia":[{"embeddable":true,"href":"https:\/\/www.icomfort.ca\/fr\/wp-json\/wp\/v2\/media\/1065"}],"wp:attachment":[{"href":"https:\/\/www.icomfort.ca\/fr\/wp-json\/wp\/v2\/media?parent=1059"}],"wp:term":[{"taxonomy":"product_brand","embeddable":true,"href":"https:\/\/www.icomfort.ca\/fr\/wp-json\/wp\/v2\/product_brand?post=1059"},{"taxonomy":"product_cat","embeddable":true,"href":"https:\/\/www.icomfort.ca\/fr\/wp-json\/wp\/v2\/product_cat?post=1059"},{"taxonomy":"product_tag","embeddable":true,"href":"https:\/\/www.icomfort.ca\/fr\/wp-json\/wp\/v2\/product_tag?post=1059"}],"curies":[{"name":"wp","href":"https:\/\/api.w.org\/{rel}","templated":true}]}}