{"id":1035,"date":"2023-11-15T21:33:20","date_gmt":"2023-11-15T21:33:20","guid":{"rendered":"https:\/\/www.icomfort.ca\/?post_type=product&#038;p=1035"},"modified":"2023-11-20T20:06:54","modified_gmt":"2023-11-20T20:06:54","slug":"ic9400-4d","status":"publish","type":"product","link":"https:\/\/www.icomfort.ca\/fr\/produit\/ic9400-4d\/","title":{"rendered":"IC9400-4D"},"content":{"rendered":"<h3>Chaise de massage IC9400-4D<\/h3>\n<p><strong>Exp\u00e9rience de massage envoutant<\/strong><\/br><br \/>\nLa chaise de massage iComfort\u2122 IC9400-4D offre un massage complet qui couvre plusieurs parties de votre corps.<br \/>\n<\/br><br \/>\n<\/br><br \/>\n<strong>11 types de massages \u00e0 haute performance<\/strong><\/p>\n<ul>\n<li>P\u00e9trissage<\/li>\n<li>P\u00e9trissage et tapotement<\/li>\n<li>Battement<\/li>\n<li>Shiatsu<\/li>\n<li>Roulement du dos<\/li>\n<li>Tapotement<\/li>\n<li>Frappement<\/li>\n<li>P\u00e9trissage 4D<\/li>\n<li>Tapotement 4D <\/li>\n<li>P\u00e9trissage et tapotement 4D<\/li>\n<li>Shiatsu 4D <\/li>\n<\/ul>\n<p><strong>Z\u00e9ro Gravit\u00e9\u00a0<\/strong><\/br><br \/>\nLa fonctionnalit\u00e9 Z\u00e9ro Gravit\u00e9 offre un effet d\u2019apesanteur en \u00e9levant les jambes au-dessus du c\u0153ur et en positionnant la colonne vert\u00e9brale sur un plan horizontal. Z\u00e9ro Gravit\u00e9 est reconnue pour simuler une sensation de flottement et offrir un effet de relaxation.<br \/>\n<\/br><br \/>\n<\/br><\/p>\n<p><strong>Massage aux pierres chaudes pour prot\u00e9ger les intestins<\/strong><\/br><\/p>\n<p>Chauffage au graph\u00e8ne<\/br><\/p>\n<p>La zone de chauffage de la taille est augment\u00e9e, et le massage de p\u00e9trissage de la taille et du dos peut acc\u00e9l\u00e9rer la circulation sanguine du dos et soulager efficacement la douleur du dos. Th\u00e9rapie \u00e0 temp\u00e9rature constante pour atteindre 40\u00b0C-50\u00b0C en trois minutes. En automne et en hiver, les compresses chaudes favorisent la circulation sanguine des pieds, ce qui a un effet b\u00e9n\u00e9fique sur la sant\u00e9 des femmes, des personnes \u00e2g\u00e9es et des personnes frileuses.<\/p>\n<p><\/br><br \/>\n<\/br><\/p>\n<p><strong>Manipulateur de massage 4D \u00e0 suspension pneumatique<\/strong><\/br><\/p>\n<p>Compar\u00e9 au mouvement 4D traditionnel (liaison \u00e0 trois axes), il est plus souple, et la force est similaire \u00e0 la rigidit\u00e9 et \u00e0 la douceur du Taiji. Bien que la force soit concentr\u00e9e, elle a \u00e9galement un effet d&rsquo;amortissement. Il n&rsquo;y a pas de raideur lorsque l&rsquo;on tape, et il n&rsquo;y a pas de douleur d&rsquo;impact s\u00e9v\u00e8re. On peut dire qu&rsquo;il y a de la douceur, une forte p\u00e9n\u00e9tration, de la douceur au milieu, du confort et de la s\u00e9curit\u00e9.<\/p>\n<p><\/br><br \/>\n<\/br><\/p>\n<p><strong>Sac atmosph\u00e9rique flexible pour tout le corps, enveloppement en douceur<\/strong><\/br><\/p>\n<p>La capsule atmosph\u00e9rique flexible couvre les \u00e9paules, le cou, les mains, les jambes, les pieds et l&rsquo;ensemble du corps, et les vagues sont serr\u00e9es, lib\u00e9rant les \u00e9paules du corps fatigu\u00e9, serrant les mains, le c\u00f4t\u00e9 des jambes, les pieds et les chevilles, et les airbags du corps entier sont envelopp\u00e9s dans un soin doux et serr\u00e9. R\u00e9glage de la force \u00e0 plusieurs vitesses.<\/p>\n<p><\/br><br \/>\n<\/br><\/p>\n<p><strong>Exp\u00e9rience de massage p\u00e9dicure professionnel<\/strong><\/br><\/p>\n<p>T\u00e9lescopique pour les mollets : En fonction de la taille des diff\u00e9rents utilisateurs, l&rsquo;\u00e9chafaudage du massage du mollet peut \u00eatre ajust\u00e9 \u00e0 volont\u00e9, avec une expansion maximale d&rsquo;environ 16 cm pour assurer un massage de proximit\u00e9. La plante du pied adopte le massage par grattage, le massage des points convexes du ventre de la jambe, l&rsquo;imitation de la pression du technicien de massage, la pression et d&rsquo;autres m\u00e9thodes professionnelles de massage des pieds, afin que vous puissiez profiter d&rsquo;un test de massage professionnel de la t\u00eate aux pieds. Sur\u00e9levez vos jambes \u00e0 l&rsquo;aide d&rsquo;une barre de connexion pour profiter d&rsquo;une position de massage plus confortable.<\/p>\n<p><\/br><br \/>\n<\/br><\/p>\n<p><strong>Une exp\u00e9rience de massage musicale immersive<\/strong><\/br><\/p>\n<p>Les c\u00f4t\u00e9s gauche et droit du fauteuil de massage sont \u00e9quip\u00e9s d&rsquo;un bo\u00eetier audio HIFI. Haut-parleur Bluetooth, musique d&rsquo;ambiance, profitez de la musique et cr\u00e9ez une atmosph\u00e8re de massage confortable. La musique d&rsquo;aide au sommeil cr\u00e9e une atmosph\u00e8re confortable, vous permettant de vous livrer \u00e0 une exp\u00e9rience de massage confortable et relaxante.<\/p>\n<p><\/br><br \/>\n<\/br><\/p>\n<p><strong>Panneau de contr\u00f4le 7 pouces<\/strong><\/br><\/p>\n<p>Chargement rapide de 18 W, touches de raccourci faciles \u00e0 utiliser, interface de chargement rapide USB en un seul clic.<\/p>\n<p><\/br><\/br><\/p>\n","protected":false},"excerpt":{"rendered":"<p>Chaise de massage IC9400-4D Exp\u00e9rience de massage envoutant La chaise de massage iComfort\u2122 IC9400-4D offre un massage complet qui couvre plusieurs parties de votre corps. 11 types de massages \u00e0 haute performance P\u00e9trissage P\u00e9trissage et tapotement Battement Shiatsu Roulement du dos Tapotement Frappement P\u00e9trissage 4D Tapotement 4D P\u00e9trissage et tapotement 4D Shiatsu 4D Z\u00e9ro Gravit\u00e9\u00a0 [&hellip;]<\/p>\n","protected":false},"featured_media":1052,"template":"","meta":{"_acf_changed":false},"product_brand":[],"product_cat":[102],"product_tag":[],"class_list":{"0":"post-1035","1":"product","2":"type-product","3":"status-publish","4":"has-post-thumbnail","6":"product_cat-chaises-de-massage","8":"first","9":"instock","10":"shipping-taxable","11":"purchasable","12":"product-type-simple"},"acf":[],"yoast_head":"<!-- This site is optimized with the Yoast SEO plugin v27.5 - https:\/\/yoast.com\/product\/yoast-seo-wordpress\/ -->\n<title>IC9400-4D | EBI iComfort<\/title>\n<meta name=\"robots\" content=\"index, follow, max-snippet:-1, max-image-preview:large, max-video-preview:-1\" \/>\n<link rel=\"canonical\" href=\"https:\/\/www.icomfort.ca\/fr\/produit\/ic9400-4d\/\" \/>\n<meta property=\"og:locale\" content=\"fr_FR\" \/>\n<meta property=\"og:type\" content=\"article\" \/>\n<meta property=\"og:title\" content=\"IC9400-4D | EBI iComfort\" \/>\n<meta property=\"og:description\" content=\"Chaise de massage IC9400-4D Exp\u00e9rience de massage envoutant La chaise de massage iComfort\u2122 IC9400-4D offre un massage complet qui couvre plusieurs parties de votre corps. 11 types de massages \u00e0 haute performance P\u00e9trissage P\u00e9trissage et tapotement Battement Shiatsu Roulement du dos Tapotement Frappement P\u00e9trissage 4D Tapotement 4D P\u00e9trissage et tapotement 4D Shiatsu 4D Z\u00e9ro Gravit\u00e9\u00a0 [&hellip;]\" \/>\n<meta property=\"og:url\" content=\"https:\/\/www.icomfort.ca\/fr\/produit\/ic9400-4d\/\" \/>\n<meta property=\"og:site_name\" content=\"EBI iComfort\" \/>\n<meta property=\"article:modified_time\" content=\"2023-11-20T20:06:54+00:00\" \/>\n<meta property=\"og:image\" content=\"https:\/\/www.icomfort.ca\/wp-content\/uploads\/2023\/11\/iC9400-3D_1-1.png\" \/>\n\t<meta property=\"og:image:width\" content=\"1000\" \/>\n\t<meta property=\"og:image:height\" content=\"1000\" \/>\n\t<meta property=\"og:image:type\" content=\"image\/png\" \/>\n<meta name=\"twitter:card\" content=\"summary_large_image\" \/>\n<meta name=\"twitter:label1\" content=\"Dur\u00e9e de lecture estim\u00e9e\" \/>\n\t<meta name=\"twitter:data1\" content=\"3 minutes\" \/>\n<script type=\"application\/ld+json\" class=\"yoast-schema-graph\">{\"@context\":\"https:\\\/\\\/schema.org\",\"@graph\":[{\"@type\":\"WebPage\",\"@id\":\"https:\\\/\\\/www.icomfort.ca\\\/fr\\\/produit\\\/ic9400-4d\\\/\",\"url\":\"https:\\\/\\\/www.icomfort.ca\\\/fr\\\/produit\\\/ic9400-4d\\\/\",\"name\":\"IC9400-4D | EBI iComfort\",\"isPartOf\":{\"@id\":\"https:\\\/\\\/www.icomfort.ca\\\/fr\\\/#website\"},\"primaryImageOfPage\":{\"@id\":\"https:\\\/\\\/www.icomfort.ca\\\/fr\\\/produit\\\/ic9400-4d\\\/#primaryimage\"},\"image\":{\"@id\":\"https:\\\/\\\/www.icomfort.ca\\\/fr\\\/produit\\\/ic9400-4d\\\/#primaryimage\"},\"thumbnailUrl\":\"https:\\\/\\\/www.icomfort.ca\\\/wp-content\\\/uploads\\\/2023\\\/11\\\/iC9400-3D_1-1.png\",\"datePublished\":\"2023-11-15T21:33:20+00:00\",\"dateModified\":\"2023-11-20T20:06:54+00:00\",\"breadcrumb\":{\"@id\":\"https:\\\/\\\/www.icomfort.ca\\\/fr\\\/produit\\\/ic9400-4d\\\/#breadcrumb\"},\"inLanguage\":\"fr-FR\",\"potentialAction\":[{\"@type\":\"ReadAction\",\"target\":[\"https:\\\/\\\/www.icomfort.ca\\\/fr\\\/produit\\\/ic9400-4d\\\/\"]}]},{\"@type\":\"ImageObject\",\"inLanguage\":\"fr-FR\",\"@id\":\"https:\\\/\\\/www.icomfort.ca\\\/fr\\\/produit\\\/ic9400-4d\\\/#primaryimage\",\"url\":\"https:\\\/\\\/www.icomfort.ca\\\/wp-content\\\/uploads\\\/2023\\\/11\\\/iC9400-3D_1-1.png\",\"contentUrl\":\"https:\\\/\\\/www.icomfort.ca\\\/wp-content\\\/uploads\\\/2023\\\/11\\\/iC9400-3D_1-1.png\",\"width\":1000,\"height\":1000},{\"@type\":\"BreadcrumbList\",\"@id\":\"https:\\\/\\\/www.icomfort.ca\\\/fr\\\/produit\\\/ic9400-4d\\\/#breadcrumb\",\"itemListElement\":[{\"@type\":\"ListItem\",\"position\":1,\"name\":\"Accueil\",\"item\":\"https:\\\/\\\/www.icomfort.ca\\\/fr\\\/home\\\/\"},{\"@type\":\"ListItem\",\"position\":2,\"name\":\"Chaises de massage\",\"item\":\"https:\\\/\\\/www.icomfort.ca\\\/fr\\\/categorie-produit\\\/chaises-de-massage\\\/\"},{\"@type\":\"ListItem\",\"position\":3,\"name\":\"IC9400-4D\"}]},{\"@type\":\"WebSite\",\"@id\":\"https:\\\/\\\/www.icomfort.ca\\\/fr\\\/#website\",\"url\":\"https:\\\/\\\/www.icomfort.ca\\\/fr\\\/\",\"name\":\"EBI iComfort\",\"description\":\"Escape to a place of pure bliss\",\"publisher\":{\"@id\":\"https:\\\/\\\/www.icomfort.ca\\\/fr\\\/#organization\"},\"potentialAction\":[{\"@type\":\"SearchAction\",\"target\":{\"@type\":\"EntryPoint\",\"urlTemplate\":\"https:\\\/\\\/www.icomfort.ca\\\/fr\\\/?s={search_term_string}\"},\"query-input\":{\"@type\":\"PropertyValueSpecification\",\"valueRequired\":true,\"valueName\":\"search_term_string\"}}],\"inLanguage\":\"fr-FR\"},{\"@type\":\"Organization\",\"@id\":\"https:\\\/\\\/www.icomfort.ca\\\/fr\\\/#organization\",\"name\":\"EBI iComfort\",\"url\":\"https:\\\/\\\/www.icomfort.ca\\\/fr\\\/\",\"logo\":{\"@type\":\"ImageObject\",\"inLanguage\":\"fr-FR\",\"@id\":\"https:\\\/\\\/www.icomfort.ca\\\/fr\\\/#\\\/schema\\\/logo\\\/image\\\/\",\"url\":\"https:\\\/\\\/www.icomfort.ca\\\/wp-content\\\/uploads\\\/2019\\\/10\\\/logo-icomfort.png\",\"contentUrl\":\"https:\\\/\\\/www.icomfort.ca\\\/wp-content\\\/uploads\\\/2019\\\/10\\\/logo-icomfort.png\",\"width\":177,\"height\":115,\"caption\":\"EBI iComfort\"},\"image\":{\"@id\":\"https:\\\/\\\/www.icomfort.ca\\\/fr\\\/#\\\/schema\\\/logo\\\/image\\\/\"}}]}<\/script>\n<!-- \/ Yoast SEO plugin. -->","yoast_head_json":{"title":"IC9400-4D | EBI iComfort","robots":{"index":"index","follow":"follow","max-snippet":"max-snippet:-1","max-image-preview":"max-image-preview:large","max-video-preview":"max-video-preview:-1"},"canonical":"https:\/\/www.icomfort.ca\/fr\/produit\/ic9400-4d\/","og_locale":"fr_FR","og_type":"article","og_title":"IC9400-4D | EBI iComfort","og_description":"Chaise de massage IC9400-4D Exp\u00e9rience de massage envoutant La chaise de massage iComfort\u2122 IC9400-4D offre un massage complet qui couvre plusieurs parties de votre corps. 11 types de massages \u00e0 haute performance P\u00e9trissage P\u00e9trissage et tapotement Battement Shiatsu Roulement du dos Tapotement Frappement P\u00e9trissage 4D Tapotement 4D P\u00e9trissage et tapotement 4D Shiatsu 4D Z\u00e9ro Gravit\u00e9\u00a0 [&hellip;]","og_url":"https:\/\/www.icomfort.ca\/fr\/produit\/ic9400-4d\/","og_site_name":"EBI iComfort","article_modified_time":"2023-11-20T20:06:54+00:00","og_image":[{"width":1000,"height":1000,"url":"https:\/\/www.icomfort.ca\/wp-content\/uploads\/2023\/11\/iC9400-3D_1-1.png","type":"image\/png"}],"twitter_card":"summary_large_image","twitter_misc":{"Dur\u00e9e de lecture estim\u00e9e":"3 minutes"},"schema":{"@context":"https:\/\/schema.org","@graph":[{"@type":"WebPage","@id":"https:\/\/www.icomfort.ca\/fr\/produit\/ic9400-4d\/","url":"https:\/\/www.icomfort.ca\/fr\/produit\/ic9400-4d\/","name":"IC9400-4D | EBI iComfort","isPartOf":{"@id":"https:\/\/www.icomfort.ca\/fr\/#website"},"primaryImageOfPage":{"@id":"https:\/\/www.icomfort.ca\/fr\/produit\/ic9400-4d\/#primaryimage"},"image":{"@id":"https:\/\/www.icomfort.ca\/fr\/produit\/ic9400-4d\/#primaryimage"},"thumbnailUrl":"https:\/\/www.icomfort.ca\/wp-content\/uploads\/2023\/11\/iC9400-3D_1-1.png","datePublished":"2023-11-15T21:33:20+00:00","dateModified":"2023-11-20T20:06:54+00:00","breadcrumb":{"@id":"https:\/\/www.icomfort.ca\/fr\/produit\/ic9400-4d\/#breadcrumb"},"inLanguage":"fr-FR","potentialAction":[{"@type":"ReadAction","target":["https:\/\/www.icomfort.ca\/fr\/produit\/ic9400-4d\/"]}]},{"@type":"ImageObject","inLanguage":"fr-FR","@id":"https:\/\/www.icomfort.ca\/fr\/produit\/ic9400-4d\/#primaryimage","url":"https:\/\/www.icomfort.ca\/wp-content\/uploads\/2023\/11\/iC9400-3D_1-1.png","contentUrl":"https:\/\/www.icomfort.ca\/wp-content\/uploads\/2023\/11\/iC9400-3D_1-1.png","width":1000,"height":1000},{"@type":"BreadcrumbList","@id":"https:\/\/www.icomfort.ca\/fr\/produit\/ic9400-4d\/#breadcrumb","itemListElement":[{"@type":"ListItem","position":1,"name":"Accueil","item":"https:\/\/www.icomfort.ca\/fr\/home\/"},{"@type":"ListItem","position":2,"name":"Chaises de massage","item":"https:\/\/www.icomfort.ca\/fr\/categorie-produit\/chaises-de-massage\/"},{"@type":"ListItem","position":3,"name":"IC9400-4D"}]},{"@type":"WebSite","@id":"https:\/\/www.icomfort.ca\/fr\/#website","url":"https:\/\/www.icomfort.ca\/fr\/","name":"EBI iComfort","description":"Escape to a place of pure bliss","publisher":{"@id":"https:\/\/www.icomfort.ca\/fr\/#organization"},"potentialAction":[{"@type":"SearchAction","target":{"@type":"EntryPoint","urlTemplate":"https:\/\/www.icomfort.ca\/fr\/?s={search_term_string}"},"query-input":{"@type":"PropertyValueSpecification","valueRequired":true,"valueName":"search_term_string"}}],"inLanguage":"fr-FR"},{"@type":"Organization","@id":"https:\/\/www.icomfort.ca\/fr\/#organization","name":"EBI iComfort","url":"https:\/\/www.icomfort.ca\/fr\/","logo":{"@type":"ImageObject","inLanguage":"fr-FR","@id":"https:\/\/www.icomfort.ca\/fr\/#\/schema\/logo\/image\/","url":"https:\/\/www.icomfort.ca\/wp-content\/uploads\/2019\/10\/logo-icomfort.png","contentUrl":"https:\/\/www.icomfort.ca\/wp-content\/uploads\/2019\/10\/logo-icomfort.png","width":177,"height":115,"caption":"EBI iComfort"},"image":{"@id":"https:\/\/www.icomfort.ca\/fr\/#\/schema\/logo\/image\/"}}]}},"post_mailing_queue_ids":[],"_links":{"self":[{"href":"https:\/\/www.icomfort.ca\/fr\/wp-json\/wp\/v2\/product\/1035","targetHints":{"allow":["GET"]}}],"collection":[{"href":"https:\/\/www.icomfort.ca\/fr\/wp-json\/wp\/v2\/product"}],"about":[{"href":"https:\/\/www.icomfort.ca\/fr\/wp-json\/wp\/v2\/types\/product"}],"wp:featuredmedia":[{"embeddable":true,"href":"https:\/\/www.icomfort.ca\/fr\/wp-json\/wp\/v2\/media\/1052"}],"wp:attachment":[{"href":"https:\/\/www.icomfort.ca\/fr\/wp-json\/wp\/v2\/media?parent=1035"}],"wp:term":[{"taxonomy":"product_brand","embeddable":true,"href":"https:\/\/www.icomfort.ca\/fr\/wp-json\/wp\/v2\/product_brand?post=1035"},{"taxonomy":"product_cat","embeddable":true,"href":"https:\/\/www.icomfort.ca\/fr\/wp-json\/wp\/v2\/product_cat?post=1035"},{"taxonomy":"product_tag","embeddable":true,"href":"https:\/\/www.icomfort.ca\/fr\/wp-json\/wp\/v2\/product_tag?post=1035"}],"curies":[{"name":"wp","href":"https:\/\/api.w.org\/{rel}","templated":true}]}}