{"id":1017,"date":"2021-05-05T17:19:37","date_gmt":"2021-05-05T17:19:37","guid":{"rendered":"https:\/\/www.icomfort.ca\/?post_type=product&#038;p=1017"},"modified":"2025-09-11T13:54:44","modified_gmt":"2025-09-11T13:54:44","slug":"ic1150-bei-fr","status":"publish","type":"product","link":"https:\/\/www.icomfort.ca\/fr\/produit\/ic1150-bei-fr\/","title":{"rendered":"IC9500-BEI"},"content":{"rendered":"<h3>Chaise de massage iComfort\u00ae IC9500<\/h3>\n<p><strong>5 types de massage haute performance\u00a0<\/strong><\/p>\n<ul>\n<li>P\u00e9trissage<\/li>\n<li>Frapper<\/li>\n<li>Rouler le dos<\/li>\n<li>Tapoter<\/li>\n<li>Shaitsu<\/li>\n<\/ul>\n<p><strong>Massage thermique pour le dos<\/strong><\/p>\n<p>S\u00e9lectionnez la fonction chaleur pour une sensation de confort et de chaleur.<\/p>\n<p><strong>Z\u00e9ro Gravit\u00e9<\/strong><\/p>\n<p>La fonction Z\u00e9ro Gravit\u00e9 minimise la tension vert\u00e9brale en \u00e9levant les jambes au-dessus du c\u0153ur et en positionnant la colonne vert\u00e9brale \u00e0 l&rsquo;horizontale. La Z\u00e9ro Gravit\u00e9 est reconnue comme une position de pression r\u00e9duite simulant une sensation de flottement.<\/p>\n<p><strong>Syst\u00e8me de massage \u00e0 6 t\u00eates<\/strong><\/p>\n<p>M\u00e9canisme de massage rotatif \u00e0 6 t\u00eates pour une simulation fluide des mouvements du poignet.<\/p>\n<p><strong>Syst\u00e8me de massage unique en forme de L<\/strong><\/p>\n<p>Le m\u00e9canisme de massage unique de l&rsquo;iComfort\u2122 IC9500 Lotus masse de la nuque aux fesses en un seul mouvement. Le r\u00e9alisme du massage est ainsi consid\u00e9rablement am\u00e9lior\u00e9.<\/p>\n<p><strong>Massage des mollets et des pieds<\/strong><\/p>\n<p>De nombreux coussins d&rsquo;air sur les c\u00f4t\u00e9s, \u00e0 l&rsquo;arri\u00e8re des jambes et aux pieds se gonflent pour un massage par compression. Des billes de pression situ\u00e9es sous le masseur de pieds procurent un massage concentr\u00e9 et pr\u00e9cis.<\/p>\n<p><strong>Lumi\u00e8re LED d\u00e9corative<\/strong><\/p>\n<p>La lumi\u00e8re LED d\u00e9corative sur le c\u00f4t\u00e9 rehausse l&rsquo;esth\u00e9tique du fauteuil de massage.<\/p>\n<p><strong>D\u00e9placement de massage r\u00e9glable<\/strong><\/p>\n<p>La section de massage des pieds peut \u00eatre ajust\u00e9e \u00e0 votre taille.<\/p>\n<p><strong>Technologie gain de place<\/strong><\/p>\n<p>Ce fauteuil de massage occupe moins de 5 cm d&rsquo;espace par rapport au mur arri\u00e8re en le d\u00e9pla\u00e7ant d&rsquo;abord vers l&rsquo;avant puis vers l&rsquo;arri\u00e8re lors de l&rsquo;activation. Il r\u00e9sout facilement le probl\u00e8me majeur des autres fauteuils de massage n\u00e9cessitant jusqu&rsquo;\u00e0 100 cm. Inutile de d\u00e9placer le fauteuil\u00a0! Vous pouvez le positionner comme un meuble classique\u00a0!<\/p>\n<p><strong>Chargeur USB<\/strong><\/p>\n<p>Pour plus de commodit\u00e9, un port de charge est disponible sur le c\u00f4t\u00e9 droit de l&rsquo;accoudoir.<\/p>\n<p><strong>Fonction Bluetooth avec haut-parleurs<\/strong><\/p>\n<p>Allumez le lecteur audio de votre appareil intelligent et profitez de votre musique pr\u00e9f\u00e9r\u00e9e sur les haut-parleurs du fauteuil tout en vous faisant masser gr\u00e2ce \u00e0 la fonction Bluetooth.<\/p>\n<p><strong>T\u00e9l\u00e9commande facile \u00e0 utiliser<\/strong><\/p>\n<p>L&rsquo;iComfort\u2122 IC9500 Lotus est \u00e9quip\u00e9 d&rsquo;une nouvelle t\u00e9l\u00e9commande facile \u00e0 utiliser.<\/p>\n","protected":false},"excerpt":{"rendered":"<p>Chaise de massage iComfort\u00ae IC9500 5 types de massage haute performance\u00a0 P\u00e9trissage Frapper Rouler le dos Tapoter Shaitsu Massage thermique pour le dos S\u00e9lectionnez la fonction chaleur pour une sensation de confort et de chaleur. Z\u00e9ro Gravit\u00e9 La fonction Z\u00e9ro Gravit\u00e9 minimise la tension vert\u00e9brale en \u00e9levant les jambes au-dessus du c\u0153ur et en positionnant [&hellip;]<\/p>\n","protected":false},"featured_media":1011,"template":"","meta":{"_acf_changed":false},"product_brand":[],"product_cat":[102],"product_tag":[],"class_list":{"0":"post-1017","1":"product","2":"type-product","3":"status-publish","4":"has-post-thumbnail","6":"product_cat-chaises-de-massage","8":"first","9":"instock","10":"shipping-taxable","11":"purchasable","12":"product-type-simple"},"acf":[],"yoast_head":"<!-- This site is optimized with the Yoast SEO plugin v27.5 - https:\/\/yoast.com\/product\/yoast-seo-wordpress\/ -->\n<title>IC9500-BEI | EBI iComfort<\/title>\n<meta name=\"robots\" content=\"index, follow, max-snippet:-1, max-image-preview:large, max-video-preview:-1\" \/>\n<link rel=\"canonical\" href=\"https:\/\/www.icomfort.ca\/fr\/produit\/ic1150-bei-fr\/\" \/>\n<meta property=\"og:locale\" content=\"fr_FR\" \/>\n<meta property=\"og:type\" content=\"article\" \/>\n<meta property=\"og:title\" content=\"IC9500-BEI | EBI iComfort\" \/>\n<meta property=\"og:description\" content=\"Chaise de massage iComfort\u00ae IC9500 5 types de massage haute performance\u00a0 P\u00e9trissage Frapper Rouler le dos Tapoter Shaitsu Massage thermique pour le dos S\u00e9lectionnez la fonction chaleur pour une sensation de confort et de chaleur. Z\u00e9ro Gravit\u00e9 La fonction Z\u00e9ro Gravit\u00e9 minimise la tension vert\u00e9brale en \u00e9levant les jambes au-dessus du c\u0153ur et en positionnant [&hellip;]\" \/>\n<meta property=\"og:url\" content=\"https:\/\/www.icomfort.ca\/fr\/produit\/ic1150-bei-fr\/\" \/>\n<meta property=\"og:site_name\" content=\"EBI iComfort\" \/>\n<meta property=\"article:modified_time\" content=\"2025-09-11T13:54:44+00:00\" \/>\n<meta property=\"og:image\" content=\"https:\/\/www.icomfort.ca\/wp-content\/uploads\/2019\/08\/IC9500-beige.jpg\" \/>\n\t<meta property=\"og:image:width\" content=\"1000\" \/>\n\t<meta property=\"og:image:height\" content=\"1000\" \/>\n\t<meta property=\"og:image:type\" content=\"image\/jpeg\" \/>\n<meta name=\"twitter:card\" content=\"summary_large_image\" \/>\n<meta name=\"twitter:label1\" content=\"Dur\u00e9e de lecture estim\u00e9e\" \/>\n\t<meta name=\"twitter:data1\" content=\"2 minutes\" \/>\n<script type=\"application\/ld+json\" class=\"yoast-schema-graph\">{\"@context\":\"https:\\\/\\\/schema.org\",\"@graph\":[{\"@type\":\"WebPage\",\"@id\":\"https:\\\/\\\/www.icomfort.ca\\\/fr\\\/produit\\\/ic1150-bei-fr\\\/\",\"url\":\"https:\\\/\\\/www.icomfort.ca\\\/fr\\\/produit\\\/ic1150-bei-fr\\\/\",\"name\":\"IC9500-BEI | EBI iComfort\",\"isPartOf\":{\"@id\":\"https:\\\/\\\/www.icomfort.ca\\\/fr\\\/#website\"},\"primaryImageOfPage\":{\"@id\":\"https:\\\/\\\/www.icomfort.ca\\\/fr\\\/produit\\\/ic1150-bei-fr\\\/#primaryimage\"},\"image\":{\"@id\":\"https:\\\/\\\/www.icomfort.ca\\\/fr\\\/produit\\\/ic1150-bei-fr\\\/#primaryimage\"},\"thumbnailUrl\":\"https:\\\/\\\/www.icomfort.ca\\\/wp-content\\\/uploads\\\/2019\\\/08\\\/IC9500-beige.jpg\",\"datePublished\":\"2021-05-05T17:19:37+00:00\",\"dateModified\":\"2025-09-11T13:54:44+00:00\",\"breadcrumb\":{\"@id\":\"https:\\\/\\\/www.icomfort.ca\\\/fr\\\/produit\\\/ic1150-bei-fr\\\/#breadcrumb\"},\"inLanguage\":\"fr-FR\",\"potentialAction\":[{\"@type\":\"ReadAction\",\"target\":[\"https:\\\/\\\/www.icomfort.ca\\\/fr\\\/produit\\\/ic1150-bei-fr\\\/\"]}]},{\"@type\":\"ImageObject\",\"inLanguage\":\"fr-FR\",\"@id\":\"https:\\\/\\\/www.icomfort.ca\\\/fr\\\/produit\\\/ic1150-bei-fr\\\/#primaryimage\",\"url\":\"https:\\\/\\\/www.icomfort.ca\\\/wp-content\\\/uploads\\\/2019\\\/08\\\/IC9500-beige.jpg\",\"contentUrl\":\"https:\\\/\\\/www.icomfort.ca\\\/wp-content\\\/uploads\\\/2019\\\/08\\\/IC9500-beige.jpg\",\"width\":1000,\"height\":1000},{\"@type\":\"BreadcrumbList\",\"@id\":\"https:\\\/\\\/www.icomfort.ca\\\/fr\\\/produit\\\/ic1150-bei-fr\\\/#breadcrumb\",\"itemListElement\":[{\"@type\":\"ListItem\",\"position\":1,\"name\":\"Accueil\",\"item\":\"https:\\\/\\\/www.icomfort.ca\\\/fr\\\/home\\\/\"},{\"@type\":\"ListItem\",\"position\":2,\"name\":\"Chaises de massage\",\"item\":\"https:\\\/\\\/www.icomfort.ca\\\/fr\\\/categorie-produit\\\/chaises-de-massage\\\/\"},{\"@type\":\"ListItem\",\"position\":3,\"name\":\"IC9500-BEI\"}]},{\"@type\":\"WebSite\",\"@id\":\"https:\\\/\\\/www.icomfort.ca\\\/fr\\\/#website\",\"url\":\"https:\\\/\\\/www.icomfort.ca\\\/fr\\\/\",\"name\":\"EBI iComfort\",\"description\":\"Escape to a place of pure bliss\",\"publisher\":{\"@id\":\"https:\\\/\\\/www.icomfort.ca\\\/fr\\\/#organization\"},\"potentialAction\":[{\"@type\":\"SearchAction\",\"target\":{\"@type\":\"EntryPoint\",\"urlTemplate\":\"https:\\\/\\\/www.icomfort.ca\\\/fr\\\/?s={search_term_string}\"},\"query-input\":{\"@type\":\"PropertyValueSpecification\",\"valueRequired\":true,\"valueName\":\"search_term_string\"}}],\"inLanguage\":\"fr-FR\"},{\"@type\":\"Organization\",\"@id\":\"https:\\\/\\\/www.icomfort.ca\\\/fr\\\/#organization\",\"name\":\"EBI iComfort\",\"url\":\"https:\\\/\\\/www.icomfort.ca\\\/fr\\\/\",\"logo\":{\"@type\":\"ImageObject\",\"inLanguage\":\"fr-FR\",\"@id\":\"https:\\\/\\\/www.icomfort.ca\\\/fr\\\/#\\\/schema\\\/logo\\\/image\\\/\",\"url\":\"https:\\\/\\\/www.icomfort.ca\\\/wp-content\\\/uploads\\\/2019\\\/10\\\/logo-icomfort.png\",\"contentUrl\":\"https:\\\/\\\/www.icomfort.ca\\\/wp-content\\\/uploads\\\/2019\\\/10\\\/logo-icomfort.png\",\"width\":177,\"height\":115,\"caption\":\"EBI iComfort\"},\"image\":{\"@id\":\"https:\\\/\\\/www.icomfort.ca\\\/fr\\\/#\\\/schema\\\/logo\\\/image\\\/\"}}]}<\/script>\n<!-- \/ Yoast SEO plugin. -->","yoast_head_json":{"title":"IC9500-BEI | EBI iComfort","robots":{"index":"index","follow":"follow","max-snippet":"max-snippet:-1","max-image-preview":"max-image-preview:large","max-video-preview":"max-video-preview:-1"},"canonical":"https:\/\/www.icomfort.ca\/fr\/produit\/ic1150-bei-fr\/","og_locale":"fr_FR","og_type":"article","og_title":"IC9500-BEI | EBI iComfort","og_description":"Chaise de massage iComfort\u00ae IC9500 5 types de massage haute performance\u00a0 P\u00e9trissage Frapper Rouler le dos Tapoter Shaitsu Massage thermique pour le dos S\u00e9lectionnez la fonction chaleur pour une sensation de confort et de chaleur. Z\u00e9ro Gravit\u00e9 La fonction Z\u00e9ro Gravit\u00e9 minimise la tension vert\u00e9brale en \u00e9levant les jambes au-dessus du c\u0153ur et en positionnant [&hellip;]","og_url":"https:\/\/www.icomfort.ca\/fr\/produit\/ic1150-bei-fr\/","og_site_name":"EBI iComfort","article_modified_time":"2025-09-11T13:54:44+00:00","og_image":[{"width":1000,"height":1000,"url":"https:\/\/www.icomfort.ca\/wp-content\/uploads\/2019\/08\/IC9500-beige.jpg","type":"image\/jpeg"}],"twitter_card":"summary_large_image","twitter_misc":{"Dur\u00e9e de lecture estim\u00e9e":"2 minutes"},"schema":{"@context":"https:\/\/schema.org","@graph":[{"@type":"WebPage","@id":"https:\/\/www.icomfort.ca\/fr\/produit\/ic1150-bei-fr\/","url":"https:\/\/www.icomfort.ca\/fr\/produit\/ic1150-bei-fr\/","name":"IC9500-BEI | EBI iComfort","isPartOf":{"@id":"https:\/\/www.icomfort.ca\/fr\/#website"},"primaryImageOfPage":{"@id":"https:\/\/www.icomfort.ca\/fr\/produit\/ic1150-bei-fr\/#primaryimage"},"image":{"@id":"https:\/\/www.icomfort.ca\/fr\/produit\/ic1150-bei-fr\/#primaryimage"},"thumbnailUrl":"https:\/\/www.icomfort.ca\/wp-content\/uploads\/2019\/08\/IC9500-beige.jpg","datePublished":"2021-05-05T17:19:37+00:00","dateModified":"2025-09-11T13:54:44+00:00","breadcrumb":{"@id":"https:\/\/www.icomfort.ca\/fr\/produit\/ic1150-bei-fr\/#breadcrumb"},"inLanguage":"fr-FR","potentialAction":[{"@type":"ReadAction","target":["https:\/\/www.icomfort.ca\/fr\/produit\/ic1150-bei-fr\/"]}]},{"@type":"ImageObject","inLanguage":"fr-FR","@id":"https:\/\/www.icomfort.ca\/fr\/produit\/ic1150-bei-fr\/#primaryimage","url":"https:\/\/www.icomfort.ca\/wp-content\/uploads\/2019\/08\/IC9500-beige.jpg","contentUrl":"https:\/\/www.icomfort.ca\/wp-content\/uploads\/2019\/08\/IC9500-beige.jpg","width":1000,"height":1000},{"@type":"BreadcrumbList","@id":"https:\/\/www.icomfort.ca\/fr\/produit\/ic1150-bei-fr\/#breadcrumb","itemListElement":[{"@type":"ListItem","position":1,"name":"Accueil","item":"https:\/\/www.icomfort.ca\/fr\/home\/"},{"@type":"ListItem","position":2,"name":"Chaises de massage","item":"https:\/\/www.icomfort.ca\/fr\/categorie-produit\/chaises-de-massage\/"},{"@type":"ListItem","position":3,"name":"IC9500-BEI"}]},{"@type":"WebSite","@id":"https:\/\/www.icomfort.ca\/fr\/#website","url":"https:\/\/www.icomfort.ca\/fr\/","name":"EBI iComfort","description":"Escape to a place of pure bliss","publisher":{"@id":"https:\/\/www.icomfort.ca\/fr\/#organization"},"potentialAction":[{"@type":"SearchAction","target":{"@type":"EntryPoint","urlTemplate":"https:\/\/www.icomfort.ca\/fr\/?s={search_term_string}"},"query-input":{"@type":"PropertyValueSpecification","valueRequired":true,"valueName":"search_term_string"}}],"inLanguage":"fr-FR"},{"@type":"Organization","@id":"https:\/\/www.icomfort.ca\/fr\/#organization","name":"EBI iComfort","url":"https:\/\/www.icomfort.ca\/fr\/","logo":{"@type":"ImageObject","inLanguage":"fr-FR","@id":"https:\/\/www.icomfort.ca\/fr\/#\/schema\/logo\/image\/","url":"https:\/\/www.icomfort.ca\/wp-content\/uploads\/2019\/10\/logo-icomfort.png","contentUrl":"https:\/\/www.icomfort.ca\/wp-content\/uploads\/2019\/10\/logo-icomfort.png","width":177,"height":115,"caption":"EBI iComfort"},"image":{"@id":"https:\/\/www.icomfort.ca\/fr\/#\/schema\/logo\/image\/"}}]}},"post_mailing_queue_ids":[],"_links":{"self":[{"href":"https:\/\/www.icomfort.ca\/fr\/wp-json\/wp\/v2\/product\/1017","targetHints":{"allow":["GET"]}}],"collection":[{"href":"https:\/\/www.icomfort.ca\/fr\/wp-json\/wp\/v2\/product"}],"about":[{"href":"https:\/\/www.icomfort.ca\/fr\/wp-json\/wp\/v2\/types\/product"}],"wp:featuredmedia":[{"embeddable":true,"href":"https:\/\/www.icomfort.ca\/fr\/wp-json\/wp\/v2\/media\/1011"}],"wp:attachment":[{"href":"https:\/\/www.icomfort.ca\/fr\/wp-json\/wp\/v2\/media?parent=1017"}],"wp:term":[{"taxonomy":"product_brand","embeddable":true,"href":"https:\/\/www.icomfort.ca\/fr\/wp-json\/wp\/v2\/product_brand?post=1017"},{"taxonomy":"product_cat","embeddable":true,"href":"https:\/\/www.icomfort.ca\/fr\/wp-json\/wp\/v2\/product_cat?post=1017"},{"taxonomy":"product_tag","embeddable":true,"href":"https:\/\/www.icomfort.ca\/fr\/wp-json\/wp\/v2\/product_tag?post=1017"}],"curies":[{"name":"wp","href":"https:\/\/api.w.org\/{rel}","templated":true}]}}